{"id":17038,"date":"2026-04-20T03:15:42","date_gmt":"2026-04-20T00:15:42","guid":{"rendered":"https:\/\/kasskoer.ee\/product\/sams-field-natural-snack-light-koeramaius-200g-2\/"},"modified":"2026-04-20T03:15:43","modified_gmt":"2026-04-20T00:15:43","slug":"sams-field-natural-snack-light-koeramaius-200g","status":"publish","type":"product","link":"https:\/\/kasskoer.ee\/en\/toode\/sams-field-natural-snack-light-koeramaius-200g\/","title":{"rendered":"Sam&#8217;s Field Natural Snack Light koeramaius 200g"},"content":{"rendered":"<p><b>Madalama rasvasisaldusega koeramaius kaaluprobleemidega koertele.<\/b><br \/>&#13;<br \/>\n<br \/>&#13;<br \/>\n<b>Koostis<\/b><br \/>&#13;<br \/>\nRiis, kana, gl\u00fckoosisiirup, l\u00f5he\u00f5li, kollageen, kuivatatud peedimass, looduslikud l\u00f5hna- ja maitseained, kuivatatud ps\u00fclliumi kest ja seemned (5 000 mg \/ kg).<br \/>&#13;<br \/>\n<br \/>&#13;<br \/>\n<b>Anal\u00fc\u00fctilised koostisosad<\/b><br \/>&#13;<br \/>\nToorvalk 15,0%, rasvasisaldus 5,5%, niiskus 17,0%, toortuhk 3,0%, toorkiud 4,5%.<\/p>\n","protected":false},"excerpt":{"rendered":"<p>Pehme koeramaius riisiga kaaluprobleemidega koertele.<\/p>\n","protected":false},"featured_media":6603,"template":"","meta":[],"product_cat":[1210,688],"product_tag":[],"class_list":{"0":"post-17038","1":"product","2":"type-product","3":"status-publish","4":"has-post-thumbnail","6":"product_cat-koerte-maiused","7":"product_cat-koerad","8":"pa_brand-sams-field","9":"pa_ean-390","10":"pa_kaal-0-200","11":"pa_tootjariik-tsehhi","13":"first","14":"instock","15":"sale","16":"taxable","17":"shipping-taxable","18":"purchasable","19":"product-type-simple"},"_links":{"self":[{"href":"https:\/\/kasskoer.ee\/en\/wp-json\/wp\/v2\/product\/17038","targetHints":{"allow":["GET"]}}],"collection":[{"href":"https:\/\/kasskoer.ee\/en\/wp-json\/wp\/v2\/product"}],"about":[{"href":"https:\/\/kasskoer.ee\/en\/wp-json\/wp\/v2\/types\/product"}],"wp:featuredmedia":[{"embeddable":true,"href":"https:\/\/kasskoer.ee\/en\/wp-json\/wp\/v2\/media\/6603"}],"wp:attachment":[{"href":"https:\/\/kasskoer.ee\/en\/wp-json\/wp\/v2\/media?parent=17038"}],"wp:term":[{"taxonomy":"product_cat","embeddable":true,"href":"https:\/\/kasskoer.ee\/en\/wp-json\/wp\/v2\/product_cat?post=17038"},{"taxonomy":"product_tag","embeddable":true,"href":"https:\/\/kasskoer.ee\/en\/wp-json\/wp\/v2\/product_tag?post=17038"}],"curies":[{"name":"wp","href":"https:\/\/api.w.org\/{rel}","templated":true}]}}