{"id":17039,"date":"2026-04-20T03:15:42","date_gmt":"2026-04-20T00:15:42","guid":{"rendered":"https:\/\/kasskoer.ee\/product\/sams-field-natural-snack-dental-care-koeramaius-200g-2\/"},"modified":"2026-04-20T03:15:43","modified_gmt":"2026-04-20T00:15:43","slug":"sams-field-natural-snack-dental-care-koeramaius-200g","status":"publish","type":"product","link":"https:\/\/kasskoer.ee\/en\/toode\/sams-field-natural-snack-dental-care-koeramaius-200g\/","title":{"rendered":"Sam&#8217;s Field Natural Snack Dental Care koeramaius 200g"},"content":{"rendered":"<p><b>Koeramaius hambakatu v\u00e4hendamiseks.<\/b><br \/>&#13;<br \/>\n<br \/>&#13;<br \/>\n<b>Koostis<\/b><br \/>&#13;<br \/>\nRiis, kanaliha, gl\u00fckoosisiirup, l\u00f5he\u00f5li, gl\u00fckoosisiirup, kollageen, naturaalsed l\u00f5hna- ja maitseained, kuivatatud klorella (5000 mg\/kg), kuivatatud nelk (600 mg\/kg).<br \/>&#13;<br \/>\n<br \/>&#13;<br \/>\n<b>Anal\u00fc\u00fctilised koostisosad<\/b><br \/>&#13;<br \/>\n5% toorvalk, 8% toorrasv, toortuhk 3 %, kiudaineid 1,5%, niiskus 17%.<br \/>&#13;<br \/>\n<br \/>&#13;<br \/>\n<b>Toitained ja lisandid 1 kg kohta<\/b><br \/>&#13;<br \/>\nTsink 45 mg, seleen 0,2 mg, biotiin 0,3 mg, kaltsiumpantotenaat 10 mg.<\/p>\n","protected":false},"excerpt":{"rendered":"<p>Pehme koeramaius riisiga suuh\u00fcgieeni tagamiseks.<\/p>\n","protected":false},"featured_media":6604,"template":"","meta":[],"product_cat":[1210,688],"product_tag":[],"class_list":{"0":"post-17039","1":"product","2":"type-product","3":"status-publish","4":"has-post-thumbnail","6":"product_cat-koerte-maiused","7":"product_cat-koerad","8":"pa_brand-sams-field","9":"pa_ean-389","10":"pa_kaal-0-200","11":"pa_tootjariik-tsehhi","13":"first","14":"instock","15":"sale","16":"taxable","17":"shipping-taxable","18":"purchasable","19":"product-type-simple"},"_links":{"self":[{"href":"https:\/\/kasskoer.ee\/en\/wp-json\/wp\/v2\/product\/17039","targetHints":{"allow":["GET"]}}],"collection":[{"href":"https:\/\/kasskoer.ee\/en\/wp-json\/wp\/v2\/product"}],"about":[{"href":"https:\/\/kasskoer.ee\/en\/wp-json\/wp\/v2\/types\/product"}],"wp:featuredmedia":[{"embeddable":true,"href":"https:\/\/kasskoer.ee\/en\/wp-json\/wp\/v2\/media\/6604"}],"wp:attachment":[{"href":"https:\/\/kasskoer.ee\/en\/wp-json\/wp\/v2\/media?parent=17039"}],"wp:term":[{"taxonomy":"product_cat","embeddable":true,"href":"https:\/\/kasskoer.ee\/en\/wp-json\/wp\/v2\/product_cat?post=17039"},{"taxonomy":"product_tag","embeddable":true,"href":"https:\/\/kasskoer.ee\/en\/wp-json\/wp\/v2\/product_tag?post=17039"}],"curies":[{"name":"wp","href":"https:\/\/api.w.org\/{rel}","templated":true}]}}