{"id":17040,"date":"2026-04-20T03:15:42","date_gmt":"2026-04-20T00:15:42","guid":{"rendered":"https:\/\/kasskoer.ee\/product\/select-hypoallergenic-koeratoit-10-kg-2\/"},"modified":"2026-04-20T03:15:43","modified_gmt":"2026-04-20T00:15:43","slug":"select-hypoallergenic-koeratoit-10-kg","status":"publish","type":"product","link":"https:\/\/kasskoer.ee\/en\/toode\/select-hypoallergenic-koeratoit-10-kg\/","title":{"rendered":"Select Hypoallergenic koeratoit 10 kg"},"content":{"rendered":"<p><b>Select Hypoallergenic super-premium pardilihaga toit allergia probleemidega igas vanuses koertele.<\/b><br \/> Select Diet Hypoallergenic on veterinaaride poolt v\u00e4lja t\u00f6\u00f6tatud toode, mis on m\u00f5eldud eriti tundlikele koertele, v\u00e4ltimaks erinevaid allergilisi reaktsioone.<\/p>\n<ul>\n<li>P\u00f5hineb \u00fchel loomsel valguallikal.<\/li>\n<li>85% toidust koosneb ainult 2-st komponendist.<\/li>\n<li>Sisaldab MOS ja FOS prebiootikume, mis soodustavad soolestiku tervist.<\/li>\n<li>Immuunsuse tugevdamiseks sisaldab rohelist teed ja C-vitamiini.<\/li>\n<\/ul>\n<p>&#13;<br \/>\n<b>Koostis<\/b><br \/> Riis 48%, deh\u00fcdreetud pardiliha 28%, pardirasv 8%, peediviljaliha, jaanikaun, h\u00fcdroliseeritud part (1%), krill (1%), p\u00e4rmid, mineraalid, prebiootikum MOS (0,1%), prebiootikum FOS (0,05%), roheline tee 200mg\/kg.<br \/>&#13;<br \/>\n<br \/> &#13;<br \/>\n<b>Anal\u00fc\u00fctiline koostis<\/b><br \/>&#13;<br \/>\nToorvalk 24%, toorrasv 15%, anorgaaniline aine 6,9%, toorkiud 2%, oomega-3 rasvhapped 0,32%, linoolhape 3,2%.<br \/>&#13;<br \/>\n<br \/> &#13;<br \/>\n<b>Toitainelised lisandid 1kg kohta<\/b><br \/> Vitamiin A 22 500 UI, vitamiin D3 1 800 UI, vitamiin E 110 mg, vitamiin C 35mg, raud 20mg, jood 1,5mg, vask (vaskkelaat) 5mg, vask (vask(II)sulfaatpentah\u00fcdraat) 5mg, mangaan (mangaani kelaat) 4mg, mangaan (mangaansulfaat monoh\u00fcdraat) 8mg, tsink (tsinksulfaat monoh\u00fcdraat) 80mg, tsink (tsink kelaat) 40mg, seleen (kaetud granuleeritud naatriumseleniidina) 0,1mg, seleen (seleniseeritud p\u00e4rm Saccharomyces cerevisiae NCYC R397, inaktiveeritud) 0,2mg.  <br \/>&#13;<br \/>\n<br \/> &#13;<br \/>\n<b>Toitmisjuhend<\/b><br \/>&#13;<br \/>\nAnda loomale vastavalt tabelis soovitatud kogusele. V\u00e4rske vesi peab alati olema saadaval.<br \/>&#13;<br \/>\nP\u00e4rast kasutamist sulgege pakend kindlalt. Hoida jahedas ja kuivas kohas.<\/p>\n","protected":false},"excerpt":{"rendered":"<p>Select t\u00e4istoit allergiaprobleemidega koertele pardilihaga.<\/p>\n","protected":false},"featured_media":6605,"template":"","meta":[],"product_cat":[688,64],"product_tag":[],"class_list":{"0":"post-17040","1":"product","2":"type-product","3":"status-publish","4":"has-post-thumbnail","6":"product_cat-koerad","7":"product_cat-koeratoit","8":"pa_brand-select","9":"pa_ean-401","10":"pa_kaal-10-000","11":"pa_tootjariik-hispaania","13":"first","14":"instock","15":"taxable","16":"shipping-taxable","17":"purchasable","18":"product-type-simple"},"_links":{"self":[{"href":"https:\/\/kasskoer.ee\/en\/wp-json\/wp\/v2\/product\/17040","targetHints":{"allow":["GET"]}}],"collection":[{"href":"https:\/\/kasskoer.ee\/en\/wp-json\/wp\/v2\/product"}],"about":[{"href":"https:\/\/kasskoer.ee\/en\/wp-json\/wp\/v2\/types\/product"}],"wp:featuredmedia":[{"embeddable":true,"href":"https:\/\/kasskoer.ee\/en\/wp-json\/wp\/v2\/media\/6605"}],"wp:attachment":[{"href":"https:\/\/kasskoer.ee\/en\/wp-json\/wp\/v2\/media?parent=17040"}],"wp:term":[{"taxonomy":"product_cat","embeddable":true,"href":"https:\/\/kasskoer.ee\/en\/wp-json\/wp\/v2\/product_cat?post=17040"},{"taxonomy":"product_tag","embeddable":true,"href":"https:\/\/kasskoer.ee\/en\/wp-json\/wp\/v2\/product_tag?post=17040"}],"curies":[{"name":"wp","href":"https:\/\/api.w.org\/{rel}","templated":true}]}}