{"id":17041,"date":"2026-04-20T03:15:42","date_gmt":"2026-04-20T00:15:42","guid":{"rendered":"https:\/\/kasskoer.ee\/product\/select-professional-starter-koeratoit-18-kg-2\/"},"modified":"2026-04-20T03:15:43","modified_gmt":"2026-04-20T00:15:43","slug":"select-professional-starter-koeratoit-18-kg","status":"publish","type":"product","link":"https:\/\/kasskoer.ee\/en\/toode\/select-professional-starter-koeratoit-18-kg\/","title":{"rendered":"Select Professional Starter koeratoit 18 kg"},"content":{"rendered":"<p><strong>Select Professional Starter koeratoit kanaliha ja riisiga kuni kahekuustele kutsikatele ja tiinetele koertele tiinuse viimasel kolmandikul ja imetamise ajal.<\/strong><\/p>\n<p>T\u00e4iuslik antioks\u00fcdantide koostis, mis aitab \u00e4ra hoida organismi kulumist ja rakkude oks\u00fcdeerumist. Toidu j\u00e4tkuv kasutamine soosib kaitsefunktsioonide ja immuuns\u00fcsteemi kaitset, et tagada nende igap\u00e4evane vajadus. Ideaalne koostis esimesteks elukuudeks ja kutsikate kasvule. Sobib ka tiinetele koertele ja imetamise ajal. Spetsiaalselt v\u00e4lja t\u00f6\u00f6tatud koera k\u00f5ige n\u00f5udlikumate vajaduste rahuldamiseks. Gluteeni ja GMO vaba.<\/p>\n<p><strong>Koostis<\/strong><br \/>Kanaliha (39%), valge riis, kanarasv (13,7%), pruun riis, peedimass, p\u00e4rmid, h\u00fcdrol\u00fc\u00fcsitud kana (1,5%), kala\u00f5li, mineraalid, tomatipulber, Krill, Pimiento ekstrakt, Prebiootilised MOS ja FOS, Yucca ekstrakt, roheline tee, \u00f5un, j\u00f5hvikas, beeta-gl\u00fckaanid, gl\u00fckoosamiin, MSM, kondroitiinsulfaat, rohelise huulega rannakarp, piparm\u00fcnt, mustikas, leedrimari, Goji mari, ingver, salvei, sarapuu seemned, rosmariini ekstrakt.<\/p>\n<p><strong>Anal\u00fc\u00fctiline koostis<\/strong><br \/>Toorvalk 31%, \u00f5lid ja rasvad 21%, toorkiud 2%, toortuhk 7%, kaltsium 1,4%, fosfor 0,93%, naatrium 0,31%.<br \/>&nbsp;<\/p>\n","protected":false},"excerpt":{"rendered":"<p>Select Professional t\u00e4isv\u00e4\u00e4rtuslik toit kanaliha ja riisiga kuni 2 kuu vanustele kutsikatele ja tiinetele ning imetavatele koertele.<\/p>\n","protected":false},"featured_media":6606,"template":"","meta":[],"product_cat":[688,64],"product_tag":[],"class_list":{"0":"post-17041","1":"product","2":"type-product","3":"status-publish","4":"has-post-thumbnail","6":"product_cat-koerad","7":"product_cat-koeratoit","8":"pa_brand-select","9":"pa_ean-398","10":"pa_kaal-18-000","11":"pa_tootjariik-hispaania","13":"first","14":"instock","15":"taxable","16":"shipping-taxable","17":"purchasable","18":"product-type-simple"},"_links":{"self":[{"href":"https:\/\/kasskoer.ee\/en\/wp-json\/wp\/v2\/product\/17041","targetHints":{"allow":["GET"]}}],"collection":[{"href":"https:\/\/kasskoer.ee\/en\/wp-json\/wp\/v2\/product"}],"about":[{"href":"https:\/\/kasskoer.ee\/en\/wp-json\/wp\/v2\/types\/product"}],"wp:featuredmedia":[{"embeddable":true,"href":"https:\/\/kasskoer.ee\/en\/wp-json\/wp\/v2\/media\/6606"}],"wp:attachment":[{"href":"https:\/\/kasskoer.ee\/en\/wp-json\/wp\/v2\/media?parent=17041"}],"wp:term":[{"taxonomy":"product_cat","embeddable":true,"href":"https:\/\/kasskoer.ee\/en\/wp-json\/wp\/v2\/product_cat?post=17041"},{"taxonomy":"product_tag","embeddable":true,"href":"https:\/\/kasskoer.ee\/en\/wp-json\/wp\/v2\/product_tag?post=17041"}],"curies":[{"name":"wp","href":"https:\/\/api.w.org\/{rel}","templated":true}]}}