{"id":17045,"date":"2026-04-20T03:15:42","date_gmt":"2026-04-20T00:15:42","guid":{"rendered":"https:\/\/kasskoer.ee\/product\/brit-premium-chicken-chunks-in-gravy-margtoit-kassipoegadele-100g-2\/"},"modified":"2026-04-20T03:15:43","modified_gmt":"2026-04-20T00:15:43","slug":"brit-premium-chicken-chunks-in-gravy-margtoit-kassipoegadele-100g","status":"publish","type":"product","link":"https:\/\/kasskoer.ee\/en\/toode\/brit-premium-chicken-chunks-in-gravy-margtoit-kassipoegadele-100g\/","title":{"rendered":"Brit Premium Chicken Chunks in Gravy m\u00e4rgtoit kassipoegadele 100g"},"content":{"rendered":"<p><b>Kassipoegadele m\u00f5eldud t\u00fckid kanaga kastmes.<\/b>  Premium m\u00e4rg-t\u00e4iss\u00f6\u00f6t kassipoegadele.&#13;<\/p>\n<li>V\u00e4ikesed pehmed t\u00fckid alla 12 kuu vanustele kassipoegadele.<\/li>\n<p>&#13;<\/p>\n<li>T\u00fckkide suurus ja konsistents sobivad ideaalselt kassipoegade l\u00f5ualuude jaoks.<\/li>\n<p>&#13;<\/p>\n<li>Suurep\u00e4rane t\u00e4iendus kuivtoidule.<\/li>\n<p>&#13;<\/p>\n<li>Ei sisalda toiduv\u00e4rve ega s\u00e4ilitusaineid.<\/li>\n<p>&#13;<br \/>\n<br \/>&#13;<br \/>\n<b>Koostis<\/b><br \/>&#13;<br \/>\n80% liha ja loomsed saadused t\u00fckkidena (36% kana), 7% kala ja kalasaadused t\u00fckkidena, taimset p\u00e4ritolu saadused, mineraalained.<br \/>&#13;<br \/>\n<br \/>&#13;<br \/>\n<b>Anal\u00fc\u00fctiline koostis<\/b><br \/>&#13;<br \/>\nToorvalk 9,5%, toorrasv 5,0%, toortuhk 2,5%, toorkiud 0,4%, niiskus 81%.<br \/>&#13;<br \/>\n<br \/>&#13;<br \/>\n<b>S\u00f6\u00f6dalisandid (1 kg kohta)<\/b><br \/>&#13;<br \/>\nToitainelised lisandid: Vitamiin D\u2083 (3a671) 160 R\u00dc, vitamiin E (3a700) 100 mg, tsink (3b605) 10 mg, mangaan (3b502) 2 mg, jood (3b202) 0,2 mg, vask (3b405) 1,2 mg, tauriin (3a370) 520 mg, biotiin (3a880) 0,1 mg.<br \/>&#13;<br \/>\n<br \/>&#13;<br \/>\n<b>S\u00f6\u00f6tmisjuhis<\/b><br \/>&#13;<br \/>\nV\u00e4rske joogivesi peab olema alati saadaval. Serveeri toatemperatuuril.&#13;<br \/>\nP\u00e4rast avamist hoia k\u00fclmkapis ja kasuta \u00e4ra 2 p\u00e4eva jooksul.<\/p>\n","protected":false},"excerpt":{"rendered":"<p>Brit Premium pehmete kanat\u00fckkidega einekotike kassipoegadele.<\/p>\n","protected":false},"featured_media":6611,"template":"","meta":[],"product_cat":[689,33],"product_tag":[],"class_list":{"0":"post-17045","1":"product","2":"type-product","3":"status-publish","4":"has-post-thumbnail","6":"product_cat-kassid","7":"product_cat-konservid-kassidele","8":"pa_brand-brit-premium","9":"pa_ean-210","10":"pa_kaal-0-100","11":"pa_tootjariik-tsehhi","13":"first","14":"instock","15":"taxable","16":"shipping-taxable","17":"purchasable","18":"product-type-simple"},"_links":{"self":[{"href":"https:\/\/kasskoer.ee\/en\/wp-json\/wp\/v2\/product\/17045","targetHints":{"allow":["GET"]}}],"collection":[{"href":"https:\/\/kasskoer.ee\/en\/wp-json\/wp\/v2\/product"}],"about":[{"href":"https:\/\/kasskoer.ee\/en\/wp-json\/wp\/v2\/types\/product"}],"wp:featuredmedia":[{"embeddable":true,"href":"https:\/\/kasskoer.ee\/en\/wp-json\/wp\/v2\/media\/6611"}],"wp:attachment":[{"href":"https:\/\/kasskoer.ee\/en\/wp-json\/wp\/v2\/media?parent=17045"}],"wp:term":[{"taxonomy":"product_cat","embeddable":true,"href":"https:\/\/kasskoer.ee\/en\/wp-json\/wp\/v2\/product_cat?post=17045"},{"taxonomy":"product_tag","embeddable":true,"href":"https:\/\/kasskoer.ee\/en\/wp-json\/wp\/v2\/product_tag?post=17045"}],"curies":[{"name":"wp","href":"https:\/\/api.w.org\/{rel}","templated":true}]}}