{"id":17047,"date":"2026-04-20T03:15:42","date_gmt":"2026-04-20T00:15:42","guid":{"rendered":"https:\/\/kasskoer.ee\/product\/brit-premium-beef-stew-peas-margtoit-kassidele-100g-2\/"},"modified":"2026-04-20T03:15:44","modified_gmt":"2026-04-20T00:15:44","slug":"brit-premium-beef-stew-peas-margtoit-kassidele-100g","status":"publish","type":"product","link":"https:\/\/kasskoer.ee\/en\/toode\/brit-premium-beef-stew-peas-margtoit-kassidele-100g\/","title":{"rendered":"Brit Premium Beef Stew &#038; Peas m\u00e4rgtoit kassidele 100g"},"content":{"rendered":"<p><b>T\u00e4iskasvanud kassidele m\u00f5eldud t\u00fckid loomalihahautise ja hernestega kastmes.<\/b> Premium m\u00e4rg-t\u00e4iss\u00f6\u00f6t t\u00e4iskasvanud kassidele.<br \/>&#13;<br \/>\n<br \/>&#13;<br \/>\n<b>Koostis<\/b><br \/>&#13;<br \/>\n87% liha ja loomseid saaduseid t\u00fckkidena (13% veis), taimset p\u00e4ritolu saadused (0,4% inuliin), k\u00f6\u00f6giviljad (4% herned), mineraalained.<br \/>&#13;<br \/>\n<br \/>&#13;<br \/>\n<b>Anal\u00fc\u00fctiline koostis<\/b><br \/>&#13;<br \/>\nToorvalk 8,5%, toorrasv 4,5%, toortuhk 2,5%, toorkiud 0,4%, niiskus 82%.<br \/>&#13;<br \/>\n<br \/>&#13;<br \/>\n<b>S\u00f6\u00f6dalisandid (1 kg kohta)<\/b><br \/>&#13;<br \/>\nToitainelised lisandid: Vitamiin D\u2083 (3a671) 160 R\u00dc, vitamiin E (3a700) 100 mg, tsink (3b605) 10 mg, mangaan (3b502) 2 mg, jood (3b202) 0,2 mg, vask (3b405) 1,2 mg, tauriin (3a370) 520 mg, biotiin (3a880) 0,1 mg.<br \/>&#13;<br \/>\n<br \/>&#13;<br \/>\n<b>S\u00f6\u00f6tmisjuhis<\/b><br \/>&#13;<br \/>\nV\u00e4rske joogivesi peab olema alati saadaval. Serveeri toatemperatuuril.&#13;<br \/>\nP\u00e4rast avamist hoia k\u00fclmkapis ja kasuta \u00e4ra 2 p\u00e4eva jooksul.<\/p>\n","protected":false},"excerpt":{"rendered":"<p>Brit Premium loomalihahautise ja hernestega einekotike t\u00e4iskasvanud kassidele.<\/p>\n","protected":false},"featured_media":6613,"template":"","meta":[],"product_cat":[689,33],"product_tag":[],"class_list":{"0":"post-17047","1":"product","2":"type-product","3":"status-publish","4":"has-post-thumbnail","6":"product_cat-kassid","7":"product_cat-konservid-kassidele","8":"pa_brand-brit-premium","9":"pa_ean-176","10":"pa_kaal-0-100","11":"pa_tootjariik-tsehhi","13":"first","14":"instock","15":"taxable","16":"shipping-taxable","17":"purchasable","18":"product-type-simple"},"_links":{"self":[{"href":"https:\/\/kasskoer.ee\/en\/wp-json\/wp\/v2\/product\/17047","targetHints":{"allow":["GET"]}}],"collection":[{"href":"https:\/\/kasskoer.ee\/en\/wp-json\/wp\/v2\/product"}],"about":[{"href":"https:\/\/kasskoer.ee\/en\/wp-json\/wp\/v2\/types\/product"}],"wp:featuredmedia":[{"embeddable":true,"href":"https:\/\/kasskoer.ee\/en\/wp-json\/wp\/v2\/media\/6613"}],"wp:attachment":[{"href":"https:\/\/kasskoer.ee\/en\/wp-json\/wp\/v2\/media?parent=17047"}],"wp:term":[{"taxonomy":"product_cat","embeddable":true,"href":"https:\/\/kasskoer.ee\/en\/wp-json\/wp\/v2\/product_cat?post=17047"},{"taxonomy":"product_tag","embeddable":true,"href":"https:\/\/kasskoer.ee\/en\/wp-json\/wp\/v2\/product_tag?post=17047"}],"curies":[{"name":"wp","href":"https:\/\/api.w.org\/{rel}","templated":true}]}}