{"id":17048,"date":"2026-04-20T03:15:42","date_gmt":"2026-04-20T00:15:42","guid":{"rendered":"https:\/\/kasskoer.ee\/product\/canvit-chondro-super-toidulisand-koertele-500g-2\/"},"modified":"2026-04-20T03:15:44","modified_gmt":"2026-04-20T00:15:44","slug":"canvit-chondro-super-toidulisand-koertele-500g","status":"publish","type":"product","link":"https:\/\/kasskoer.ee\/en\/toode\/canvit-chondro-super-toidulisand-koertele-500g\/","title":{"rendered":"Canvit Chondro Super toidulisand koertele 500g"},"content":{"rendered":"<p><b>Canvit Chondro Super on liigese jaoks toitainete allikas taastumiseks, kaitseks ja liikuvuse parendamiseks.<\/b> Rikastatud toimeainetega, mis v\u00e4hendavad p\u00f5letikku, leevendavad valu ning toetavad kahjustatud v\u00f5i tugevalt koormatud liigeseid aktiivsetel koertel ja haiguse ajal.<br \/> Liigesek\u00f5hrel on piiratud eluiga. Vanusega hakkab see lagunema ja kahjustuma. Tagades vajalike toitainete olemasolu on v\u00f5imalik lagunemist aeglustada ja selle taastumisv\u00f5imet parandada.<br \/>&#13;<\/p>\n<li>Gl\u00fckoosamiinsulfaat stimuleerib kondrots\u00fc\u00fctide ainevahetust ja aeglustab k\u00f5hre degeneratsiooni.<\/li>\n<p>&#13;<\/p>\n<li>Kondroitiinsulfaat seob vett, s\u00e4ilitab k\u00f5hre elastsuse ja blokeerib k\u00f5hre kahjustavaid ens\u00fc\u00fcme.<\/li>\n<p>&#13;<\/p>\n<li>MSM on orgaaniliselt seotud v\u00e4\u00e4vli allikas ning sellel on tugevad p\u00f5letikuvastased ja analgeetilised omadused.<\/li>\n<p>&#13;<\/p>\n<li>H\u00fcaluroonhape suurendab k\u00f5hre viskoossust, v\u00e4hendab p\u00f5letikku ja parandab liikuvust.<\/li>\n<p>&#13;<\/p>\n<li>C -vitamiin on vajalik kollageeni ainevahetuseks ja kaitseb rakke oks\u00fcdatiivsete kahjustuste eest.<\/li>\n<p>&#13;<br \/>\n<br \/>&#13;<br \/>\n<b>Juhised<\/b><br \/>&#13;<br \/>\nS\u00f6\u00f6da tablette otse k\u00e4est v\u00f5i purustatuna toidu sees 2-3 kuu jooksul.<br \/>&#13;<br \/>\nEsimese 2 n\u00e4dala jooksul on soovitatav kahekordne annus.<br \/>&#13;<br \/>\n<br \/>&#13;<br \/>\n<b>Soovitatav p\u00e4evane annus<\/b><br \/>&#13;<br \/>\n1 tablett 15 kg kehakaalu kohta.<br \/>&#13;<br \/>\n<br \/>&#13;<br \/>\n<b>Koostis<\/b><br \/>&#13;<br \/>\nLaktoos, gl\u00fckoosamiin (167,000 mg\/kg), tselluloos, kondroitiinsulfaat (68,000 mg\/kg), h\u00fcdrol\u00fc\u00fcsitud maks, met\u00fc\u00fclsulfon\u00fc\u00fclmetaan (50,000 mg\/kg), h\u00fcaluroonhape (5,000 mg\/kg).<br \/>&#13;<br \/>\n<br \/>&#13;<br \/>\n<b>Anal\u00fc\u00fctilised koostisosad<\/b><br \/>&#13;<br \/>\nToorvalk 7,01%, toorrasv 2,07%, niiskus 9,04%, toortuhk 6,95%, toorkiud 5,5%, kaltsium 0,2%, fosfor 0,1%, naatrium 0,01%. <br \/>&#13;<br \/>\n<br \/>&#13;<br \/>\n<b>S\u00f6\u00f6dalisandid<\/b><br \/>&#13;<br \/>\nToitainelised lisandid: C-vitamiin (3a312) 5,000 mg.<br \/>&#13;<br \/>\nTehnoloogilised lisandid: Kaltsiumstearaat 25g.&#13;<br \/>\n<br \/>&#13;<br \/>\n<br \/>&#13;<br \/>\n<b>Toitainelised lisandid kg kohta<\/b><br \/>&#13;<br \/>\nC-vitamiin (3a312) 5,000 mg.<\/p>\n","protected":false},"excerpt":{"rendered":"<p>Canvit toidulisand keskmist ja suurt t\u00f5ugu koerte liigestele.<\/p>\n","protected":false},"featured_media":14118,"template":"","meta":[],"product_cat":[1318,688],"product_tag":[],"class_list":{"0":"post-17048","1":"product","2":"type-product","3":"status-publish","4":"has-post-thumbnail","6":"product_cat-koerte-toidulisandid","7":"product_cat-koerad","8":"pa_brand-canvit","9":"pa_ean-2513","10":"pa_kaal-0-500","11":"pa_tootjariik-tsehhi","13":"first","14":"instock","15":"taxable","16":"shipping-taxable","17":"purchasable","18":"product-type-simple"},"_links":{"self":[{"href":"https:\/\/kasskoer.ee\/en\/wp-json\/wp\/v2\/product\/17048","targetHints":{"allow":["GET"]}}],"collection":[{"href":"https:\/\/kasskoer.ee\/en\/wp-json\/wp\/v2\/product"}],"about":[{"href":"https:\/\/kasskoer.ee\/en\/wp-json\/wp\/v2\/types\/product"}],"wp:featuredmedia":[{"embeddable":true,"href":"https:\/\/kasskoer.ee\/en\/wp-json\/wp\/v2\/media\/14118"}],"wp:attachment":[{"href":"https:\/\/kasskoer.ee\/en\/wp-json\/wp\/v2\/media?parent=17048"}],"wp:term":[{"taxonomy":"product_cat","embeddable":true,"href":"https:\/\/kasskoer.ee\/en\/wp-json\/wp\/v2\/product_cat?post=17048"},{"taxonomy":"product_tag","embeddable":true,"href":"https:\/\/kasskoer.ee\/en\/wp-json\/wp\/v2\/product_tag?post=17048"}],"curies":[{"name":"wp","href":"https:\/\/api.w.org\/{rel}","templated":true}]}}