{"id":17050,"date":"2026-04-20T03:15:42","date_gmt":"2026-04-20T00:15:42","guid":{"rendered":"https:\/\/kasskoer.ee\/product\/select-mobility-koeratoit-2-kg-2\/"},"modified":"2026-04-20T03:15:44","modified_gmt":"2026-04-20T00:15:44","slug":"select-mobility-koeratoit-2-kg","status":"publish","type":"product","link":"https:\/\/kasskoer.ee\/en\/toode\/select-mobility-koeratoit-2-kg\/","title":{"rendered":"Select Mobility koeratoit 2 kg"},"content":{"rendered":"<p><b>Select Mobility super-premium toit kanalihaga probleemsete liigestega t\u00e4iskasvanud koertele.<\/b><br \/> Select Diet Mobility on veterinaaride poolt v\u00e4lja t\u00f6\u00f6tatud toode, mis on m\u00f5eldud liigesevaeguste all kannatavatele koertele ja ka aktiivsete koerte v\u00f5imalike liigeseprobleemide ennetamiseks.<\/p>\n<ul>\n<li>Sisaldab gl\u00fckoosamiini ja kondroitiini, mis aitavad v\u00e4hendada liigesevalu.<\/li>\n<li>Orgaaniline tsink ja E-vitamiin aitavad v\u00e4hendada liigeste p\u00f5letikku ja j\u00e4ikust.<\/li>\n<li>DHA toetab liigeste tervist ja aitab v\u00e4hendada k\u00f5hre kulumist.<\/li>\n<li>MSM toetab k\u00f5hrede tervist.<\/li>\n<li>Rohelise rannakarbi ekstrakt toetab liigeste kudesid ning on p\u00f5letikuvastase toimega.<\/li>\n<li>L-karnitiin aitab hoida kaalu kontrolli all.<\/li>\n<\/ul>\n<p>&#13;<br \/>\n<b>Koostis<\/b><br \/> Deh\u00fcdreeritud kanaliha 26%, riis 26%, mais, kanarasv, maisivalk, peedi viljaliha, herned, jaanikaun, h\u00fcdrol\u00fc\u00fcsitud kana, krill, p\u00e4rmi ekstrakt, mineraalid, prebiootikum MOS, gl\u00fckoosamiin 500mg\/kg, MSM 200mg\/kg, kondroitiinsulfaat 150mg\/kg, t\u00e4\u00e4kliilia ekstrakt 200mg\/kg, roheline rannakarp 25mg\/kg, roheline tee.<br \/>&#13;<br \/>\n<br \/> &#13;<br \/>\n<b>Anal\u00fc\u00fctiline koostis<\/b><br \/>&#13;<br \/>\nToorvalk 26%, toorrasv 15%, anorgaaniline aine 7,7%, toorkiud 2%, DHA 4800mg\/kg.<br \/>&#13;<br \/>\n<br \/> &#13;<br \/>\n<b>S\u00f6\u00f6dalisandid<\/b><br \/> Vitamiin A 22 500 UI, vitamiin D3 1 800 UI, vitamiin E 160 mg, vitamiin C 35mg, L-karnitiin 100mg, raud 20mg, jood 1,51mg, vask (vaskkelaat) 5mg, vask (vask(II)sulfaatpentah\u00fcdraat) 5mg, mangaan (mangaani kelaat) 4mg, mangaan (mangaansulfaat monoh\u00fcdraat) 8mg, tsink (tsinksulfaat monoh\u00fcdraat) 80mg, tsink (tsink kelaat) 90mg, seleen (kaetud granuleeritud naatriumseleniidina) 0,1mg, seleen (seleniseeritud p\u00e4rm Saccharomyces cerevisiae NCYC R397, inaktiveeritud) 0,2mg.  <br \/>&#13;<br \/>\n<br \/> &#13;<br \/>\n<b>Toitmisjuhend<\/b><br \/>&#13;<br \/>\nAnda loomale vastavalt tabelis soovitatud kogusele. V\u00e4rske vesi peab alati olema saadaval.<br \/>&#13;<br \/>\nP\u00e4rast kasutamist sulgege pakend kindlalt. Hoida jahedas ja kuivas kohas.<\/p>\n","protected":false},"excerpt":{"rendered":"<p>Select t\u00e4istoit t\u00e4iskasvanud liigeseprobleemidega koertele kanalihaga.<\/p>\n","protected":false},"featured_media":6620,"template":"","meta":[],"product_cat":[688,64],"product_tag":[],"class_list":{"0":"post-17050","1":"product","2":"type-product","3":"status-publish","4":"has-post-thumbnail","6":"product_cat-koerad","7":"product_cat-koeratoit","8":"pa_brand-select","9":"pa_ean-404","10":"pa_kaal-2-000","11":"pa_tootjariik-hispaania","13":"first","14":"instock","15":"taxable","16":"shipping-taxable","17":"purchasable","18":"product-type-simple"},"_links":{"self":[{"href":"https:\/\/kasskoer.ee\/en\/wp-json\/wp\/v2\/product\/17050","targetHints":{"allow":["GET"]}}],"collection":[{"href":"https:\/\/kasskoer.ee\/en\/wp-json\/wp\/v2\/product"}],"about":[{"href":"https:\/\/kasskoer.ee\/en\/wp-json\/wp\/v2\/types\/product"}],"wp:featuredmedia":[{"embeddable":true,"href":"https:\/\/kasskoer.ee\/en\/wp-json\/wp\/v2\/media\/6620"}],"wp:attachment":[{"href":"https:\/\/kasskoer.ee\/en\/wp-json\/wp\/v2\/media?parent=17050"}],"wp:term":[{"taxonomy":"product_cat","embeddable":true,"href":"https:\/\/kasskoer.ee\/en\/wp-json\/wp\/v2\/product_cat?post=17050"},{"taxonomy":"product_tag","embeddable":true,"href":"https:\/\/kasskoer.ee\/en\/wp-json\/wp\/v2\/product_tag?post=17050"}],"curies":[{"name":"wp","href":"https:\/\/api.w.org\/{rel}","templated":true}]}}