{"id":17053,"date":"2026-04-20T03:15:42","date_gmt":"2026-04-20T00:15:42","guid":{"rendered":"https:\/\/kasskoer.ee\/product\/select-veterinary-diets-skin-coat-koeratoit-2-kg-2\/"},"modified":"2026-04-20T03:15:44","modified_gmt":"2026-04-20T00:15:44","slug":"select-dermatologic-koeratoit-2-kg","status":"publish","type":"product","link":"https:\/\/kasskoer.ee\/en\/toode\/select-dermatologic-koeratoit-2-kg\/","title":{"rendered":"Select Dermatologic koeratoit 2 kg"},"content":{"rendered":"<p><b>Select Dermatologic super-premium valge kala ja krilliga toit naha- ja karvaprobleemidega t\u00e4iskasvanud koertele.<\/b><br \/> Select Diet Dermatologic on veterinaaride poolt v\u00e4lja t\u00f6\u00f6tatud toit, mis on m\u00f5eldud eriti tundlikele koertele, kellel on naha\u00e4rritused, s\u00fcgelus, karvalangus v\u00f5i tundlik nahk.&#13;<\/p>\n<li>Sisaldab rikkalikult olulisi rasvhappeid: linoolhapet ning EPA ja DHA happeid, mis p\u00e4rinevad krillist ja l\u00f5he\u00f5list ning aitavad reguleerida raku p\u00f5letikuprotsesse ning toetavad limaskestade ja naha tervist.<\/li>\n<p>&#13;<\/p>\n<li>Biotiin aitab s\u00e4ilitada naha ja karvade tervist.<\/li>\n<p>&#13;<\/p>\n<li>P\u00e4rmide ja teiste koostisosade kaudu lisatud B-r\u00fchma vitamiinid toetavad tervet nahka ja tugevat karvkatet.<\/li>\n<p>&#13;<br \/>\n<b>Koostis<\/b><br \/>&#13;<br \/>\nDeh\u00fcdreeritud valge kala (26%), riis (26%), mais, krill (6%), kanarasv, l\u00f5he\u00f5li, peedi viljaliha, jaanikaun, h\u00fcdrol\u00fc\u00fcsitud loomavalgud, mineraalained, p\u00e4rm (Saccharomyces cerevisiae), mannan-oligosahhariidid (MOS), ingver.<br \/>&#13;<br \/>\n<br \/> &#13;<br \/>\n<b>Anal\u00fc\u00fctiline koostis<\/b><br \/>&#13;<br \/>\nToorvalk 26%, toorrasv 15%, anorgaaniline aine 7%, toorkiud 1,6%, linoolhape 25 g\/kg, eikosapentaeenhappe (EPA) ja dokosaheksaeenhappe (DHA) summa 3,5 g\/kg.<br \/>&#13;<br \/>\n<br \/> &#13;<br \/>\n<b>S\u00f6\u00f6dalisandid (kg kohta)<\/b><br \/> &#13;<br \/>\nToitainelised lisandid: A-vitamiin 22500 R\u00dc, D3-vitamiin 1800 R\u00dc, E-vitamiin 110 R\u00dc, DL-metioniin 1089 mg, biotiin 8,45 mg, raud (raud(II)sulfaat, monoh\u00fcdraat) 20 mg, jood (kaaliumjodaat) 1,51 mg, vask (vask(II)sulfaat, pentah\u00fcdraat) 5 mg, vask (metioniini h\u00fcdroks\u00fcanalogi kelaat) 5 mg, mangaan (metioniini h\u00fcdroks\u00fcanalogi kelaat) 4 mg, mangaan (mangaan(II)sulfaat, monoh\u00fcdraat) 8 mg, tsink (tsinksulfaat, monoh\u00fcdraat) 80 mg, tsink (metioniini h\u00fcdroks\u00fcanalogi kelaat) 40 mg, seleen (kaetud graanuldatud naatriumseleniit) 0,1 mg, seleen (seleenp\u00e4rm Saccharomyces cerevisiae NCYC R397, inaktiveeritud) 0,2 mg. Antioks\u00fcdandid: tokoferooliderikas taime\u00f5liekstrakt.<br \/>&#13;<br \/>\n<br \/> &#13;<br \/>\n<b>Toitmisjuhend<\/b><br \/>&#13;<br \/>\nAnda loomale vastavalt tabelis soovitatud kogusele. V\u00e4rske vesi peab alati olema saadaval.<br \/>&#13;<br \/>\nP\u00e4rast kasutamist sulgege pakend kindlalt. Hoida jahedas ja kuivas kohas.<\/p>\n","protected":false},"excerpt":{"rendered":"<p>Select t\u00e4istoit naha- ja karvaprobleemidega koertele valge kala ja krilliga.<\/p>\n","protected":false},"featured_media":6623,"template":"","meta":[],"product_cat":[688,64],"product_tag":[],"class_list":{"0":"post-17053","1":"product","2":"type-product","3":"status-publish","4":"has-post-thumbnail","6":"product_cat-koerad","7":"product_cat-koeratoit","8":"pa_brand-select","9":"pa_ean-406","10":"pa_kaal-2-000","11":"pa_tootjariik-hispaania","13":"first","14":"instock","15":"sale","16":"taxable","17":"shipping-taxable","18":"purchasable","19":"product-type-simple"},"_links":{"self":[{"href":"https:\/\/kasskoer.ee\/en\/wp-json\/wp\/v2\/product\/17053","targetHints":{"allow":["GET"]}}],"collection":[{"href":"https:\/\/kasskoer.ee\/en\/wp-json\/wp\/v2\/product"}],"about":[{"href":"https:\/\/kasskoer.ee\/en\/wp-json\/wp\/v2\/types\/product"}],"wp:featuredmedia":[{"embeddable":true,"href":"https:\/\/kasskoer.ee\/en\/wp-json\/wp\/v2\/media\/6623"}],"wp:attachment":[{"href":"https:\/\/kasskoer.ee\/en\/wp-json\/wp\/v2\/media?parent=17053"}],"wp:term":[{"taxonomy":"product_cat","embeddable":true,"href":"https:\/\/kasskoer.ee\/en\/wp-json\/wp\/v2\/product_cat?post=17053"},{"taxonomy":"product_tag","embeddable":true,"href":"https:\/\/kasskoer.ee\/en\/wp-json\/wp\/v2\/product_tag?post=17053"}],"curies":[{"name":"wp","href":"https:\/\/api.w.org\/{rel}","templated":true}]}}