{"id":17054,"date":"2026-04-20T03:15:42","date_gmt":"2026-04-20T00:15:42","guid":{"rendered":"https:\/\/kasskoer.ee\/product\/select-veterinary-diets-gastrointestinal-koeratoit-10-kg-2\/"},"modified":"2026-04-20T03:15:44","modified_gmt":"2026-04-20T00:15:44","slug":"select-gastrointestinal-koeratoit-10-kg","status":"publish","type":"product","link":"https:\/\/kasskoer.ee\/en\/toode\/select-gastrointestinal-koeratoit-10-kg\/","title":{"rendered":"Select Gastrointestinal koeratoit 10 kg"},"content":{"rendered":"<p><b>Select Gastrointestinal super-premium valge kala ja riisiga t\u00e4istoit seedeprobleemidega t\u00e4iskasvanud koertele.<\/b>&#13;<\/p>\n<li>Sisaldab postbiootikume ja kelaatmineraale.<\/li>\n<p>&#13;<\/p>\n<li>Kergesti seeditavad koostisosad: riis, valge kala, kanarasv, p\u00e4evalille\u00f5li ja l\u00f5he\u00f5li.<\/li>\n<p>&#13;<\/p>\n<li>Suurep\u00e4rane aroom ja maitse \u2013 aitab stimuleerida s\u00f6\u00f6giisu ka neil koertel, kellel on isutus.<\/li>\n<p>&#13;<\/p>\n<li>Retsept on rikastatud eksklusiivse kiudainete kombinatsiooniga.<\/li>\n<p>&#13;<br \/>\n<br \/>&#13;<br \/>\n<b>Koostis<\/b><br \/>&#13;<br \/>\nRiis (48%), deh\u00fcdreeritud valge kala (22%), peedi viljaliha, herned, hernevalk, kanarasv (3,7%), jaanikaun, h\u00fcdrol\u00fc\u00fcsitud loomavalgud (2%), p\u00e4evalille\u00f5li (2%), mineraalained, l\u00f5he\u00f5li (1%), p\u00e4rmi ekstraktid (postbiootikumid 0,1%), mannan-oligosahhariidid (MOS) 0,1%, kummel (0,05%), ingver (0,05%), m\u00fcnt (0,05%), t\u00e4\u00e4kliilia.<br \/>&#13;<br \/>\n<br \/> &#13;<br \/>\n<b>Anal\u00fc\u00fctiline koostis<\/b><br \/>&#13;<br \/>\nToorvalk 24%, toorrasv 10,5%, anorgaaniline aine 7,1%, toorkiud 2,7%.<br \/>&#13;<br \/>\n<br \/> &#13;<br \/>\n<b>S\u00f6\u00f6dalisandid (kg kohta)<\/b><br \/> &#13;<br \/>\nToitainelised lisandid: A-vitamiin 22500 R\u00dc, D3-vitamiin 1800 R\u00dc, E-vitamiin 110 R\u00dc, raud (raud(I)sulfaat, monoh\u00fcdraat) 20 mg, jood (kaaliumjodaat) 1,5 mg, vask (metioniini h\u00fcdroks\u00fcanalogi kelaat) 5 mg, vask (vask(II)sulfaat, pentah\u00fcdraat) 5 mg, mangaan (metioniini h\u00fcdroks\u00fcanalogi kelaat) 4 mg, mangaan (mangaan(II)sulfaat, monoh\u00fcdraat) 8 mg, tsink (tsinksulfaat, monoh\u00fcdraat) 80 mg, tsink (metioniini h\u00fcdroks\u00fcanalogi kelaat) 40 mg, seleen (kaetud graanuldatud naatriumseleniit) 0,1 mg, seleen (seleenp\u00e4rm Saccharomyces cerevisiae NCYC R397, inaktiveeritud) 0,2 mg. Antioks\u00fcdandid: tokoferooliderikas taime\u00f5liekstrakt.<br \/>&#13;<br \/>\n<br \/> &#13;<br \/>\n<b>Toitmisjuhend<\/b><br \/>&#13;<br \/>\nAnda loomale vastavalt tabelis soovitatud kogusele. V\u00e4rske vesi peab alati olema saadaval.<br \/>&#13;<br \/>\nP\u00e4rast kasutamist sulgege pakend kindlalt. Hoida jahedas ja kuivas kohas.<\/p>\n","protected":false},"excerpt":{"rendered":"<p>Select t\u00e4istoit seedeprobleemidega koertele valge kala ja riisiga.<\/p>\n","protected":false},"featured_media":6624,"template":"","meta":[],"product_cat":[688,64],"product_tag":[],"class_list":{"0":"post-17054","1":"product","2":"type-product","3":"status-publish","4":"has-post-thumbnail","6":"product_cat-koerad","7":"product_cat-koeratoit","8":"pa_brand-select","9":"pa_ean-399","10":"pa_kaal-10-000","11":"pa_tootjariik-hispaania","13":"first","14":"instock","15":"taxable","16":"shipping-taxable","17":"purchasable","18":"product-type-simple"},"_links":{"self":[{"href":"https:\/\/kasskoer.ee\/en\/wp-json\/wp\/v2\/product\/17054","targetHints":{"allow":["GET"]}}],"collection":[{"href":"https:\/\/kasskoer.ee\/en\/wp-json\/wp\/v2\/product"}],"about":[{"href":"https:\/\/kasskoer.ee\/en\/wp-json\/wp\/v2\/types\/product"}],"wp:featuredmedia":[{"embeddable":true,"href":"https:\/\/kasskoer.ee\/en\/wp-json\/wp\/v2\/media\/6624"}],"wp:attachment":[{"href":"https:\/\/kasskoer.ee\/en\/wp-json\/wp\/v2\/media?parent=17054"}],"wp:term":[{"taxonomy":"product_cat","embeddable":true,"href":"https:\/\/kasskoer.ee\/en\/wp-json\/wp\/v2\/product_cat?post=17054"},{"taxonomy":"product_tag","embeddable":true,"href":"https:\/\/kasskoer.ee\/en\/wp-json\/wp\/v2\/product_tag?post=17054"}],"curies":[{"name":"wp","href":"https:\/\/api.w.org\/{rel}","templated":true}]}}