{"id":17058,"date":"2026-04-20T03:15:42","date_gmt":"2026-04-20T00:15:42","guid":{"rendered":"https:\/\/kasskoer.ee\/product\/record-naturaalsed-varvilised-narimispulgad-koertele-100tk-600g-2\/"},"modified":"2026-04-20T03:15:44","modified_gmt":"2026-04-20T00:15:44","slug":"record-naturaalsed-varvilised-narimispulgad-koertele-100tk-600g","status":"publish","type":"product","link":"https:\/\/kasskoer.ee\/en\/toode\/record-naturaalsed-varvilised-narimispulgad-koertele-100tk-600g\/","title":{"rendered":"Record naturaalsed v\u00e4rvilised n\u00e4rimispulgad koertele 100tk 600g"},"content":{"rendered":"<p>Maitsvad n\u00e4ritavad suupisted paljudes erinevates v\u00e4rvides.&#13;<\/p>\n<li>V\u00e4ikese suurusega, sobivad ka v\u00e4ikese ja keskmise suurusega koertele.<\/li>\n<p>&#13;<\/p>\n<li>Maiuste n\u00e4rimine tugevdab hammaste ja igemete tervist.<\/li>\n<p>&#13;<\/p>\n<li>T\u00e4nu oma kujule, ulatuvad need n\u00e4rimiseks ka suu\u00f5\u00f5ne k\u00f5ige kaugematesse nurkadesse.<\/li>\n<p> &#13;<\/p>\n<li>Pakendis 100 tk.<\/li>\n<p>&#13;<br \/>\n<br \/>&#13;<br \/>\n<b>Koostis<\/b><br \/>&#13;<br \/>\nToornahk 90%, maisit\u00e4rklis 10%.&#13;<br \/>\n<br \/>&#13;<br \/>\n<br \/><b>Anal\u00fc\u00fctilised koostisosad<\/b><br \/>&#13;<br \/>\nToorproteiin 82%, toor\u00f5lid ja -rasvad 3.0%, toorkiud 1.0%, niiskus 16.0%, toortuhk 2.0%.&#13;<br \/>\n<br \/>&#13;<br \/>\n<br \/><b>S\u00f6\u00f6dalisandid<\/b><br \/>&#13;<br \/>\nV\u00e4rvained<\/p>\n","protected":false},"excerpt":{"rendered":"<p>Record naturaalsed v\u00e4rvilised n\u00e4rimispulgad koertele.<\/p>\n","protected":false},"featured_media":13922,"template":"","meta":[],"product_cat":[1332,688],"product_tag":[],"class_list":{"0":"post-17058","1":"product","2":"type-product","3":"status-publish","4":"has-post-thumbnail","6":"product_cat-koerte-narimiskondid","7":"product_cat-koerad","8":"pa_brand-record","9":"pa_ean-1766","10":"pa_kaal-0-600","11":"pa_tootjariik-hiina","13":"first","14":"instock","15":"taxable","16":"shipping-taxable","17":"purchasable","18":"product-type-simple"},"_links":{"self":[{"href":"https:\/\/kasskoer.ee\/en\/wp-json\/wp\/v2\/product\/17058","targetHints":{"allow":["GET"]}}],"collection":[{"href":"https:\/\/kasskoer.ee\/en\/wp-json\/wp\/v2\/product"}],"about":[{"href":"https:\/\/kasskoer.ee\/en\/wp-json\/wp\/v2\/types\/product"}],"wp:featuredmedia":[{"embeddable":true,"href":"https:\/\/kasskoer.ee\/en\/wp-json\/wp\/v2\/media\/13922"}],"wp:attachment":[{"href":"https:\/\/kasskoer.ee\/en\/wp-json\/wp\/v2\/media?parent=17058"}],"wp:term":[{"taxonomy":"product_cat","embeddable":true,"href":"https:\/\/kasskoer.ee\/en\/wp-json\/wp\/v2\/product_cat?post=17058"},{"taxonomy":"product_tag","embeddable":true,"href":"https:\/\/kasskoer.ee\/en\/wp-json\/wp\/v2\/product_tag?post=17058"}],"curies":[{"name":"wp","href":"https:\/\/api.w.org\/{rel}","templated":true}]}}