{"id":17064,"date":"2026-04-20T03:15:42","date_gmt":"2026-04-20T00:15:42","guid":{"rendered":"https:\/\/kasskoer.ee\/product\/brit-animals-rabbit-junior-taissoot-noortele-janestele-15-kg-2\/"},"modified":"2026-04-20T03:15:45","modified_gmt":"2026-04-20T00:15:45","slug":"brit-animals-rabbit-junior-taissoot-noortele-janestele-15-kg","status":"publish","type":"product","link":"https:\/\/kasskoer.ee\/en\/toode\/brit-animals-rabbit-junior-taissoot-noortele-janestele-15-kg\/","title":{"rendered":"Brit Animals Rabbit Junior t\u00e4iss\u00f6\u00f6t noortele j\u00e4nestele 1,5 kg"},"content":{"rendered":"<p><b>Brit Animals Rabbit Junior superpremium-t\u00e4iss\u00f6\u00f6t noortele (4\u201320 n\u00e4dalastele) k\u00fc\u00fclikutele.<\/b>&#13;<\/p>\n<li>Suurem valgu- (16%) ja rasvasisaldus (3%) tagab optimaalse kasvamise.<\/li>\n<p>&#13;<\/p>\n<li>Suurem loodusliku oomega-3 k\u00fcllastumata rasvhapete allika linaseemnete sisaldus (2%) toetab karvkatte ja n\u00e4rvis\u00fcsteemi tervist.<\/li>\n<p>&#13;<\/p>\n<li>Igak\u00fclgne vitamiinide ja toitainete sisaldus tervisliku arengu jaoks.<\/li>\n<p>&#13;<br \/>\n<br \/>&#13;<br \/>\n<b>Koostis<\/b><br \/>&#13;<br \/>\nLutsern, \u00fcrdid (n\u00f5ges, v\u00f5ilill, teeleht), oder, kuivatatud \u00f5unad, mais, nisu, porgand, linaseemned, \u00f5llep\u00e4rm, mannanoligosahhariidid (75 mg\/kg), fruktooligosahhariidid (50 mg\/kg), maarialepp (50 mg\/kg), t\u00e4\u00e4kliilia (Yucca schidigera) ekstrakt (45 mg\/kg).<br \/>&#13;<br \/>\n<br \/>&#13;<br \/>\n<b>Anal\u00fc\u00fctilised koostisosad<\/b><br \/>&#13;<br \/>\nToorvalk 16,0 %, toorrasv 3,0 %, toorkiud 20,0 %, toortuhk 8,5 %, niiskus 10,0 %, kaltsium 0,7 %, fosfor 0,4 %, naatrium 0,06 %.<br \/>&#13;<br \/>\n<br \/>&#13;<br \/>\n<b>S\u00f6\u00f6dalisandid (1 kg kohta)<\/b><br \/>&#13;<br \/>\nToitainelised lisandid: A-vitamiin 12 000 R\u00dc, D3-vitamiin 1 400 R\u00dc, E-vitamiin (alfa-tokoferool) 80 mg, C-vitamiin 80 mg, K-vitamiin 0,1 mg, B1-vitamiin 1 mg, B2-vitamiin 2 mg, B6-vitamiin 6 mg, B3-vitamiin (niatsiin) 3,5 mg, B5-vitamiin (pantoteenhape) 1 mg, B7-vitamiin (biotiin) 1 mg, B12-vitamiin 0,12 mg, foolhape 0,02 mg, koliinkloriid 200 mg, tsink 72 mg, raud 40 mg, mangaan 54 mg, vask 10 mg, jood 1,8 mg, seleen 0,21 mg, koobalt 0,1 mg.<br \/>&#13;<br \/>\n<br \/>&#13;<br \/>\n2350 kcal\/kg<br \/>&#13;<br \/>\n<br \/>&#13;<br \/>\n<b>S\u00f6\u00f6tmisjuhend<\/b><br \/>&#13;<br \/>\nK\u00fc\u00fcliku p\u00e4evane vajadus s\u00f5ltub tema suurusest, vanusest, aktiivsusest ja pidamistingimustest. Uue toidu tutvustamisel sega seda alguses senise toiduga, suurendades j\u00e4rk-j\u00e4rgult Brit\u2019i osakaalu. Paku vastavalt s\u00f6\u00f6giisule. Tagada pidev juurdep\u00e4\u00e4s v\u00e4rskele joogiveele ning heinale. Hoida jahedas ja kuivas.<\/p>\n","protected":false},"excerpt":{"rendered":"<p>Brit Animals t\u00e4iss\u00f6\u00f6t noortele k\u00fc\u00fclikutele.<\/p>\n","protected":false},"featured_media":6661,"template":"","meta":[],"product_cat":[693,3078,52],"product_tag":[],"class_list":{"0":"post-17064","1":"product","2":"type-product","3":"status-publish","4":"has-post-thumbnail","6":"product_cat-muud-loomad","7":"product_cat-narilised","8":"product_cat-nariliste-toit","9":"pa_brand-brit-animals","10":"pa_ean-62","11":"pa_kaal-1-500","12":"pa_tootjariik-tsehhi","14":"first","15":"instock","16":"taxable","17":"shipping-taxable","18":"purchasable","19":"product-type-simple"},"_links":{"self":[{"href":"https:\/\/kasskoer.ee\/en\/wp-json\/wp\/v2\/product\/17064","targetHints":{"allow":["GET"]}}],"collection":[{"href":"https:\/\/kasskoer.ee\/en\/wp-json\/wp\/v2\/product"}],"about":[{"href":"https:\/\/kasskoer.ee\/en\/wp-json\/wp\/v2\/types\/product"}],"wp:featuredmedia":[{"embeddable":true,"href":"https:\/\/kasskoer.ee\/en\/wp-json\/wp\/v2\/media\/6661"}],"wp:attachment":[{"href":"https:\/\/kasskoer.ee\/en\/wp-json\/wp\/v2\/media?parent=17064"}],"wp:term":[{"taxonomy":"product_cat","embeddable":true,"href":"https:\/\/kasskoer.ee\/en\/wp-json\/wp\/v2\/product_cat?post=17064"},{"taxonomy":"product_tag","embeddable":true,"href":"https:\/\/kasskoer.ee\/en\/wp-json\/wp\/v2\/product_tag?post=17064"}],"curies":[{"name":"wp","href":"https:\/\/api.w.org\/{rel}","templated":true}]}}