{"id":17065,"date":"2026-04-20T03:15:42","date_gmt":"2026-04-20T00:15:42","guid":{"rendered":"https:\/\/kasskoer.ee\/product\/brit-animals-rabbit-adult-taissoot-taiskasvanud-janestele-300g-2\/"},"modified":"2026-04-20T03:15:45","modified_gmt":"2026-04-20T00:15:45","slug":"brit-animals-rabbit-adult-taissoot-taiskasvanud-janestele-300g","status":"publish","type":"product","link":"https:\/\/kasskoer.ee\/en\/toode\/brit-animals-rabbit-adult-taissoot-taiskasvanud-janestele-300g\/","title":{"rendered":"Brit Animals Rabbit Adult t\u00e4iss\u00f6\u00f6t t\u00e4iskasvanud j\u00e4nestele 300g"},"content":{"rendered":"<p><b>Brit Animals Rabbit Adult superpremium-t\u00e4istoit t\u00e4iskasvanud (20-n\u00e4dalastele kuni 4-aastastele) k\u00fc\u00fclikutele.<\/b>&#13;<\/p>\n<li>Optimaalne valkude, rasva ja kiudaine vahekord tagab toidu ideaalse seeduvuse ja toitev\u00e4\u00e4rtuse t\u00e4iskasvanud loomale.<\/li>\n<p>&#13;<\/p>\n<li>Maarjaohakas toetab maksa \u00f5iget toimimist ja aitab ennetada sagedasemaid ainevahetusega seotud haigusi.<\/li>\n<p>&#13;<\/p>\n<li>Igak\u00fclgne vitamiinide ja toitainete sisaldus eluj\u00f5u ja suurep\u00e4rase vormi jaoks.<\/li>\n<p>&#13;<br \/>\n<br \/>&#13;<br \/>\n<b>Koostis<\/b><br \/>&#13;<br \/>\nLutsern, \u00fcrdid (n\u00f5ges, v\u00f5ilill, teeleht), kuivatatud \u00f5unad, oder, porgand, mais, nisu, linaseemned, \u00f5llep\u00e4rm, mannan-oligosahhariidid (75 mg\/kg), frukto-oligosahhariidid (50 mg\/kg), piimohakas (50 mg\/kg), Yucca schidigera ekstrakt (45 mg\/kg).<br \/>&#13;<br \/>\n<br \/>&#13;<br \/>\n<b>Anal\u00fc\u00fctilised koostisosad<\/b><br \/>&#13;<br \/>\nToorvalk 14,0 %, toorrasv 2,8 %, toorkiud 20,0 %, toortuhk 8,4 %, niiskus 10,0 %, kaltsium 0,7 %, fosfor 0,4 %, naatrium 0,06 %.<br \/>&#13;<br \/>\n<br \/>&#13;<br \/>\n<b>S\u00f6\u00f6dalisandid (kg kohta)<\/b><br \/>&#13;<br \/>\nToitainelised lisandid: vitamiin A10 200 R\u00dc, vitamiin D3 1 250 R\u00dc, vitamiin E (\u03b1-tokoferool) 70 mg, vitamiin C 80 mg, vitamiin K 0,1 mg, vitamiin B1 1 mg, vitamiin B2 2 mg, vitamiin B3 6 mg, vitamiin B5 3,5 mg, vitamiin B6 1 mg, vitamiin B9 0,12 mg, vitamiin B12 0,02 mg, biotiin 1 mg, koliinkloriid 200 mg, tsink 72 mg, raud 40 mg, mangaan 54 mg, vask 10 mg, jood 1,8 mg, seleen 0,21 mg.<br \/>&#13;<br \/>\n<br \/>&#13;<br \/>\n<b>Metaboliseeruv energia<\/b><br \/>&#13;<br \/>\n2300 kcal\/kg<\/p>\n","protected":false},"excerpt":{"rendered":"<p>Brit Animals t\u00e4iss\u00f6\u00f6t t\u00e4iskasvanud k\u00fc\u00fclikutele.<\/p>\n","protected":false},"featured_media":6662,"template":"","meta":[],"product_cat":[693,3078,52],"product_tag":[],"class_list":{"0":"post-17065","1":"product","2":"type-product","3":"status-publish","4":"has-post-thumbnail","6":"product_cat-muud-loomad","7":"product_cat-narilised","8":"product_cat-nariliste-toit","9":"pa_brand-brit-animals","10":"pa_ean-61","11":"pa_kaal-0-300","12":"pa_tootjariik-tsehhi","14":"first","15":"instock","16":"taxable","17":"shipping-taxable","18":"purchasable","19":"product-type-simple"},"_links":{"self":[{"href":"https:\/\/kasskoer.ee\/en\/wp-json\/wp\/v2\/product\/17065","targetHints":{"allow":["GET"]}}],"collection":[{"href":"https:\/\/kasskoer.ee\/en\/wp-json\/wp\/v2\/product"}],"about":[{"href":"https:\/\/kasskoer.ee\/en\/wp-json\/wp\/v2\/types\/product"}],"wp:featuredmedia":[{"embeddable":true,"href":"https:\/\/kasskoer.ee\/en\/wp-json\/wp\/v2\/media\/6662"}],"wp:attachment":[{"href":"https:\/\/kasskoer.ee\/en\/wp-json\/wp\/v2\/media?parent=17065"}],"wp:term":[{"taxonomy":"product_cat","embeddable":true,"href":"https:\/\/kasskoer.ee\/en\/wp-json\/wp\/v2\/product_cat?post=17065"},{"taxonomy":"product_tag","embeddable":true,"href":"https:\/\/kasskoer.ee\/en\/wp-json\/wp\/v2\/product_tag?post=17065"}],"curies":[{"name":"wp","href":"https:\/\/api.w.org\/{rel}","templated":true}]}}