{"id":17070,"date":"2026-04-20T03:15:42","date_gmt":"2026-04-20T00:15:42","guid":{"rendered":"https:\/\/kasskoer.ee\/product\/carnilove-salmon-turkey-for-large-breed-puppies-koeratoit-12-kg-2\/"},"modified":"2026-04-20T03:15:45","modified_gmt":"2026-04-20T00:15:45","slug":"carnilove-salmon-turkey-for-large-breed-puppies-koeratoit-12-kg","status":"publish","type":"product","link":"https:\/\/kasskoer.ee\/en\/toode\/carnilove-salmon-turkey-for-large-breed-puppies-koeratoit-12-kg\/","title":{"rendered":"Carnilove Salmon &#038; Turkey for Large Breed Puppies koeratoit 12 kg"},"content":{"rendered":"<p><b>Carnilove L\u00f5he &#038; Kalkun teravilja- ja kartulivaba t\u00e4is\u00f6\u00f6t suurt t\u00f5ugu koerte kutsikatele.<\/b>&#13;<\/p>\n<li>Retseptuuri koostamisel on aluseks v\u00f5etud koerte geneetiliste esivanemate, huntide toitumisharjumusi.<\/li>\n<p>&#13;<\/p>\n<li>L\u00f5he on suurep\u00e4rane v\u00e4ga k\u00f5rge seeduvusega valgu allikas ning sisaldab samuti k\u00fcllastamata omega 3 rasvhappeid millel on positiivne m\u00f5ju vaimsele arengule, s\u00fcdame-veresoonkonna s\u00fcsteemile ja ainevahetusele (alandavad veresuhkru taset).<\/li>\n<p>&#13;<\/p>\n<li>Avaldab positiivset m\u00f5ju naha tervisele ja karvkatte kvaliteedile.<\/li>\n<p>&#13;<\/p>\n<li>Kalkun on k\u00f5rge seeduvusega valgu allikas ning sisaldab suurel hulgal mikroelemente ja vitamiine nagu tsink vitamiin B3 ja B6 mis on h\u00e4davajalikud ajut\u00f6\u00f6 tagamiseks, hea lihastoonuse saavutamiseks ja normaalseks kasvuks.<\/li>\n<p>&#13;<br \/>\n<br \/>&#13;<br \/>\n<b>Koostis<\/b><br \/>&#13;<br \/>\nL\u00f5hejahu 25%, kalkunijahu 20%, kollased herned 18%, kanarasv (s\u00e4ilitatud tokoferoolidega) 9%, konditustatud l\u00f5he 6%, h\u00fcdrol\u00fc\u00fcsitud kanavalk 5%, tapiokit\u00e4rklis 5%, \u00f5unad 3%, kanamaks 3%, l\u00f5he\u00f5li 2%, porgand 1%, linaseemned 1%, kikerherned 1%, h\u00fcdrol\u00fc\u00fcsitud koorikloomade kestad (gl\u00fckoosamiini allikas) 0,031%, k\u00f5hreekstrakt (kondroitiini allikas) 0,019%, \u00f5llep\u00e4rm (mannan-oligosahhariidide allikas) 0,018%, sigurijuur (frukto-oligosahhariidide allikas) 0,012%, t\u00e4\u00e4kliilia (Mojave yukka) 0,011%, vetikad 0,01%, ps\u00fcllium 0,01%, t\u00fc\u00fcmian 0,01%, rosmariin 0,01%, pune 0,01%, j\u00f5hvikad 0,0008%, mustikad 0,0008%, vaarikad 0,0008%.<br \/>&#13;<br \/>\n<br \/>&#13;<br \/>\n<b>S\u00f6\u00f6dalisandid (1 kg kohta)<\/b><br \/>&#13;<br \/>\nToitainelised lisandid: Vitamiin A (3a672a) 24 000 R\u00dc, vitamiin D\u2083 (3a671) 1 600 R\u00dc, vitamiin E (3a700) 500 mg, tsink (3b606) 100 mg, raud (3b106) 85 mg, mangaan (3b504) 40 mg, jood (3b201) 0,75 mg, vask (3b406) 18 mg, seleen (3b810) 0,28 mg.<br \/>&#13;<br \/>\n<br \/>&#13;<br \/>\n<b>Anal\u00fc\u00fctiline koostis<\/b><br \/>&#13;<br \/>\nToorvalk 38,0%, toorrasv 16,0%, niiskus 10,0%, toortuhk 7,8%, toorkiud 2,5%, kaltsium 1,3%, fosfor 1,0%, naatrium 0,45%, omega-3 rasvhapped 0,68%, omega-6 rasvhapped 2,2%.<br \/>&#13;<br \/>\n<br \/>&#13;<br \/>\n<b>Metaboliseeruv energia<\/b><br \/>&#13;<br \/>\n3800 kcal\/kg<\/p>\n","protected":false},"excerpt":{"rendered":"<p>Teravilja &#8211; ja kartulivaba t\u00e4istoit k\u00f5ikidele suurt t\u00f5ugu koerte kutsikatele.<\/p>\n","protected":false},"featured_media":6667,"template":"","meta":[],"product_cat":[688,64],"product_tag":[],"class_list":{"0":"post-17070","1":"product","2":"type-product","3":"status-publish","4":"has-post-thumbnail","6":"product_cat-koerad","7":"product_cat-koeratoit","8":"pa_brand-carnilove","9":"pa_ean-288","10":"pa_kaal-12-000","11":"pa_tootjariik-tsehhi","13":"first","14":"instock","15":"taxable","16":"shipping-taxable","17":"purchasable","18":"product-type-simple"},"_links":{"self":[{"href":"https:\/\/kasskoer.ee\/en\/wp-json\/wp\/v2\/product\/17070","targetHints":{"allow":["GET"]}}],"collection":[{"href":"https:\/\/kasskoer.ee\/en\/wp-json\/wp\/v2\/product"}],"about":[{"href":"https:\/\/kasskoer.ee\/en\/wp-json\/wp\/v2\/types\/product"}],"wp:featuredmedia":[{"embeddable":true,"href":"https:\/\/kasskoer.ee\/en\/wp-json\/wp\/v2\/media\/6667"}],"wp:attachment":[{"href":"https:\/\/kasskoer.ee\/en\/wp-json\/wp\/v2\/media?parent=17070"}],"wp:term":[{"taxonomy":"product_cat","embeddable":true,"href":"https:\/\/kasskoer.ee\/en\/wp-json\/wp\/v2\/product_cat?post=17070"},{"taxonomy":"product_tag","embeddable":true,"href":"https:\/\/kasskoer.ee\/en\/wp-json\/wp\/v2\/product_tag?post=17070"}],"curies":[{"name":"wp","href":"https:\/\/api.w.org\/{rel}","templated":true}]}}