{"id":17073,"date":"2026-04-20T03:15:42","date_gmt":"2026-04-20T00:15:42","guid":{"rendered":"https:\/\/kasskoer.ee\/product\/carnilove-duck-pheasant-for-adult-koeratoit-12-kg-2\/"},"modified":"2026-04-20T03:15:45","modified_gmt":"2026-04-20T00:15:45","slug":"carnilove-duck-pheasant-for-adult-koeratoit-12-kg","status":"publish","type":"product","link":"https:\/\/kasskoer.ee\/en\/toode\/carnilove-duck-pheasant-for-adult-koeratoit-12-kg\/","title":{"rendered":"Carnilove Duck &#038; Pheasant for Adult koeratoit 12 kg"},"content":{"rendered":"<p><b>Carnilove Part &#038; Faasan teravilja- ja kartulivaba t\u00e4iss\u00f6\u00f6t t\u00e4iskasvanud koertele.<\/b>&#13;<\/p>\n<li>Retsept on koostatud l\u00e4htudes koerte geneetiliste esivanemate \u2013 huntide \u2013 looduslikest toitumisharjumustest.<\/li>\n<p> &#13;<\/p>\n<li>Part on suurep\u00e4rane valguallikas ning rikas pol\u00fck\u00fcllastumata rasvhapete (PUFA) poolest, mis aitavad v\u00e4hendada kolesteroolitaset veres.<\/li>\n<p>&#13;<\/p>\n<li>Part on ka v\u00e4ga hea niatsiini (vitamiin B3) allikas \u2013 niatsiinil on oluline roll organismi ainevahetuses ning see aitab samuti alandada vere kolesteroolitaset.<\/li>\n<p>&#13;<\/p>\n<li>Pardiliha sisaldab vitamiine A ja C ning olulisi mineraalaineid, nagu raud, kaltsium ja seleen.<\/li>\n<p>&#13;<\/p>\n<li>Faasan on suurep\u00e4rane vitamiin B12, fosfori ja seleeni allikas.<\/li>\n<p>&#13;<\/p>\n<li>Pardi ja faasani kombinatsioon annab t\u00e4isv\u00e4\u00e4rtusliku ja tasakaalustatud t\u00e4istoidu, mis sisaldab k\u00f5iki koerte eluks vajalikke aminohappeid.<\/li>\n<p>&#13;<br \/>\n<br \/>&#13;<br \/>\n<b>Koostis<\/b><br \/>&#13;<br \/>\nPardijahu (30%), faasanijahu (22%), kollased herned (20%), kanarasv (s\u00e4ilitatud tokoferoolidega, 8%), v\u00e4rske part (5%), kanamaks (3%), kuivatatud \u00f5unaviljaliha (3%), k\u00f5rvits (3%), l\u00f5he\u00f5li (2%), porgandid (1%), linaseemned (1%), kikerherned (1%), h\u00fcdrol\u00fc\u00fcsitud koorikloomade kestad (gl\u00fckoosamiini allikas, 0,026%), k\u00f5hreekstrakt (kondroitiini allikas, 0,016%), \u00f5llep\u00e4rm (mannan-oligosahhariidide allikas, 0,015%), sigurijuur (frukto-oligosahhariidide allikas, 0,01%), kuivatatud t\u00e4\u00e4kliilia (Yucca schidigera) (0,01%), kuivatatud vetikad (0,01%), ps\u00fclliumi kestad ja seemned (0,01%), kuivatatud t\u00fc\u00fcmian (0,01%), kuivatatud rosmariin (0,01%), kuivatatud pune (0,01%), kuivatatud j\u00f5hvikad (0,0008%), kuivatatud mustikad (0,0008%), kuivatatud vaarikad (0,0008%).<br \/>&#13;<br \/>\n<br \/>&#13;<br \/>\n<b>Anal\u00fc\u00fctiline koostis<\/b><br \/>&#13;<br \/>\nToorvalk 37,0%, toorrasv 18,0%, niiskus 10,0%, toortuhk 8,5%, toorkiud 2,5%, kaltsium 1,8%, fosfor 1,5%, naatrium 0,3%, oomega-3 0,33%, oomega-6 2,34%.<br \/>&#13;<br \/>\n<br \/>&#13;<br \/>\n<b>S\u00f6\u00f6dalisandid (1 kg kohta)<\/b><br \/>&#13;<br \/>\nToitainelised lisandid: A-vitamiin (3a672a) 20 000 R\u00dc, D3-vitamiin (3a671) 1 500 R\u00dc, E-vitamiin (3a700) 400 mg, tsink (3b606) 85 mg, raud (3b106) 70 mg, mangaan (3b504) 35 mg, jood (3b201) 0,65 mg, vask (3b406) 15 mg, seleen (3b810) 0,2 mg, sisaldab looduslikke antioks\u00fcdante: tokoferooliekstraktid taime\u00f5list (1b306(i)), askorb\u00fc\u00fclpalmitaat (1b304) ja rosmariiniekstrakt.<br \/>&#13;<br \/>\n<br \/>&#13;<br \/>\n<b>Metaboliseeruv energia<\/b><br \/>&#13;<br \/>\n3900 kcal\/kg<\/p>\n","protected":false},"excerpt":{"rendered":"<p>Teravilja- ja kartulivaba t\u00e4iss\u00f6\u00f6t igat t\u00f5ugu t\u00e4iskasvanud koertele pardi- ja faasanilihaga.<\/p>\n","protected":false},"featured_media":6670,"template":"","meta":[],"product_cat":[688,64],"product_tag":[],"class_list":{"0":"post-17073","1":"product","2":"type-product","3":"status-publish","4":"has-post-thumbnail","6":"product_cat-koerad","7":"product_cat-koeratoit","8":"pa_brand-carnilove","9":"pa_ean-259","10":"pa_kaal-12-000","11":"pa_tootjariik-tsehhi","13":"first","14":"instock","15":"taxable","16":"shipping-taxable","17":"purchasable","18":"product-type-simple"},"_links":{"self":[{"href":"https:\/\/kasskoer.ee\/en\/wp-json\/wp\/v2\/product\/17073","targetHints":{"allow":["GET"]}}],"collection":[{"href":"https:\/\/kasskoer.ee\/en\/wp-json\/wp\/v2\/product"}],"about":[{"href":"https:\/\/kasskoer.ee\/en\/wp-json\/wp\/v2\/types\/product"}],"wp:featuredmedia":[{"embeddable":true,"href":"https:\/\/kasskoer.ee\/en\/wp-json\/wp\/v2\/media\/6670"}],"wp:attachment":[{"href":"https:\/\/kasskoer.ee\/en\/wp-json\/wp\/v2\/media?parent=17073"}],"wp:term":[{"taxonomy":"product_cat","embeddable":true,"href":"https:\/\/kasskoer.ee\/en\/wp-json\/wp\/v2\/product_cat?post=17073"},{"taxonomy":"product_tag","embeddable":true,"href":"https:\/\/kasskoer.ee\/en\/wp-json\/wp\/v2\/product_tag?post=17073"}],"curies":[{"name":"wp","href":"https:\/\/api.w.org\/{rel}","templated":true}]}}