{"id":17074,"date":"2026-04-20T03:15:42","date_gmt":"2026-04-20T00:15:42","guid":{"rendered":"https:\/\/kasskoer.ee\/product\/carnilove-reindeer-for-adult-koeratoit-12-kg-2\/"},"modified":"2026-04-20T03:15:45","modified_gmt":"2026-04-20T00:15:45","slug":"carnilove-reindeer-for-adult-koeratoit-12-kg","status":"publish","type":"product","link":"https:\/\/kasskoer.ee\/en\/toode\/carnilove-reindeer-for-adult-koeratoit-12-kg\/","title":{"rendered":"Carnilove Reindeer for Adult koeratoit 12 kg"},"content":{"rendered":"<p><strong>Carni Love P\u00f5hjap\u00f5der teravilja- ja kartulivaba t\u00e4istoit t\u00e4iskasvanud koertele<\/strong> <\/p>\n<ul>\n<li>Retseptuuri koostamisel on aluseks v\u00f5etud koerte geneetiliste esivanemate, huntide toitumisharjumusi.<\/li>\n<li>P\u00f5hjap\u00f5dra liha on \u00fcks parimaid seeduva valgu allikaid ja sisaldab k\u00f5iki koerte eluks vajalikke aminohappeid.<\/li>\n<li>Kuna p\u00f5hjap\u00f5drad toituvad marjadest on nende liha erakordselt antioks\u00fcdantide rikas ja v\u00e4ga madala rasvasisaldusega, rasvhapped mis lihas sisalduvad on k\u00fcllastumata ja v\u00e4ga kasulikud.<\/li>\n<li>Omega 3 k\u00fcllastumata rasvhapete sisaldus p\u00f5hjap\u00f5dra lihas on samav\u00e4\u00e4rne kalas sisalduvaga.<\/li>\n<\/ul>\n<p> <strong>Koostis<\/strong><br \/> P\u00f5hjap\u00f5dra liha (28%), metssealiha (22%), kollane hernes (20%), kanarasv (s\u00e4ilitatud tokoferoolidega 8%), pardiliha (6%), kanamaks (3%), \u00f5unad (3%), tapiokit\u00e4rklis (3%), l\u00f5he\u00f5li (2%), porgandid (1%), linaseemned (1%), kikerherned (1%), h\u00fcdrol\u00fc\u00fcsitud koorikloomade koorik (gl\u00fckoosamiini allikas 0,026%), k\u00f5hre ekstrakt (kondroitiini allikas 0,016%), \u00f5llep\u00e4rm (mannooligosahhariidi allikas 0,015%), sigur (fruktooligosahhariidi allikas 0,01%), t\u00e4\u00e4kliilia (0,01%), vetikad (0,01%), ps\u00fclleum (0,01%), t\u00fc\u00fcmian (0,01%), rosmariin (0,01%), oregaano (0,01%), j\u00f5hvikad (0,0008%), mustikad (0,0008%), vaarikas (0,0008%).<\/p>\n<p> <strong>Vitamiinid 1kg kohta <\/strong><br \/> A 20000IU,D3 1500IU,E 400mg, tsink 85 mg, raud 70mg, magneesium 35mg, jood 0,65mg, vask 15mg, seleen 0,25mg.<\/p>\n<p> <strong>Anal\u00fc\u00fctiline koostis<\/strong><br \/> Toorvalk 38,0%,rasv 18,0%,toortuhk 8,2%,toorkiud 2,5%, niiskus 10,0%, kaltsium 1,8%, fosfor 1,5%.<\/p>\n<p> <strong>Metaboliseeruv energia <\/strong><br \/> 3900 kcal\/kg<\/p>\n","protected":false},"excerpt":{"rendered":"<p>Teravilja- ja kartulivaba t\u00e4iss\u00f6\u00f6t igat t\u00f5ugu t\u00e4iskasvanud koertele p\u00f5hjap\u00f5dralihaga.<\/p>\n","protected":false},"featured_media":6671,"template":"","meta":[],"product_cat":[688,64],"product_tag":[],"class_list":{"0":"post-17074","1":"product","2":"type-product","3":"status-publish","4":"has-post-thumbnail","6":"product_cat-koerad","7":"product_cat-koeratoit","8":"pa_brand-carnilove","9":"pa_ean-287","10":"pa_kaal-12-000","11":"pa_tootjariik-tsehhi","13":"first","14":"outofstock","15":"taxable","16":"shipping-taxable","17":"purchasable","18":"product-type-simple"},"_links":{"self":[{"href":"https:\/\/kasskoer.ee\/en\/wp-json\/wp\/v2\/product\/17074","targetHints":{"allow":["GET"]}}],"collection":[{"href":"https:\/\/kasskoer.ee\/en\/wp-json\/wp\/v2\/product"}],"about":[{"href":"https:\/\/kasskoer.ee\/en\/wp-json\/wp\/v2\/types\/product"}],"wp:featuredmedia":[{"embeddable":true,"href":"https:\/\/kasskoer.ee\/en\/wp-json\/wp\/v2\/media\/6671"}],"wp:attachment":[{"href":"https:\/\/kasskoer.ee\/en\/wp-json\/wp\/v2\/media?parent=17074"}],"wp:term":[{"taxonomy":"product_cat","embeddable":true,"href":"https:\/\/kasskoer.ee\/en\/wp-json\/wp\/v2\/product_cat?post=17074"},{"taxonomy":"product_tag","embeddable":true,"href":"https:\/\/kasskoer.ee\/en\/wp-json\/wp\/v2\/product_tag?post=17074"}],"curies":[{"name":"wp","href":"https:\/\/api.w.org\/{rel}","templated":true}]}}