{"id":17077,"date":"2026-04-20T03:15:42","date_gmt":"2026-04-20T00:15:42","guid":{"rendered":"https:\/\/kasskoer.ee\/product\/carnilove-salmon-turkey-for-large-breed-adult-koeratoit-12-kg-2\/"},"modified":"2026-04-20T03:15:45","modified_gmt":"2026-04-20T00:15:45","slug":"carnilove-salmon-turkey-for-large-breed-adult-koeratoit-12-kg","status":"publish","type":"product","link":"https:\/\/kasskoer.ee\/en\/toode\/carnilove-salmon-turkey-for-large-breed-adult-koeratoit-12-kg\/","title":{"rendered":"Carnilove Salmon &#038; Turkey for Large Breed Adult koeratoit 12 kg"},"content":{"rendered":"<p><strong>Carni Love L\u00f5he &amp; Kalkun teravilja- ja kartulivaba t\u00e4istoit suurt t\u00f5ugu t\u00e4iskasvanud koertele.<\/strong> <\/p>\n<ul>\n<li>Retseptuuri koostamisel on aluseks v\u00f5etud koerte geneetiliste esivanemate, huntide toitumisharjumusi.<\/li>\n<li>L\u00f5he on suurep\u00e4rane v\u00e4ga k\u00f5rge seeduvusega valgu allikas ning sisaldab samuti k\u00fcllastamata omega 3 rasvhappeid millel on positiivne m\u00f5ju vaimsele arengule, s\u00fcdame-veresoonkonna s\u00fcsteemile ja ainevahetusele (alandavad veresuhkru taset).<\/li>\n<li>Avaldab positiivset m\u00f5ju naha tervisele ja karvkatte kvaliteedile.<\/li>\n<li>Kalkun on k\u00f5rge seeduvusega valgu allikas ning sisaldab suurel hulgal mikroelemente ja vitamiine nagu tsink vitamiin B3 ja B6 mis on h\u00e4davajalikud ajut\u00f6\u00f6 tagamiseks, hea lihastoonuse saavutamiseks ja normaalseks kasvuks.<\/li>\n<\/ul>\n<p> <strong>Koostis<\/strong><br \/> L\u00f5heliha (25%), kalkuni liha (20%), kollane hernes (20%), kanarasv (s\u00e4ilitatud tokoferoolidega 9%), pardiliha (5%), konditustatud l\u00f5heliha (6%), kanamaks (3%), tapiokk (3%), \u00f5unad (3%), l\u00f5he\u00f5li (2%), porgandid (1%), linaseemned (1%), kikerherned (1%), h\u00fcdrol\u00fc\u00fcsitud koorikloomade koorik (gl\u00fckoosamiini allikas 0,05%), k\u00f5hre ekstrakt (kondroitiini allikas 0,03%), \u00f5llep\u00e4rm (mannooligosahhariidi allikas 0,015%), sigur (fruktooligosahhariidiallikas 0,01%), t\u00e4\u00e4kliilia (0,01%), vetikad (0,01%), ps\u00fclleum (0,01%), t\u00fc\u00fcmian (0,01%), rosmariin (0,01%), oregaano (0,01%), j\u00f5hvikad (0,0008%), mustikad (0,0008%), vaarikas (0,0008%).<\/p>\n<p> <strong>Vitamiinid 1kg kohta<\/strong><br \/> A 20 000IU,D3 1500IU,E 400mg, tsink 85 mg, raud 70mg, magneesium 35mg,jood 0,65mg, vask 15mg, seleen 0,25mg.<\/p>\n<p> <strong>Anal\u00fc\u00fctiline koostis<\/strong><br \/> Toorvalk 36,0%, rasv 16,0%, toortuhk 7,8%, toorkiud 3,0%, niiskus 10,0%, kaltsium 1,3%, fosfor 1,0%.<\/p>\n<p> <strong>Metaboliseeruv energia <\/strong><br \/> 3800 kcal\/kg<\/p>\n","protected":false},"excerpt":{"rendered":"<p>Teravilja &#8211; ja kartulivaba t\u00e4istoit k\u00f5ikidele suurt t\u00f5ugu koertele.<\/p>\n","protected":false},"featured_media":6674,"template":"","meta":[],"product_cat":[688,64],"product_tag":[],"class_list":{"0":"post-17077","1":"product","2":"type-product","3":"status-publish","4":"has-post-thumbnail","6":"product_cat-koerad","7":"product_cat-koeratoit","8":"pa_brand-carnilove","9":"pa_ean-295","10":"pa_kaal-12-000","11":"pa_tootjariik-tsehhi","13":"first","14":"instock","15":"taxable","16":"shipping-taxable","17":"purchasable","18":"product-type-simple"},"_links":{"self":[{"href":"https:\/\/kasskoer.ee\/en\/wp-json\/wp\/v2\/product\/17077","targetHints":{"allow":["GET"]}}],"collection":[{"href":"https:\/\/kasskoer.ee\/en\/wp-json\/wp\/v2\/product"}],"about":[{"href":"https:\/\/kasskoer.ee\/en\/wp-json\/wp\/v2\/types\/product"}],"wp:featuredmedia":[{"embeddable":true,"href":"https:\/\/kasskoer.ee\/en\/wp-json\/wp\/v2\/media\/6674"}],"wp:attachment":[{"href":"https:\/\/kasskoer.ee\/en\/wp-json\/wp\/v2\/media?parent=17077"}],"wp:term":[{"taxonomy":"product_cat","embeddable":true,"href":"https:\/\/kasskoer.ee\/en\/wp-json\/wp\/v2\/product_cat?post=17077"},{"taxonomy":"product_tag","embeddable":true,"href":"https:\/\/kasskoer.ee\/en\/wp-json\/wp\/v2\/product_tag?post=17077"}],"curies":[{"name":"wp","href":"https:\/\/api.w.org\/{rel}","templated":true}]}}