{"id":17079,"date":"2026-04-20T03:15:46","date_gmt":"2026-04-20T00:15:46","guid":{"rendered":"https:\/\/kasskoer.ee\/product\/carnilove-salmon-for-adult-koeratoit-15-kg-2\/"},"modified":"2026-04-20T03:15:46","modified_gmt":"2026-04-20T00:15:46","slug":"carnilove-salmon-for-adult-koeratoit-15-kg","status":"publish","type":"product","link":"https:\/\/kasskoer.ee\/en\/toode\/carnilove-salmon-for-adult-koeratoit-15-kg\/","title":{"rendered":"Carnilove Salmon for Adult koeratoit 1,5 kg"},"content":{"rendered":"<p><strong>Carni Love L\u00f5he teravilja- ja kartulivaba t\u00e4istoit t\u00e4iskasvanud koertele<\/strong> <\/p>\n<ul>\n<li>Retseptuuri koostamisel on aluseks v\u00f5etud koerte geneetiliste esivanemate, huntide toitumisharjumusi.<\/li>\n<li>L\u00f5he on v\u00e4ga hea seeduvusega valkude allikas. L\u00f5he on hea seedetrakti tervisele ja omab p\u00f5letikuvastast toimet.<\/li>\n<li>Sisaldab samuti k\u00fcllastamata omega 3 rasvhappeid millel on positiivne m\u00f5ju vaimsele arengule, s\u00fcdame-veresoonkonna s\u00fcsteemile ja ainevahetusele (alandavad veresuhkru taset).<\/li>\n<li>Aitab p\u00e4rssida n\u00e4gemiselundite taandarengut ja avaldab positiivset m\u00f5ju naha tervisele ja karvkatte kvaliteedile.<\/li>\n<\/ul>\n<p> <strong>Koostis<\/strong><br \/> L\u00f5heliha (25%), konditustatud l\u00f5heliha (20%), kollane hernes (20%), heeringa liha (10%), kanarasv (s\u00e4ilitatud tokoferoolidega 9%), kanamaks (3%), \u00f5unad(3%), tapiokit\u00e4rklis (3%), l\u00f5he\u00f5li (2%), porgandid (1%), linaseemned (1%),kikerherned (1%), h\u00fcdrol\u00fc\u00fcsitud koorikloomade koorik (gl\u00fckoosamiini allikas 0,026%), k\u00f5hre ekstrakt (kondroitiini allikas,0,016%), \u00f5llep\u00e4rm (mannooligosahhariidi allikas 0,015%), sigur (fruktooligosahhariidiallikas 0,01%), t\u00e4\u00e4kliilia (0,01%), vetikad (0,01%), ps\u00fclleum (0,01%), t\u00fc\u00fcmian (0,01%), rosmariin (0,01%), oregaano (0,01%), j\u00f5hvikad (0,0008%), mustikad (0,0008%), vaarikas (0,0008%).<\/p>\n<p> <strong>Vitamiinid 1kg kohta <\/strong>&nbsp;<br \/> A 20000IU,D3 1500IU,E 400mg, tsink 85 mg, raud 70mg, magneesium 35mg,jood 0,65mg, vask 15mg, seleen 0,25mg.<\/p>\n<p> <strong>Anal\u00fc\u00fctiline koostis<\/strong><br \/> Toorvalk 33,0%,rasv 16,0%,toortuhk 8,5%,toorkiud 2,5%, niiskus 10,0%, kaltsium 1,4%, fosfor 1,1%.<\/p>\n<p> <strong>Metaboliseeruv energia<\/strong><br \/> 3800 kcal\/kg<\/p>\n","protected":false},"excerpt":{"rendered":"<p>Teravilja- ja kartulivaba t\u00e4iss\u00f6\u00f6t igat t\u00f5ugu t\u00e4iskasvanud koertele l\u00f5hega.<\/p>\n","protected":false},"featured_media":6676,"template":"","meta":[],"product_cat":[688,64],"product_tag":[],"class_list":{"0":"post-17079","1":"product","2":"type-product","3":"status-publish","4":"has-post-thumbnail","6":"product_cat-koerad","7":"product_cat-koeratoit","8":"pa_brand-carnilove","9":"pa_ean-302","10":"pa_kaal-1-500","11":"pa_tootjariik-tsehhi","13":"first","14":"instock","15":"taxable","16":"shipping-taxable","17":"purchasable","18":"product-type-simple"},"_links":{"self":[{"href":"https:\/\/kasskoer.ee\/en\/wp-json\/wp\/v2\/product\/17079","targetHints":{"allow":["GET"]}}],"collection":[{"href":"https:\/\/kasskoer.ee\/en\/wp-json\/wp\/v2\/product"}],"about":[{"href":"https:\/\/kasskoer.ee\/en\/wp-json\/wp\/v2\/types\/product"}],"wp:featuredmedia":[{"embeddable":true,"href":"https:\/\/kasskoer.ee\/en\/wp-json\/wp\/v2\/media\/6676"}],"wp:attachment":[{"href":"https:\/\/kasskoer.ee\/en\/wp-json\/wp\/v2\/media?parent=17079"}],"wp:term":[{"taxonomy":"product_cat","embeddable":true,"href":"https:\/\/kasskoer.ee\/en\/wp-json\/wp\/v2\/product_cat?post=17079"},{"taxonomy":"product_tag","embeddable":true,"href":"https:\/\/kasskoer.ee\/en\/wp-json\/wp\/v2\/product_tag?post=17079"}],"curies":[{"name":"wp","href":"https:\/\/api.w.org\/{rel}","templated":true}]}}