{"id":17081,"date":"2026-04-20T03:15:46","date_gmt":"2026-04-20T00:15:46","guid":{"rendered":"https:\/\/kasskoer.ee\/product\/brit-animals-hamster-taissoot-hamstritele-300g-2\/"},"modified":"2026-04-20T03:15:46","modified_gmt":"2026-04-20T00:15:46","slug":"brit-animals-hamster-taissoot-hamstritele-300g","status":"publish","type":"product","link":"https:\/\/kasskoer.ee\/en\/toode\/brit-animals-hamster-taissoot-hamstritele-300g\/","title":{"rendered":"Brit Animals Hamster t\u00e4iss\u00f6\u00f6t hamstritele 300g"},"content":{"rendered":"<p><b>Brit Animals Hamster superpremium-t\u00e4istoit hamstritele.<\/b>&#13;<\/p>\n<li>Mitmek\u00fclgne toit, millele on lisatud olulisi vitamiine ja toitaineid.<\/li>\n<p>&#13;<\/p>\n<li>Sisaldab linaseemneid &#8211; oomega-3 rasvhapete allikas terve ja ilusa karva toetamiseks.<\/li>\n<p>&#13;<br \/>\n<br \/>&#13;<br \/>\n<b>Koostis<\/b><br \/>&#13;<br \/>\nNisu, mais, nisuidud, \u00fcrdid (n\u00f5ges, v\u00f5ilill, teeleht), kuivatatud \u00f5unad, lutsern, spinat, \u00f5llep\u00e4rm, linaseemned, lubjakivi, mannan-oligosahhariidid (75 mg\/kg), frukto-oligosahhariidid (50 mg\/kg), Yucca schidigera ekstrakt (45 mg\/kg).<br \/>&#13;<br \/>\n<br \/>&#13;<br \/>\n<b>Anal\u00fc\u00fctilised koostisosad<\/b><br \/>&#13;<br \/>\nToorvalk 17,0 %, toorrasv 4,5 %, toorkiud 5,0 %, toortuhk 4,0 %, niiskus 10,0 %, kaltsium 0,6 %, fosfor 0,6 %, naatrium 0,03 %.<br \/>&#13;<br \/>\n<br \/>&#13;<br \/>\n<b>S\u00f6\u00f6dalisandid (kg kohta)<\/b><br \/>&#13;<br \/>\nToitainelised lisandid: vitamiin A 10 200 R\u00dc, vitamiin D3 1 250 R\u00dc, vitamiin E (\u03b1-tokoferool) 70 mg, vitamiin C 80 mg, vitamiin K 0,1 mg, vitamiin B1 1 mg, vitamiin B2 2 mg, vitamiin B3 6 mg, vitamiin B5 3,5 mg, vitamiin B6 1 mg, vitamiin B9 0,12 mg, vitamiin B12 0,02 mg, biotiin 1 mg, koliinkloriid 200 mg, tsink 72 mg, raud 40 mg, mangaan 54 mg, vask 10 mg, jood 1,8 mg, seleen 0,21 mg.<br \/>&#13;<br \/>\n<br \/>&#13;<br \/>\n<b>Metaboliseeruv energia<\/b><br \/>&#13;<br \/>\n3100 kcal\/kg<\/p>\n","protected":false},"excerpt":{"rendered":"<p>Brit Animals t\u00e4iss\u00f6\u00f6t hamstritele.<\/p>\n","protected":false},"featured_media":6678,"template":"","meta":[],"product_cat":[693,3078,52],"product_tag":[],"class_list":{"0":"post-17081","1":"product","2":"type-product","3":"status-publish","4":"has-post-thumbnail","6":"product_cat-muud-loomad","7":"product_cat-narilised","8":"product_cat-nariliste-toit","9":"pa_brand-brit-animals","10":"pa_ean-58","11":"pa_kaal-0-300","12":"pa_tootjariik-tsehhi","14":"first","15":"instock","16":"taxable","17":"shipping-taxable","18":"purchasable","19":"product-type-simple"},"_links":{"self":[{"href":"https:\/\/kasskoer.ee\/en\/wp-json\/wp\/v2\/product\/17081","targetHints":{"allow":["GET"]}}],"collection":[{"href":"https:\/\/kasskoer.ee\/en\/wp-json\/wp\/v2\/product"}],"about":[{"href":"https:\/\/kasskoer.ee\/en\/wp-json\/wp\/v2\/types\/product"}],"wp:featuredmedia":[{"embeddable":true,"href":"https:\/\/kasskoer.ee\/en\/wp-json\/wp\/v2\/media\/6678"}],"wp:attachment":[{"href":"https:\/\/kasskoer.ee\/en\/wp-json\/wp\/v2\/media?parent=17081"}],"wp:term":[{"taxonomy":"product_cat","embeddable":true,"href":"https:\/\/kasskoer.ee\/en\/wp-json\/wp\/v2\/product_cat?post=17081"},{"taxonomy":"product_tag","embeddable":true,"href":"https:\/\/kasskoer.ee\/en\/wp-json\/wp\/v2\/product_tag?post=17081"}],"curies":[{"name":"wp","href":"https:\/\/api.w.org\/{rel}","templated":true}]}}