{"id":17091,"date":"2026-04-20T03:15:46","date_gmt":"2026-04-20T00:15:46","guid":{"rendered":"https:\/\/kasskoer.ee\/product\/record-jabo-kassi-kraapimislaud-50cm-2\/"},"modified":"2026-04-20T03:15:46","modified_gmt":"2026-04-20T00:15:46","slug":"record-jabo-kassi-kraapimislaud-50cm","status":"publish","type":"product","link":"https:\/\/kasskoer.ee\/en\/toode\/record-jabo-kassi-kraapimislaud-50cm\/","title":{"rendered":"Record Jabo kassi kraapimislaud 50cm"},"content":{"rendered":"<p>Jabo kassi kraapimispuu pakub kassile ideaalset v\u00f5imalust k\u00fc\u00fcsi viilida ning energiat kulutada. Tulemusena ei kannata teie m\u00f6\u00f6bel ning kass on aktiivne ja terve.<\/p>\n","protected":false},"excerpt":{"rendered":"<p>Record Jabo kassi riputatav kraapimispuu puidust alusel 50x9cm.<\/p>\n","protected":false},"featured_media":7856,"template":"","meta":[],"product_cat":[1322],"product_tag":[],"class_list":{"0":"post-17091","1":"product","2":"type-product","3":"status-publish","4":"has-post-thumbnail","6":"product_cat-kasside-ronimispuud-ja-kraapimislauad","7":"pa_brand-record","8":"pa_ean-408","9":"pa_kaal-1-000","10":"pa_tootjariik-itaalia","12":"first","13":"instock","14":"taxable","15":"shipping-taxable","16":"purchasable","17":"product-type-simple"},"_links":{"self":[{"href":"https:\/\/kasskoer.ee\/en\/wp-json\/wp\/v2\/product\/17091","targetHints":{"allow":["GET"]}}],"collection":[{"href":"https:\/\/kasskoer.ee\/en\/wp-json\/wp\/v2\/product"}],"about":[{"href":"https:\/\/kasskoer.ee\/en\/wp-json\/wp\/v2\/types\/product"}],"wp:featuredmedia":[{"embeddable":true,"href":"https:\/\/kasskoer.ee\/en\/wp-json\/wp\/v2\/media\/7856"}],"wp:attachment":[{"href":"https:\/\/kasskoer.ee\/en\/wp-json\/wp\/v2\/media?parent=17091"}],"wp:term":[{"taxonomy":"product_cat","embeddable":true,"href":"https:\/\/kasskoer.ee\/en\/wp-json\/wp\/v2\/product_cat?post=17091"},{"taxonomy":"product_tag","embeddable":true,"href":"https:\/\/kasskoer.ee\/en\/wp-json\/wp\/v2\/product_tag?post=17091"}],"curies":[{"name":"wp","href":"https:\/\/api.w.org\/{rel}","templated":true}]}}