{"id":17092,"date":"2026-04-20T03:15:46","date_gmt":"2026-04-20T00:15:46","guid":{"rendered":"https:\/\/kasskoer.ee\/product\/cat-rina-jabo-kassi-kraapimispuu-70cm-2\/"},"modified":"2026-04-20T03:15:46","modified_gmt":"2026-04-20T00:15:46","slug":"cat-rina-jabo-kassi-kraapimispuu-70cm","status":"publish","type":"product","link":"https:\/\/kasskoer.ee\/en\/toode\/cat-rina-jabo-kassi-kraapimispuu-70cm\/","title":{"rendered":"Cat &#038; Rina Jabo kassi kraapimispuu 70cm"},"content":{"rendered":"<p>Jabo kassi kraapimispuu pakub kassile ideaalset v\u00f5imalust k\u00fc\u00fcsi viilida ning energiat kulutada. Tulemusena ei kannata teie m\u00f6\u00f6bel ning kass on aktiivne ja terve.<\/p>\n","protected":false},"excerpt":{"rendered":"<p>Cat&#038;Rina Jabo kassi riputatav kraapimispuu puidust alusel 70x17cm.<\/p>\n","protected":false},"featured_media":6685,"template":"","meta":[],"product_cat":[1322],"product_tag":[],"class_list":{"0":"post-17092","1":"product","2":"type-product","3":"status-publish","4":"has-post-thumbnail","6":"product_cat-kasside-ronimispuud-ja-kraapimislauad","7":"pa_brand-catrina","8":"pa_ean-407","9":"pa_kaal-1-200","10":"pa_tootjariik-itaalia","12":"first","13":"instock","14":"taxable","15":"shipping-taxable","16":"purchasable","17":"product-type-simple"},"_links":{"self":[{"href":"https:\/\/kasskoer.ee\/en\/wp-json\/wp\/v2\/product\/17092","targetHints":{"allow":["GET"]}}],"collection":[{"href":"https:\/\/kasskoer.ee\/en\/wp-json\/wp\/v2\/product"}],"about":[{"href":"https:\/\/kasskoer.ee\/en\/wp-json\/wp\/v2\/types\/product"}],"wp:featuredmedia":[{"embeddable":true,"href":"https:\/\/kasskoer.ee\/en\/wp-json\/wp\/v2\/media\/6685"}],"wp:attachment":[{"href":"https:\/\/kasskoer.ee\/en\/wp-json\/wp\/v2\/media?parent=17092"}],"wp:term":[{"taxonomy":"product_cat","embeddable":true,"href":"https:\/\/kasskoer.ee\/en\/wp-json\/wp\/v2\/product_cat?post=17092"},{"taxonomy":"product_tag","embeddable":true,"href":"https:\/\/kasskoer.ee\/en\/wp-json\/wp\/v2\/product_tag?post=17092"}],"curies":[{"name":"wp","href":"https:\/\/api.w.org\/{rel}","templated":true}]}}