{"id":17093,"date":"2026-04-20T03:15:46","date_gmt":"2026-04-20T00:15:46","guid":{"rendered":"https:\/\/kasskoer.ee\/product\/record-narimismaius-pesapall-9cm-2\/"},"modified":"2026-04-20T03:15:46","modified_gmt":"2026-04-20T00:15:46","slug":"record-narimismaius-pesapall-9cm","status":"publish","type":"product","link":"https:\/\/kasskoer.ee\/en\/toode\/record-narimismaius-pesapall-9cm\/","title":{"rendered":"Record n\u00e4rimismaius Pesapall 9cm"},"content":{"rendered":"<p>Maitsev ja tasakaalustatud vahepala, mis julgustab n\u00e4rima, hoiab looma suu\u00f5\u00f5ne tervena ning toimib igavuse ja \u00fcksinduse hetkedel kasuliku stressivastase vahendina.&#13;<br \/>\n<br \/>&#13;<br \/>\n<br \/><b>Koostis<\/b><br \/>&#13;<br \/>\nToornahk, maisit\u00e4rklis, tapiokit\u00e4rklis.&#13;<br \/>\n<br \/>&#13;<br \/>\n<br \/><b>Anal\u00fc\u00fctilised koostisosad<\/b><br \/>&#13;<br \/>\nToorproteiin 82.0%, niiskus 16.0%, toorrasv 2.6%, toortuhk 1.6%, toorkiud 0.8%.&#13;<br \/>\n<br \/>&#13;<br \/>\n<br \/><b>Kasutamine<\/b><br \/>&#13;<br \/>\nAnda maiust koerale preemiana.V\u00e4rske vesi peab olema alati saadaval.<\/p>\n","protected":false},"excerpt":{"rendered":"<p>Record kerakujuline toornahast n\u00e4rimismaius koertele.<\/p>\n","protected":false},"featured_media":13940,"template":"","meta":[],"product_cat":[1332,688],"product_tag":[],"class_list":{"0":"post-17093","1":"product","2":"type-product","3":"status-publish","4":"has-post-thumbnail","6":"product_cat-koerte-narimiskondid","7":"product_cat-koerad","8":"pa_brand-record","9":"pa_ean-1831","10":"pa_kaal-0-130","11":"pa_tootjariik-hiina","13":"first","14":"instock","15":"taxable","16":"shipping-taxable","17":"purchasable","18":"product-type-simple"},"_links":{"self":[{"href":"https:\/\/kasskoer.ee\/en\/wp-json\/wp\/v2\/product\/17093","targetHints":{"allow":["GET"]}}],"collection":[{"href":"https:\/\/kasskoer.ee\/en\/wp-json\/wp\/v2\/product"}],"about":[{"href":"https:\/\/kasskoer.ee\/en\/wp-json\/wp\/v2\/types\/product"}],"wp:featuredmedia":[{"embeddable":true,"href":"https:\/\/kasskoer.ee\/en\/wp-json\/wp\/v2\/media\/13940"}],"wp:attachment":[{"href":"https:\/\/kasskoer.ee\/en\/wp-json\/wp\/v2\/media?parent=17093"}],"wp:term":[{"taxonomy":"product_cat","embeddable":true,"href":"https:\/\/kasskoer.ee\/en\/wp-json\/wp\/v2\/product_cat?post=17093"},{"taxonomy":"product_tag","embeddable":true,"href":"https:\/\/kasskoer.ee\/en\/wp-json\/wp\/v2\/product_tag?post=17093"}],"curies":[{"name":"wp","href":"https:\/\/api.w.org\/{rel}","templated":true}]}}