{"id":17096,"date":"2026-04-20T03:15:46","date_gmt":"2026-04-20T00:15:46","guid":{"rendered":"https:\/\/kasskoer.ee\/product\/sams-field-lamb-apple-konserv-koertele-400g-2\/"},"modified":"2026-04-20T03:15:47","modified_gmt":"2026-04-20T00:15:47","slug":"sams-field-lamb-apple-konserv-koertele-400g","status":"publish","type":"product","link":"https:\/\/kasskoer.ee\/en\/toode\/sams-field-lamb-apple-konserv-koertele-400g\/","title":{"rendered":"Sam&#8217;s Field Lamb &#038; Apple konserv koertele 400g"},"content":{"rendered":"<p><span style=\"color:rgb(0,0,0);\"><strong>Koostis<\/strong><\/span><br \/> <span style=\"color:rgb(0,0,0);\">66% lambaliha, 4% \u00f5un, 2% hernejahu, 1% lignotselluloos, 0,5% l\u00f5he\u00f5li.<\/span><\/p>\n<p> <span style=\"color:rgb(0,0,0);\"><strong>Anal\u00fc\u00fctiline koostis<\/strong><\/span><br \/> <span style=\"color:rgb(0,0,0);\">Niiskus 78%,toorvalk 9%, toorrasvad &#8211; ja \u00f5lid 7,5%, toortuhk 3,5%, toorkiud 0,5%, kaltsium 0,1%, fosfor 0,3%, naatrium 0,25%.<\/span><\/p>\n<p> <span style=\"color:rgb(0,0,0);\"><strong>S\u00f6\u00f6dalisandid<\/strong><\/span><br \/> <span style=\"color:rgb(0,0,0);\">Vitamiin D<sub>3 <\/sub>(3a671) 200 I.U, vitamiin E (3a700) 100mg, tsink (3b606) 15mg, mangaan (3b504) 3mg, jood (3b201) 0,75mg, vask (3b406) 4mg, raud (3b106) 10mg.<\/span><\/p>\n<p> <span style=\"color:rgb(0,0,0);\"><strong>Metaboliseeruv energia<\/strong><\/span><br \/> <span style=\"color:rgb(0,0,0);\">1080 kcal\/kg<\/span><\/p>\n","protected":false},"excerpt":{"rendered":"<p>Sam&#8217;s Field konserv t\u00e4iskasvanud koertele lambaliha ja \u00f5unaga.<\/p>\n","protected":false},"featured_media":6687,"template":"","meta":[],"product_cat":[688,106],"product_tag":[],"class_list":{"0":"post-17096","1":"product","2":"type-product","3":"status-publish","4":"has-post-thumbnail","6":"product_cat-koerad","7":"product_cat-konservid-koertele","8":"pa_brand-sams-field","9":"pa_ean-386","10":"pa_kaal-0-400","11":"pa_tootjariik-tsehhi","13":"first","14":"instock","15":"taxable","16":"shipping-taxable","17":"purchasable","18":"product-type-simple"},"_links":{"self":[{"href":"https:\/\/kasskoer.ee\/en\/wp-json\/wp\/v2\/product\/17096","targetHints":{"allow":["GET"]}}],"collection":[{"href":"https:\/\/kasskoer.ee\/en\/wp-json\/wp\/v2\/product"}],"about":[{"href":"https:\/\/kasskoer.ee\/en\/wp-json\/wp\/v2\/types\/product"}],"wp:featuredmedia":[{"embeddable":true,"href":"https:\/\/kasskoer.ee\/en\/wp-json\/wp\/v2\/media\/6687"}],"wp:attachment":[{"href":"https:\/\/kasskoer.ee\/en\/wp-json\/wp\/v2\/media?parent=17096"}],"wp:term":[{"taxonomy":"product_cat","embeddable":true,"href":"https:\/\/kasskoer.ee\/en\/wp-json\/wp\/v2\/product_cat?post=17096"},{"taxonomy":"product_tag","embeddable":true,"href":"https:\/\/kasskoer.ee\/en\/wp-json\/wp\/v2\/product_tag?post=17096"}],"curies":[{"name":"wp","href":"https:\/\/api.w.org\/{rel}","templated":true}]}}