{"id":17098,"date":"2026-04-20T03:15:46","date_gmt":"2026-04-20T00:15:46","guid":{"rendered":"https:\/\/kasskoer.ee\/product\/record-pehmete-harjastega-kraas-115-x-9cm-2\/"},"modified":"2026-04-20T03:15:47","modified_gmt":"2026-04-20T00:15:47","slug":"record-pehmete-harjastega-kraas-115-x-9cm","status":"publish","type":"product","link":"https:\/\/kasskoer.ee\/en\/toode\/record-pehmete-harjastega-kraas-115-x-9cm\/","title":{"rendered":"Record pehmete harjastega kraas 11,5 x 9cm"},"content":{"rendered":"<p>Traditsiooniline puidust k\u00e4epidemega kraas karvahoolduseks.&nbsp;Kraas sobib h\u00e4sti aluskarva ja juba lahtise karva v\u00e4lja kammimiseks.&nbsp;Peenikeste metallist harjastega.&nbsp;<\/p>\n","protected":false},"excerpt":{"rendered":"<p>Record puidust k\u00e4epideme ja pehmete harjastega kraas 11,5 x 9 cm.<\/p>\n","protected":false},"featured_media":6689,"template":"","meta":[],"product_cat":[688,365],"product_tag":[],"class_list":{"0":"post-17098","1":"product","2":"type-product","3":"status-publish","4":"has-post-thumbnail","6":"product_cat-koerad","7":"product_cat-koerte-tarvikud","8":"pa_brand-record","9":"pa_ean-414","10":"pa_kaal-0-040","11":"pa_tootjariik-itaalia","13":"first","14":"instock","15":"taxable","16":"shipping-taxable","17":"purchasable","18":"product-type-simple"},"_links":{"self":[{"href":"https:\/\/kasskoer.ee\/en\/wp-json\/wp\/v2\/product\/17098","targetHints":{"allow":["GET"]}}],"collection":[{"href":"https:\/\/kasskoer.ee\/en\/wp-json\/wp\/v2\/product"}],"about":[{"href":"https:\/\/kasskoer.ee\/en\/wp-json\/wp\/v2\/types\/product"}],"wp:featuredmedia":[{"embeddable":true,"href":"https:\/\/kasskoer.ee\/en\/wp-json\/wp\/v2\/media\/6689"}],"wp:attachment":[{"href":"https:\/\/kasskoer.ee\/en\/wp-json\/wp\/v2\/media?parent=17098"}],"wp:term":[{"taxonomy":"product_cat","embeddable":true,"href":"https:\/\/kasskoer.ee\/en\/wp-json\/wp\/v2\/product_cat?post=17098"},{"taxonomy":"product_tag","embeddable":true,"href":"https:\/\/kasskoer.ee\/en\/wp-json\/wp\/v2\/product_tag?post=17098"}],"curies":[{"name":"wp","href":"https:\/\/api.w.org\/{rel}","templated":true}]}}