{"id":17100,"date":"2026-04-21T03:20:53","date_gmt":"2026-04-21T00:20:53","guid":{"rendered":"https:\/\/kasskoer.ee\/product\/record-kraas-plastmassist-varrega-16-x-11cm-2\/"},"modified":"2026-04-21T03:20:54","modified_gmt":"2026-04-21T00:20:54","slug":"record-kraas-plastmassist-varrega-16-x-11cm","status":"publish","type":"product","link":"https:\/\/kasskoer.ee\/en\/toode\/record-kraas-plastmassist-varrega-16-x-11cm\/","title":{"rendered":"Record kraas plastmassist varrega 16 x 11cm"},"content":{"rendered":"<p>Plastikust&nbsp;k\u00e4epidemega kraas karvahoolduseks.&nbsp;Kraas sobib h\u00e4sti aluskarva ja juba lahtise karva v\u00e4lja kammimiseks.&nbsp;Peenikeste metallist harjastega.&nbsp;<\/p>\n","protected":false},"excerpt":{"rendered":"<p>Record kraas plastmassist varrega.<\/p>\n","protected":false},"featured_media":6691,"template":"","meta":[],"product_cat":[688,365],"product_tag":[],"class_list":{"0":"post-17100","1":"product","2":"type-product","3":"status-publish","4":"has-post-thumbnail","6":"product_cat-koerad","7":"product_cat-koerte-tarvikud","8":"pa_brand-record","9":"pa_ean-416","10":"pa_kaal-0-060","11":"pa_tootjariik-itaalia","13":"first","14":"instock","15":"taxable","16":"shipping-taxable","17":"purchasable","18":"product-type-simple"},"_links":{"self":[{"href":"https:\/\/kasskoer.ee\/en\/wp-json\/wp\/v2\/product\/17100","targetHints":{"allow":["GET"]}}],"collection":[{"href":"https:\/\/kasskoer.ee\/en\/wp-json\/wp\/v2\/product"}],"about":[{"href":"https:\/\/kasskoer.ee\/en\/wp-json\/wp\/v2\/types\/product"}],"wp:featuredmedia":[{"embeddable":true,"href":"https:\/\/kasskoer.ee\/en\/wp-json\/wp\/v2\/media\/6691"}],"wp:attachment":[{"href":"https:\/\/kasskoer.ee\/en\/wp-json\/wp\/v2\/media?parent=17100"}],"wp:term":[{"taxonomy":"product_cat","embeddable":true,"href":"https:\/\/kasskoer.ee\/en\/wp-json\/wp\/v2\/product_cat?post=17100"},{"taxonomy":"product_tag","embeddable":true,"href":"https:\/\/kasskoer.ee\/en\/wp-json\/wp\/v2\/product_tag?post=17100"}],"curies":[{"name":"wp","href":"https:\/\/api.w.org\/{rel}","templated":true}]}}