{"id":17114,"date":"2026-04-20T03:15:46","date_gmt":"2026-04-20T00:15:46","guid":{"rendered":"https:\/\/kasskoer.ee\/product\/record-jooksuaja-puksid-24-31cm-2\/"},"modified":"2026-04-20T03:15:48","modified_gmt":"2026-04-20T00:15:48","slug":"record-jooksuaja-puksid-24-31cm","status":"publish","type":"product","link":"https:\/\/kasskoer.ee\/en\/toode\/record-jooksuaja-puksid-24-31cm\/","title":{"rendered":"Record jooksuaja p\u00fcksid 24-31cm"},"content":{"rendered":"<li>Jooksuaja p\u00fcksid, mis on v\u00e4ga mugavad ja tagavad maksimaalse liikumisvabaduse.<\/li>\n<p>&#13;<\/p>\n<li>P\u00fckste sees on tasku h\u00fcgieenisidemete jaoks.<\/li>\n<p>&#13;<\/p>\n<li>Sobib igas vanuses koertele.<\/li>\n<p>&#13;<\/p>\n<li>P\u00fcksid on reguleeritava kummipaelaga.<\/li>\n<p>&#13;<br \/>\n&#13;<br \/>\n<br \/><b>M\u00f5\u00f5dud<\/b><br \/> 24-31cm<\/p>\n","protected":false},"excerpt":{"rendered":"<p>Reguleeritava kummipaelaga sanitaarp\u00fcksid koerale.<\/p>\n","protected":false},"featured_media":13956,"template":"","meta":[],"product_cat":[688,365],"product_tag":[],"class_list":{"0":"post-17114","1":"product","2":"type-product","3":"status-publish","4":"has-post-thumbnail","6":"product_cat-koerad","7":"product_cat-koerte-tarvikud","8":"pa_brand-record","9":"pa_ean-1834","10":"pa_kaal-0-025","11":"pa_tootjariik-itaalia","13":"first","14":"outofstock","15":"taxable","16":"shipping-taxable","17":"purchasable","18":"product-type-simple"},"_links":{"self":[{"href":"https:\/\/kasskoer.ee\/en\/wp-json\/wp\/v2\/product\/17114","targetHints":{"allow":["GET"]}}],"collection":[{"href":"https:\/\/kasskoer.ee\/en\/wp-json\/wp\/v2\/product"}],"about":[{"href":"https:\/\/kasskoer.ee\/en\/wp-json\/wp\/v2\/types\/product"}],"wp:featuredmedia":[{"embeddable":true,"href":"https:\/\/kasskoer.ee\/en\/wp-json\/wp\/v2\/media\/13956"}],"wp:attachment":[{"href":"https:\/\/kasskoer.ee\/en\/wp-json\/wp\/v2\/media?parent=17114"}],"wp:term":[{"taxonomy":"product_cat","embeddable":true,"href":"https:\/\/kasskoer.ee\/en\/wp-json\/wp\/v2\/product_cat?post=17114"},{"taxonomy":"product_tag","embeddable":true,"href":"https:\/\/kasskoer.ee\/en\/wp-json\/wp\/v2\/product_tag?post=17114"}],"curies":[{"name":"wp","href":"https:\/\/api.w.org\/{rel}","templated":true}]}}