{"id":17121,"date":"2026-04-20T03:15:46","date_gmt":"2026-04-20T00:15:46","guid":{"rendered":"https:\/\/kasskoer.ee\/product\/record-narimiskont-valged-nahktikud-13cm-100tk-2\/"},"modified":"2026-04-20T03:15:48","modified_gmt":"2026-04-20T00:15:48","slug":"record-narimiskont-valged-nahktikud-13cm-100tk","status":"publish","type":"product","link":"https:\/\/kasskoer.ee\/en\/toode\/record-narimiskont-valged-nahktikud-13cm-100tk\/","title":{"rendered":"Record n\u00e4rimiskont valged nahktikud 13cm 100tk"},"content":{"rendered":"<li>V\u00e4ikese suurusega, sobivad ka v\u00e4ikese ja keskmise suurusega koertele.<\/li>\n<p>&#13;<\/p>\n<li>Maiuste n\u00e4rimine tugevdab hammaste ja igemete tervist.<\/li>\n<p>&#13;<\/p>\n<li>T\u00e4nu oma kujule, ulatuvad need n\u00e4rimiseks ka suu\u00f5\u00f5ne k\u00f5ige kaugematesse nurkadesse.<\/li>\n<p> &#13;<\/p>\n<li>Pakendis 100 tk.<\/li>\n<p>&#13;<br \/>\n<br \/>&#13;<br \/>\n<b>Koostis<\/b><br \/>&#13;<br \/>\nToornahk 99%, tapioki t\u00e4rklis 1%.&#13;<br \/>\n<br \/>&#13;<br \/>\n<br \/><b>Anal\u00fc\u00fctilised koostisosad<\/b><br \/>&#13;<br \/>\nToorproteiin 82%, toor\u00f5lid ja -rasvad 1.0%, toorkiud 0.8%, niiskus 16.0%, toortuhk 1.0%.<\/p>\n","protected":false},"excerpt":{"rendered":"<p>Valged toornahast n\u00e4rimispulgad koertele.<\/p>\n","protected":false},"featured_media":13962,"template":"","meta":[],"product_cat":[1332,688],"product_tag":[],"class_list":{"0":"post-17121","1":"product","2":"type-product","3":"status-publish","4":"has-post-thumbnail","6":"product_cat-koerte-narimiskondid","7":"product_cat-koerad","8":"pa_brand-record","9":"pa_ean-1803","10":"pa_kaal-0-550","11":"pa_tootjariik-hiina","13":"first","14":"instock","15":"taxable","16":"shipping-taxable","17":"purchasable","18":"product-type-simple"},"_links":{"self":[{"href":"https:\/\/kasskoer.ee\/en\/wp-json\/wp\/v2\/product\/17121","targetHints":{"allow":["GET"]}}],"collection":[{"href":"https:\/\/kasskoer.ee\/en\/wp-json\/wp\/v2\/product"}],"about":[{"href":"https:\/\/kasskoer.ee\/en\/wp-json\/wp\/v2\/types\/product"}],"wp:featuredmedia":[{"embeddable":true,"href":"https:\/\/kasskoer.ee\/en\/wp-json\/wp\/v2\/media\/13962"}],"wp:attachment":[{"href":"https:\/\/kasskoer.ee\/en\/wp-json\/wp\/v2\/media?parent=17121"}],"wp:term":[{"taxonomy":"product_cat","embeddable":true,"href":"https:\/\/kasskoer.ee\/en\/wp-json\/wp\/v2\/product_cat?post=17121"},{"taxonomy":"product_tag","embeddable":true,"href":"https:\/\/kasskoer.ee\/en\/wp-json\/wp\/v2\/product_tag?post=17121"}],"curies":[{"name":"wp","href":"https:\/\/api.w.org\/{rel}","templated":true}]}}