{"id":17126,"date":"2026-04-20T03:15:46","date_gmt":"2026-04-20T00:15:46","guid":{"rendered":"https:\/\/kasskoer.ee\/product\/sams-field-salmon-chicken-with-pumpkin-konserv-koertele-400g-2\/"},"modified":"2026-04-20T03:15:48","modified_gmt":"2026-04-20T00:15:48","slug":"sams-field-salmon-chicken-with-pumpkin-konserv-koertele-400g","status":"publish","type":"product","link":"https:\/\/kasskoer.ee\/en\/toode\/sams-field-salmon-chicken-with-pumpkin-konserv-koertele-400g\/","title":{"rendered":"Sam&#8217;s Field Salmon &#038; Chicken with Pumpkin konserv koertele 400g"},"content":{"rendered":"<p><b>Sam&#8217;s Field t\u00e4iss\u00f6\u00f6t konserv t\u00e4iskasvanud koertele l\u00f5he, kana ja k\u00f5rvitsaga.<\/b><br \/>&#13;<br \/>\n<br \/>&#13;<br \/>\n<b>Koostis<\/b><br \/>&#13;<br \/>\nKana 46%, l\u00f5he 20%, k\u00f5rvits 4%, hernejahu 2%, lignotselluloos 1%, l\u00f5he\u00f5li 0,5%.<br \/>&#13;<br \/>\n<br \/>&#13;<br \/>\n<b>Anal\u00fc\u00fctiline koostis<\/b><br \/>&#13;<br \/>\nNiiskus 78,0%, toorvalk 8,0%, toorrasv 5,5%, toortuhk 3,0%, toorkiud 0,6%, kaltsium 0,1%, fosfor 0,3%, naatrium 0,3%.<br \/>&#13;<br \/>\n<br \/>&#13;<br \/>\n<b>S\u00f6\u00f6dalisandid (1 kg kohta)<\/b><br \/>&#13;<br \/>\nToitainelised lisandid: D3-vitamiin (3a671) 200 R\u00dc, E-vitamiin (3a700) 100 mg, tsink (3b606) 15 mg, mangaan (3b504) 3 mg, jood (3b201) 0,75 mg, vask (3b406) 4 mg, raud (3b106) 10 mg. Tehnoloogilised lisandid: jaanileivapuujahu (E410) 5000 mg.<br \/>&#13;<br \/>\n<br \/>&#13;<br \/>\n<b>Metaboliseeruv energia<\/b><br \/>&#13;<br \/>\n1000 kcal\/kg<br \/>&#13;<br \/>\n<br \/>&#13;<br \/>\n<b>S\u00f6\u00f6tmisjuhised<\/b><br \/>&#13;<br \/>\nServeeri toatemperatuuril. P\u00e4rast avamist hoida k\u00fclmkapis. S\u00f6\u00f6tmiskogus v\u00f5ib varieeruda s\u00f5ltuvalt koera t\u00f5ust ja hooajalistest teguritest ning see tuleks jagada kaheks toidukorraks p\u00e4evas. V\u00e4rske joogivesi peab olema alati saadaval.<\/p>\n","protected":false},"excerpt":{"rendered":"<p>Sam&#8217;s Field konserv t\u00e4iskasvanud koertele l\u00f5he, kana ja k\u00f5rvitsaga.<\/p>\n","protected":false},"featured_media":6702,"template":"","meta":[],"product_cat":[688,106],"product_tag":[],"class_list":{"0":"post-17126","1":"product","2":"type-product","3":"status-publish","4":"has-post-thumbnail","6":"product_cat-koerad","7":"product_cat-konservid-koertele","8":"pa_brand-sams-field","9":"pa_ean-395","10":"pa_kaal-0-400","11":"pa_tootjariik-tsehhi","13":"first","14":"instock","15":"taxable","16":"shipping-taxable","17":"purchasable","18":"product-type-simple"},"_links":{"self":[{"href":"https:\/\/kasskoer.ee\/en\/wp-json\/wp\/v2\/product\/17126","targetHints":{"allow":["GET"]}}],"collection":[{"href":"https:\/\/kasskoer.ee\/en\/wp-json\/wp\/v2\/product"}],"about":[{"href":"https:\/\/kasskoer.ee\/en\/wp-json\/wp\/v2\/types\/product"}],"wp:featuredmedia":[{"embeddable":true,"href":"https:\/\/kasskoer.ee\/en\/wp-json\/wp\/v2\/media\/6702"}],"wp:attachment":[{"href":"https:\/\/kasskoer.ee\/en\/wp-json\/wp\/v2\/media?parent=17126"}],"wp:term":[{"taxonomy":"product_cat","embeddable":true,"href":"https:\/\/kasskoer.ee\/en\/wp-json\/wp\/v2\/product_cat?post=17126"},{"taxonomy":"product_tag","embeddable":true,"href":"https:\/\/kasskoer.ee\/en\/wp-json\/wp\/v2\/product_tag?post=17126"}],"curies":[{"name":"wp","href":"https:\/\/api.w.org\/{rel}","templated":true}]}}