{"id":17131,"date":"2026-04-20T03:15:46","date_gmt":"2026-04-20T00:15:46","guid":{"rendered":"https:\/\/kasskoer.ee\/product\/record-aktiivsoega-filter-kassitualetile-1tk-2\/"},"modified":"2026-04-20T03:15:48","modified_gmt":"2026-04-20T00:15:48","slug":"record-aktiivsoega-filter-kassitualetile-1tk","status":"publish","type":"product","link":"https:\/\/kasskoer.ee\/en\/toode\/record-aktiivsoega-filter-kassitualetile-1tk\/","title":{"rendered":"Record aktiivs\u00f6ega filter kassitualetile 1tk"},"content":{"rendered":"<p>Aktiivs\u00f6ega filter aitab neutraliseerida ebameeldivat l\u00f5hna.<\/p>\n<p> Filtrit on soovitatav vahetada iga 90 p\u00e4eva j\u00e4rel.<\/p>\n<p> Filter sobib mudelitele Oliver ja Romeo.<\/p>\n","protected":false},"excerpt":{"rendered":"<p>Record aktiivs\u00f6ega filter kassitualetile 1 tk.<\/p>\n","protected":false},"featured_media":6707,"template":"","meta":[],"product_cat":[1216],"product_tag":[],"class_list":{"0":"post-17131","1":"product","2":"type-product","3":"status-publish","4":"has-post-thumbnail","6":"product_cat-kasside-tarvikud","7":"pa_brand-record","8":"pa_ean-451","9":"pa_kaal-0-020","10":"pa_tootjariik-itaalia","12":"first","13":"instock","14":"taxable","15":"shipping-taxable","16":"purchasable","17":"product-type-simple"},"_links":{"self":[{"href":"https:\/\/kasskoer.ee\/en\/wp-json\/wp\/v2\/product\/17131","targetHints":{"allow":["GET"]}}],"collection":[{"href":"https:\/\/kasskoer.ee\/en\/wp-json\/wp\/v2\/product"}],"about":[{"href":"https:\/\/kasskoer.ee\/en\/wp-json\/wp\/v2\/types\/product"}],"wp:featuredmedia":[{"embeddable":true,"href":"https:\/\/kasskoer.ee\/en\/wp-json\/wp\/v2\/media\/6707"}],"wp:attachment":[{"href":"https:\/\/kasskoer.ee\/en\/wp-json\/wp\/v2\/media?parent=17131"}],"wp:term":[{"taxonomy":"product_cat","embeddable":true,"href":"https:\/\/kasskoer.ee\/en\/wp-json\/wp\/v2\/product_cat?post=17131"},{"taxonomy":"product_tag","embeddable":true,"href":"https:\/\/kasskoer.ee\/en\/wp-json\/wp\/v2\/product_tag?post=17131"}],"curies":[{"name":"wp","href":"https:\/\/api.w.org\/{rel}","templated":true}]}}