{"id":17133,"date":"2026-04-20T03:15:46","date_gmt":"2026-04-20T00:15:46","guid":{"rendered":"https:\/\/kasskoer.ee\/product\/record-ronimispuu-athena-75x40x96cm-2\/"},"modified":"2026-04-20T03:15:48","modified_gmt":"2026-04-20T00:15:48","slug":"record-ronimispuu-athena-75x40x96cm","status":"publish","type":"product","link":"https:\/\/kasskoer.ee\/en\/toode\/record-ronimispuu-athena-75x40x96cm\/","title":{"rendered":"Record ronimispuu Athena 75x40x96cm"},"content":{"rendered":"<p>Ronimispuu Athena on ideaalne koht kassile k\u00fc\u00fcnte teritamiseks ja puhkamiseks. Ronimispuu alumisel korrusel on kiik\/magamiskorv puhkamiseks ja \u00fclemisel tasandil on m\u00e4ngimiseks n\u00f6\u00f6ri otsas rippuv pall.<\/p>\n","protected":false},"excerpt":{"rendered":"<p>Mitmetasandiline ronimispuu kassidele.<\/p>\n","protected":false},"featured_media":13970,"template":"","meta":[],"product_cat":[1322],"product_tag":[],"class_list":{"0":"post-17133","1":"product","2":"type-product","3":"status-publish","4":"has-post-thumbnail","6":"product_cat-kasside-ronimispuud-ja-kraapimislauad","7":"pa_brand-record","8":"pa_ean-1907","9":"pa_kaal-8-500","10":"pa_tootjariik-hiina","12":"first","13":"instock","14":"taxable","15":"shipping-taxable","16":"purchasable","17":"product-type-simple"},"_links":{"self":[{"href":"https:\/\/kasskoer.ee\/en\/wp-json\/wp\/v2\/product\/17133","targetHints":{"allow":["GET"]}}],"collection":[{"href":"https:\/\/kasskoer.ee\/en\/wp-json\/wp\/v2\/product"}],"about":[{"href":"https:\/\/kasskoer.ee\/en\/wp-json\/wp\/v2\/types\/product"}],"wp:featuredmedia":[{"embeddable":true,"href":"https:\/\/kasskoer.ee\/en\/wp-json\/wp\/v2\/media\/13970"}],"wp:attachment":[{"href":"https:\/\/kasskoer.ee\/en\/wp-json\/wp\/v2\/media?parent=17133"}],"wp:term":[{"taxonomy":"product_cat","embeddable":true,"href":"https:\/\/kasskoer.ee\/en\/wp-json\/wp\/v2\/product_cat?post=17133"},{"taxonomy":"product_tag","embeddable":true,"href":"https:\/\/kasskoer.ee\/en\/wp-json\/wp\/v2\/product_tag?post=17133"}],"curies":[{"name":"wp","href":"https:\/\/api.w.org\/{rel}","templated":true}]}}