{"id":17135,"date":"2026-04-20T03:15:46","date_gmt":"2026-04-20T00:15:46","guid":{"rendered":"https:\/\/kasskoer.ee\/product\/best-bone-noorilelu-koertele-15cm-2\/"},"modified":"2026-04-20T03:15:49","modified_gmt":"2026-04-20T00:15:49","slug":"best-bone-noorilelu-koertele-15cm","status":"publish","type":"product","link":"https:\/\/kasskoer.ee\/en\/toode\/best-bone-noorilelu-koertele-15cm\/","title":{"rendered":"Best Bone n\u00f6\u00f6rilelu koertele 15cm"},"content":{"rendered":"<p>N\u00f6\u00f6rilelu on tugev ja vastupidav m\u00e4nguasi, millega m\u00e4ngimine aitab puhastada koera hambaid ja igemeid.<\/p>\n","protected":false},"excerpt":{"rendered":"<p>Best Bone n\u00f6\u00f6rilelu koertele 15cm.<\/p>\n","protected":false},"featured_media":6709,"template":"","meta":[],"product_cat":[1326,688],"product_tag":[],"class_list":{"0":"post-17135","1":"product","2":"type-product","3":"status-publish","4":"has-post-thumbnail","6":"product_cat-koerte-manguasjad","7":"product_cat-koerad","8":"pa_brand-best-bone","9":"pa_ean-409","10":"pa_kaal-0-070","11":"pa_tootjariik-itaalia","13":"first","14":"instock","15":"taxable","16":"shipping-taxable","17":"purchasable","18":"product-type-simple"},"_links":{"self":[{"href":"https:\/\/kasskoer.ee\/en\/wp-json\/wp\/v2\/product\/17135","targetHints":{"allow":["GET"]}}],"collection":[{"href":"https:\/\/kasskoer.ee\/en\/wp-json\/wp\/v2\/product"}],"about":[{"href":"https:\/\/kasskoer.ee\/en\/wp-json\/wp\/v2\/types\/product"}],"wp:featuredmedia":[{"embeddable":true,"href":"https:\/\/kasskoer.ee\/en\/wp-json\/wp\/v2\/media\/6709"}],"wp:attachment":[{"href":"https:\/\/kasskoer.ee\/en\/wp-json\/wp\/v2\/media?parent=17135"}],"wp:term":[{"taxonomy":"product_cat","embeddable":true,"href":"https:\/\/kasskoer.ee\/en\/wp-json\/wp\/v2\/product_cat?post=17135"},{"taxonomy":"product_tag","embeddable":true,"href":"https:\/\/kasskoer.ee\/en\/wp-json\/wp\/v2\/product_tag?post=17135"}],"curies":[{"name":"wp","href":"https:\/\/api.w.org\/{rel}","templated":true}]}}