{"id":17140,"date":"2026-04-20T03:15:46","date_gmt":"2026-04-20T00:15:46","guid":{"rendered":"https:\/\/kasskoer.ee\/product\/record-sooginou-kummiaarega-22l-2\/"},"modified":"2026-04-20T03:15:49","modified_gmt":"2026-04-20T00:15:49","slug":"record-sooginou-kummiaarega-22l","status":"publish","type":"product","link":"https:\/\/kasskoer.ee\/en\/toode\/record-sooginou-kummiaarega-22l\/","title":{"rendered":"Record s\u00f6\u00f6gin\u00f5u kummi\u00e4\u00e4rega 2,2L"},"content":{"rendered":"<li>Elegantne disain, reljeefse kaunistusega kausi serval.<\/li>\n<p>&#13;<\/p>\n<li>Kausi p\u00f5hjas on kummist alus, mis takistab kausi libisemist.<\/li>\n","protected":false},"excerpt":{"rendered":"<p>Kvaliteetne roostevabast terasest libisemisvastase alusega s\u00f6\u00f6gin\u00f5u.<\/p>\n","protected":false},"featured_media":13978,"template":"","meta":[],"product_cat":[1319],"product_tag":[],"class_list":{"0":"post-17140","1":"product","2":"type-product","3":"status-publish","4":"has-post-thumbnail","6":"product_cat-koerte-sooginoud","7":"pa_brand-record","8":"pa_ean-1724","9":"pa_kaal-0-350","10":"pa_tootjariik-hiina","12":"first","13":"instock","14":"taxable","15":"shipping-taxable","16":"purchasable","17":"product-type-simple"},"_links":{"self":[{"href":"https:\/\/kasskoer.ee\/en\/wp-json\/wp\/v2\/product\/17140","targetHints":{"allow":["GET"]}}],"collection":[{"href":"https:\/\/kasskoer.ee\/en\/wp-json\/wp\/v2\/product"}],"about":[{"href":"https:\/\/kasskoer.ee\/en\/wp-json\/wp\/v2\/types\/product"}],"wp:featuredmedia":[{"embeddable":true,"href":"https:\/\/kasskoer.ee\/en\/wp-json\/wp\/v2\/media\/13978"}],"wp:attachment":[{"href":"https:\/\/kasskoer.ee\/en\/wp-json\/wp\/v2\/media?parent=17140"}],"wp:term":[{"taxonomy":"product_cat","embeddable":true,"href":"https:\/\/kasskoer.ee\/en\/wp-json\/wp\/v2\/product_cat?post=17140"},{"taxonomy":"product_tag","embeddable":true,"href":"https:\/\/kasskoer.ee\/en\/wp-json\/wp\/v2\/product_tag?post=17140"}],"curies":[{"name":"wp","href":"https:\/\/api.w.org\/{rel}","templated":true}]}}