{"id":17146,"date":"2026-04-20T03:15:49","date_gmt":"2026-04-20T00:15:49","guid":{"rendered":"https:\/\/kasskoer.ee\/product\/record-metallist-sooginou-215cm-175l-2\/"},"modified":"2026-04-20T03:15:49","modified_gmt":"2026-04-20T00:15:49","slug":"record-metallist-sooginou-215cm-175l","status":"publish","type":"product","link":"https:\/\/kasskoer.ee\/en\/toode\/record-metallist-sooginou-215cm-175l\/","title":{"rendered":"Record metallist s\u00f6\u00f6gin\u00f5u 21,5cm 1,75L"},"content":{"rendered":"<p>Record metallist kauss 1750ml 21,5cm.<\/p>\n","protected":false},"excerpt":{"rendered":"<p>Record metallist s\u00f6\u00f6gin\u00f5u 21,5cm 1,75L<\/p>\n","protected":false},"featured_media":6711,"template":"","meta":[],"product_cat":[1319],"product_tag":[],"class_list":{"0":"post-17146","1":"product","2":"type-product","3":"status-publish","4":"has-post-thumbnail","6":"product_cat-koerte-sooginoud","7":"pa_brand-record","8":"pa_ean-423","9":"pa_kaal-0-140","10":"pa_tootjariik-itaalia","12":"first","13":"instock","14":"taxable","15":"shipping-taxable","16":"purchasable","17":"product-type-simple"},"_links":{"self":[{"href":"https:\/\/kasskoer.ee\/en\/wp-json\/wp\/v2\/product\/17146","targetHints":{"allow":["GET"]}}],"collection":[{"href":"https:\/\/kasskoer.ee\/en\/wp-json\/wp\/v2\/product"}],"about":[{"href":"https:\/\/kasskoer.ee\/en\/wp-json\/wp\/v2\/types\/product"}],"wp:featuredmedia":[{"embeddable":true,"href":"https:\/\/kasskoer.ee\/en\/wp-json\/wp\/v2\/media\/6711"}],"wp:attachment":[{"href":"https:\/\/kasskoer.ee\/en\/wp-json\/wp\/v2\/media?parent=17146"}],"wp:term":[{"taxonomy":"product_cat","embeddable":true,"href":"https:\/\/kasskoer.ee\/en\/wp-json\/wp\/v2\/product_cat?post=17146"},{"taxonomy":"product_tag","embeddable":true,"href":"https:\/\/kasskoer.ee\/en\/wp-json\/wp\/v2\/product_tag?post=17146"}],"curies":[{"name":"wp","href":"https:\/\/api.w.org\/{rel}","templated":true}]}}