{"id":17147,"date":"2026-04-20T03:15:49","date_gmt":"2026-04-20T00:15:49","guid":{"rendered":"https:\/\/kasskoer.ee\/product\/record-metallist-sooginou-165cm-075l-2\/"},"modified":"2026-04-20T03:15:49","modified_gmt":"2026-04-20T00:15:49","slug":"record-metallist-sooginou-165cm-075l","status":"publish","type":"product","link":"https:\/\/kasskoer.ee\/en\/toode\/record-metallist-sooginou-165cm-075l\/","title":{"rendered":"Record metallist s\u00f6\u00f6gin\u00f5u 16,5cm 0,75L"},"content":{"rendered":"<p>Record metallist kauss 750ml 16,5cm.<\/p>\n","protected":false},"excerpt":{"rendered":"<p>Record metallist s\u00f6\u00f6gin\u00f5u 16,5cm 0,75L<\/p>\n","protected":false},"featured_media":6712,"template":"","meta":[],"product_cat":[1319],"product_tag":[],"class_list":{"0":"post-17147","1":"product","2":"type-product","3":"status-publish","4":"has-post-thumbnail","6":"product_cat-koerte-sooginoud","7":"pa_brand-record","8":"pa_ean-422","9":"pa_kaal-0-090","10":"pa_tootjariik-itaalia","12":"first","13":"instock","14":"taxable","15":"shipping-taxable","16":"purchasable","17":"product-type-simple"},"_links":{"self":[{"href":"https:\/\/kasskoer.ee\/en\/wp-json\/wp\/v2\/product\/17147","targetHints":{"allow":["GET"]}}],"collection":[{"href":"https:\/\/kasskoer.ee\/en\/wp-json\/wp\/v2\/product"}],"about":[{"href":"https:\/\/kasskoer.ee\/en\/wp-json\/wp\/v2\/types\/product"}],"wp:featuredmedia":[{"embeddable":true,"href":"https:\/\/kasskoer.ee\/en\/wp-json\/wp\/v2\/media\/6712"}],"wp:attachment":[{"href":"https:\/\/kasskoer.ee\/en\/wp-json\/wp\/v2\/media?parent=17147"}],"wp:term":[{"taxonomy":"product_cat","embeddable":true,"href":"https:\/\/kasskoer.ee\/en\/wp-json\/wp\/v2\/product_cat?post=17147"},{"taxonomy":"product_tag","embeddable":true,"href":"https:\/\/kasskoer.ee\/en\/wp-json\/wp\/v2\/product_tag?post=17147"}],"curies":[{"name":"wp","href":"https:\/\/api.w.org\/{rel}","templated":true}]}}