{"id":17150,"date":"2026-04-20T03:15:49","date_gmt":"2026-04-20T00:15:49","guid":{"rendered":"https:\/\/kasskoer.ee\/product\/record-narimiskont-solmluu-koerale-20cm-160g-2\/"},"modified":"2026-04-20T03:15:49","modified_gmt":"2026-04-20T00:15:49","slug":"record-narimiskont-solmluu-koerale-20cm-160g","status":"publish","type":"product","link":"https:\/\/kasskoer.ee\/en\/toode\/record-narimiskont-solmluu-koerale-20cm-160g\/","title":{"rendered":"Record n\u00e4rimiskont s\u00f5lmluu koerale 20cm 160g"},"content":{"rendered":"<p>Lisaks m\u00f5nusale maitsele ja n\u00e4rimisr\u00f5\u00f5mule puhastavad n\u00e4rimiskondid koera hambaid, aitavad eemaldada hambakivi ning hoida hambad tervetena.<\/p>\n<p><strong>Koostis<\/strong><br \/> 99% toornahk, 1% tapioki t\u00e4rklis.<\/p>\n<p> <strong>Anal\u00fc\u00fctiline koostis<\/strong><br \/> Toorvalk 82,0%, toorrasv 1,0%, niiskus 16,0%, toortuhk 1,0%, toorkiud 0,8%.<\/p>\n","protected":false},"excerpt":{"rendered":"<p>Record n\u00e4rimiskont s\u00f5lmluu koerale.<\/p>\n","protected":false},"featured_media":6714,"template":"","meta":[],"product_cat":[1332,688],"product_tag":[],"class_list":{"0":"post-17150","1":"product","2":"type-product","3":"status-publish","4":"has-post-thumbnail","6":"product_cat-koerte-narimiskondid","7":"product_cat-koerad","8":"pa_brand-record","9":"pa_ean-1026","10":"pa_kaal-0-160","11":"pa_tootjariik-itaalia","13":"first","14":"instock","15":"taxable","16":"shipping-taxable","17":"purchasable","18":"product-type-simple"},"_links":{"self":[{"href":"https:\/\/kasskoer.ee\/en\/wp-json\/wp\/v2\/product\/17150","targetHints":{"allow":["GET"]}}],"collection":[{"href":"https:\/\/kasskoer.ee\/en\/wp-json\/wp\/v2\/product"}],"about":[{"href":"https:\/\/kasskoer.ee\/en\/wp-json\/wp\/v2\/types\/product"}],"wp:featuredmedia":[{"embeddable":true,"href":"https:\/\/kasskoer.ee\/en\/wp-json\/wp\/v2\/media\/6714"}],"wp:attachment":[{"href":"https:\/\/kasskoer.ee\/en\/wp-json\/wp\/v2\/media?parent=17150"}],"wp:term":[{"taxonomy":"product_cat","embeddable":true,"href":"https:\/\/kasskoer.ee\/en\/wp-json\/wp\/v2\/product_cat?post=17150"},{"taxonomy":"product_tag","embeddable":true,"href":"https:\/\/kasskoer.ee\/en\/wp-json\/wp\/v2\/product_tag?post=17150"}],"curies":[{"name":"wp","href":"https:\/\/api.w.org\/{rel}","templated":true}]}}