{"id":17153,"date":"2026-04-20T03:15:49","date_gmt":"2026-04-20T00:15:49","guid":{"rendered":"https:\/\/kasskoer.ee\/product\/record-hambaharja-komplekt-koertele-2\/"},"modified":"2026-04-20T03:15:50","modified_gmt":"2026-04-20T00:15:50","slug":"record-hambaharja-komplekt-koertele","status":"publish","type":"product","link":"https:\/\/kasskoer.ee\/en\/toode\/record-hambaharja-komplekt-koertele\/","title":{"rendered":"Record hambaharja komplekt koertele"},"content":{"rendered":"<li>Komplekt sisaldab kahte harja: \u00fcks harjastega otsik hammaste jaoks ja teine kummiga otsik igemete jaoks.<\/li>\n<p>&#13;<br \/>\n&#13;<br \/>\n<br \/><b>Kasutamine<\/b><br \/>&#13;<br \/>\nPane harjastega hari oma s\u00f5rme k\u00fclge ja lisa harjale veidi hambapastat, pese hambaid vertikaalsete liigutustega, seej\u00e4rel vaheta kummist otsiku vastu ja masseeri  igemeid ja \u00f5rnemaid kohti koera suus.<\/p>\n","protected":false},"excerpt":{"rendered":"<p>Kahest harjast koosnev hambaharja komplekt koerte igemete ja hammaste jaoks.<\/p>\n","protected":false},"featured_media":13990,"template":"","meta":[],"product_cat":[688,365],"product_tag":[],"class_list":{"0":"post-17153","1":"product","2":"type-product","3":"status-publish","4":"has-post-thumbnail","6":"product_cat-koerad","7":"product_cat-koerte-tarvikud","8":"pa_brand-record","9":"pa_ean-1674","10":"pa_kaal-0-020","11":"pa_tootjariik-hiina","13":"first","14":"instock","15":"taxable","16":"shipping-taxable","17":"purchasable","18":"product-type-simple"},"_links":{"self":[{"href":"https:\/\/kasskoer.ee\/en\/wp-json\/wp\/v2\/product\/17153","targetHints":{"allow":["GET"]}}],"collection":[{"href":"https:\/\/kasskoer.ee\/en\/wp-json\/wp\/v2\/product"}],"about":[{"href":"https:\/\/kasskoer.ee\/en\/wp-json\/wp\/v2\/types\/product"}],"wp:featuredmedia":[{"embeddable":true,"href":"https:\/\/kasskoer.ee\/en\/wp-json\/wp\/v2\/media\/13990"}],"wp:attachment":[{"href":"https:\/\/kasskoer.ee\/en\/wp-json\/wp\/v2\/media?parent=17153"}],"wp:term":[{"taxonomy":"product_cat","embeddable":true,"href":"https:\/\/kasskoer.ee\/en\/wp-json\/wp\/v2\/product_cat?post=17153"},{"taxonomy":"product_tag","embeddable":true,"href":"https:\/\/kasskoer.ee\/en\/wp-json\/wp\/v2\/product_tag?post=17153"}],"curies":[{"name":"wp","href":"https:\/\/api.w.org\/{rel}","templated":true}]}}