{"id":17158,"date":"2026-04-20T03:15:49","date_gmt":"2026-04-20T00:15:49","guid":{"rendered":"https:\/\/kasskoer.ee\/product\/brit-care-loheoli-500-ml-2\/"},"modified":"2026-04-20T03:15:50","modified_gmt":"2026-04-20T00:15:50","slug":"brit-care-loheoli-500-ml","status":"publish","type":"product","link":"https:\/\/kasskoer.ee\/en\/toode\/brit-care-loheoli-500-ml\/","title":{"rendered":"Brit Care l\u00f5he\u00f5li 500 ml"},"content":{"rendered":"<p>Naturaalne omega-3 rasvhapete (EPA+DHA) allikas igap\u00e4evaseks kasutamiseks. Kauni karvkatte ja terve naha tagamiseks ning reguleerib kolesterooli taset veres.<\/p>\n<p style=\"margin-left:0px;\"><strong>Koostis<\/strong><\/p>\n<p style=\"margin-left:0px;\">100% l\u00f5he\u00f5li<\/p>\n<p style=\"margin-left:0px;\"><strong>Anal\u00fc\u00fctilised koostisosad<\/strong><\/p>\n<p style=\"margin-left:0px;\">Toorvalk 0 %, rasv 99 %, toortuhk 0 %, eikosapentaeenhape (EPA) 8,90 %, dokosaheksaeenhape (DHA) 11,14 %, gammalinoleenhape (GLA) 0,1 %.<\/p>\n","protected":false},"excerpt":{"rendered":"<p>Brit Care l\u00f5he\u00f5li tugeva karvkatte ja terve naha tagamiseks.<\/p>\n","protected":false},"featured_media":6723,"template":"","meta":[],"product_cat":[1318,688],"product_tag":[],"class_list":{"0":"post-17158","1":"product","2":"type-product","3":"status-publish","4":"has-post-thumbnail","6":"product_cat-koerte-toidulisandid","7":"product_cat-koerad","8":"pa_brand-brit-care","9":"pa_ean-366","10":"pa_kaal-0-500","11":"pa_tootjariik-tsehhi","13":"first","14":"instock","15":"taxable","16":"shipping-taxable","17":"purchasable","18":"product-type-simple"},"_links":{"self":[{"href":"https:\/\/kasskoer.ee\/en\/wp-json\/wp\/v2\/product\/17158","targetHints":{"allow":["GET"]}}],"collection":[{"href":"https:\/\/kasskoer.ee\/en\/wp-json\/wp\/v2\/product"}],"about":[{"href":"https:\/\/kasskoer.ee\/en\/wp-json\/wp\/v2\/types\/product"}],"wp:featuredmedia":[{"embeddable":true,"href":"https:\/\/kasskoer.ee\/en\/wp-json\/wp\/v2\/media\/6723"}],"wp:attachment":[{"href":"https:\/\/kasskoer.ee\/en\/wp-json\/wp\/v2\/media?parent=17158"}],"wp:term":[{"taxonomy":"product_cat","embeddable":true,"href":"https:\/\/kasskoer.ee\/en\/wp-json\/wp\/v2\/product_cat?post=17158"},{"taxonomy":"product_tag","embeddable":true,"href":"https:\/\/kasskoer.ee\/en\/wp-json\/wp\/v2\/product_tag?post=17158"}],"curies":[{"name":"wp","href":"https:\/\/api.w.org\/{rel}","templated":true}]}}