{"id":17164,"date":"2026-04-20T03:15:49","date_gmt":"2026-04-20T00:15:49","guid":{"rendered":"https:\/\/kasskoer.ee\/product\/koerustukk-kuivatatud-puhvli-peenis-200g-2\/"},"modified":"2026-04-20T03:15:50","modified_gmt":"2026-04-20T00:15:50","slug":"koerustukk-kuivatatud-puhvli-peenis-200g","status":"publish","type":"product","link":"https:\/\/kasskoer.ee\/en\/toode\/koerustukk-kuivatatud-puhvli-peenis-200g\/","title":{"rendered":"Koerust\u00fckk &#8211; Kuivatatud p\u00fchvli peenis 200g"},"content":{"rendered":"<p><strong>Koerust\u00fckk naturaalne kuivatatud p\u00fchvli peenis 200g<\/strong><\/p>\n<p> <strong>Koostis<\/strong><br \/> Naturaalne p\u00fchvli peenis<\/p>\n<p> <strong>Keskmine sisaldus<\/strong><br \/> Toorvalk 78%, niiskus 14%, toorrasv 5%, toortuhk 3%.<\/p>\n<p> <strong>Toitmine<\/strong><br \/> Anda nagu maiustust olenevalt koera suurusest. V\u00e4rske vesi peab olema alati saadaval. Hoida kuivas ja jahedas.&nbsp;<\/p>\n","protected":false},"excerpt":{"rendered":"<p>Naturaalne t\u00e4iends\u00f6\u00f6t koertele.<\/p>\n","protected":false},"featured_media":14010,"template":"","meta":[],"product_cat":[1317,688],"product_tag":[],"class_list":{"0":"post-17164","1":"product","2":"type-product","3":"status-publish","4":"has-post-thumbnail","6":"product_cat-koerte-narimismaiused","7":"product_cat-koerad","8":"pa_brand-koerustukk","9":"pa_ean-1103","10":"pa_kaal-0-200","11":"pa_tootjariik-india","13":"first","14":"instock","15":"taxable","16":"shipping-taxable","17":"purchasable","18":"product-type-simple"},"_links":{"self":[{"href":"https:\/\/kasskoer.ee\/en\/wp-json\/wp\/v2\/product\/17164","targetHints":{"allow":["GET"]}}],"collection":[{"href":"https:\/\/kasskoer.ee\/en\/wp-json\/wp\/v2\/product"}],"about":[{"href":"https:\/\/kasskoer.ee\/en\/wp-json\/wp\/v2\/types\/product"}],"wp:featuredmedia":[{"embeddable":true,"href":"https:\/\/kasskoer.ee\/en\/wp-json\/wp\/v2\/media\/14010"}],"wp:attachment":[{"href":"https:\/\/kasskoer.ee\/en\/wp-json\/wp\/v2\/media?parent=17164"}],"wp:term":[{"taxonomy":"product_cat","embeddable":true,"href":"https:\/\/kasskoer.ee\/en\/wp-json\/wp\/v2\/product_cat?post=17164"},{"taxonomy":"product_tag","embeddable":true,"href":"https:\/\/kasskoer.ee\/en\/wp-json\/wp\/v2\/product_tag?post=17164"}],"curies":[{"name":"wp","href":"https:\/\/api.w.org\/{rel}","templated":true}]}}