{"id":17171,"date":"2026-04-20T03:15:49","date_gmt":"2026-04-20T00:15:49","guid":{"rendered":"https:\/\/kasskoer.ee\/product\/sams-field-junior-large-chicken-koeratoit-25-kg-2\/"},"modified":"2026-04-20T03:15:51","modified_gmt":"2026-04-20T00:15:51","slug":"sams-field-junior-large-chicken-koeratoit-25-kg","status":"publish","type":"product","link":"https:\/\/kasskoer.ee\/en\/toode\/sams-field-junior-large-chicken-koeratoit-25-kg\/","title":{"rendered":"Sam&#8217;s Field Junior Large Chicken koeratoit 2,5 kg"},"content":{"rendered":"<p><b>Sam\u00b4s Field Junior Large Chicken &#038; Potato superpremium t\u00e4istoit v\u00e4rske kanalihaga suurt t\u00f5ugu koertele alates 2 elukuust kuni 2 aastani(kasvuea l\u00f5puni).<\/b>&#13;<\/p>\n<li>Sisaldab 60% kana, puu- ja k\u00f6\u00f6givilju.<\/li>\n<p>&#13;<\/p>\n<li>Sisaldab rohkelt kanavalkusid ja rasva, et toetada lihaste kasvu.<\/li>\n<p>&#13;<\/p>\n<li>Gl\u00fckoosamiin ja kondroitiin liigeste ning k\u00f5hrede arengu jaoks.<\/li>\n<p>&#13;<\/p>\n<li>Prebiootikumid (mannaani-oligo ja frukto-oligosahhariidid) soolestiku tervise jaoks.<\/li>\n<p>&#13;<\/p>\n<li>Looduslikud vitamiinide ja antioks\u00fcdantide allikad immuunsuse parandamiseks.<\/li>\n<p>&#13;<\/p>\n<li>V\u00e4rske kana suurep\u00e4raseks seeduvuseks.<\/li>\n<p>&#13;<br \/>\n<br \/>&#13;<br \/>\n<b>Koostis<\/b><br \/>&#13;<br \/>\nKana, kanamaks, kartul, mais, linnurasv (s\u00e4ilitatud tokoferoolide seguga, E-vitamiini allikas), l\u00f5he\u00f5li, looduslikud l\u00f5hna- ja maitseained, kuivatatud \u00f5unad, \u00f5llep\u00e4rm, tomatid, Yucca schidigera ekstrakt, porgandid, mineraalid, gl\u00fckoosamiin, kondroitiin, DL-metioniin, L-l\u00fcsiin, mannan-oligosahhariidid, frukto-oligosahhariidid, probiootikumid.<br \/>&#13;<br \/>\n<br \/>&#13;<br \/>\n<b>Anal\u00fc\u00fctiline koostis<\/b><br \/>&#13;<br \/>\nToorvalk 28 % , toorrasv 14 %, toorkiud 2,5%, toortuhk 6,6%, niiskus 10%, kaltsium 1,5%, fosfor 1,1%.<br \/>&#13;<br \/>\n<br \/>&#13;<br \/>\n<b>Toitainelised lisandid<\/b><br \/>&#13;<br \/>\nA-vitamiin 26 000 R\u00dc, D3-vitamiin 2 000 R\u00dc, E-vitamiin 850 mg, B1-vitamiin 6,8 mg, B2-vitamiin 8,5 mg, B6-vitamiin 6,8 mg, B12-vitamiin 0,06 mg, niatsiin 34 mg, kaltsium pantotenaat 17 mg, biotiin 1,0 mg, foolhape 0,85 mg, koliinkloriid 1 000 mg, orgaaniline tsink 140 mg, orgaaniline vask 20 mg, jood 1,0 mg, orgaaniline seleen 0,25 mg.<br \/>&#13;<br \/>\n<br \/>&#13;<br \/>\n<b>Metaboliseeruv energia<\/b><br \/>&#13;<br \/>\n3750 kcal\/kg<\/p>\n<p>&#13;<br \/>\n<b>Soovituslik p\u00e4evane kogus<\/b>&#13;<\/p>\n<table border=\"1\" cellpadding=\"1\" cellspacing=\"1\" class=\"table table-bordered table-responsive-md table-sm\" style=\"caret-color: rgb(0, 0, 0); color: rgb(0, 0, 0);\">\n<thead>\n<tr>\n<th rowspan=\"2\" scope=\"row\">Vanus<br \/> (kuudes)<\/th>\n<th colspan=\"7\" scope=\"col\">T\u00e4iskasvanud koera kaal (kg)<\/th>\n<\/tr>\n<tr>\n<th scope=\"col\">30<\/th>\n<th scope=\"col\">40<\/th>\n<th scope=\"col\">50<\/th>\n<th scope=\"col\">60<\/th>\n<th scope=\"col\">70<\/th>\n<th scope=\"col\">80<\/th>\n<th scope=\"col\">90<\/th>\n<\/tr>\n<\/thead>\n<tbody>\n<tr>\n<th scope=\"row\">2-3<\/th>\n<td>165<\/td>\n<td>255<\/td>\n<td>295<\/td>\n<td>330<\/td>\n<td>365<\/td>\n<td>370<\/td>\n<td>430<\/td>\n<\/tr>\n<tr>\n<th scope=\"row\">3-4<\/th>\n<td>260<\/td>\n<td>290<\/td>\n<td>340<\/td>\n<td>370<\/td>\n<td>410<\/td>\n<td>440<\/td>\n<td>530<\/td>\n<\/tr>\n<tr>\n<th scope=\"row\">4-6<\/th>\n<td>330<\/td>\n<td>360<\/td>\n<td>400<\/td>\n<td>500<\/td>\n<td>545<\/td>\n<td>600<\/td>\n<td>655<\/td>\n<\/tr>\n<tr>\n<th scope=\"row\">6-12<\/th>\n<td>350<\/td>\n<td>375<\/td>\n<td>450<\/td>\n<td>500<\/td>\n<td>570<\/td>\n<td>630<\/td>\n<td>685<\/td>\n<\/tr>\n<tr>\n<th scope=\"row\">12-18<\/th>\n<td>340<\/td>\n<td>365<\/td>\n<td>435<\/td>\n<td>495<\/td>\n<td>565<\/td>\n<td>625<\/td>\n<td>680<\/td>\n<\/tr>\n<tr>\n<th scope=\"row\">18-24<\/th>\n<td>310<\/td>\n<td>350<\/td>\n<td>415<\/td>\n<td>490<\/td>\n<td>560<\/td>\n<td>615<\/td>\n<td>670<\/td>\n<\/tr>\n<tr>\n<th scope=\"row\">24-30<\/th>\n<td colspan=\"5\" rowspan=\"1\">Adult Large<\/td>\n<td>590<\/td>\n<td>645<\/td>\n<\/tr>\n<\/tbody>\n<\/table>\n","protected":false},"excerpt":{"rendered":"<p>Sam&#8217;s Field t\u00e4iss\u00f6\u00f6t suurt t\u00f5ugu noortele koertele kanalihaga.<\/p>\n","protected":false},"featured_media":6738,"template":"","meta":[],"product_cat":[688,64],"product_tag":[],"class_list":{"0":"post-17171","1":"product","2":"type-product","3":"status-publish","4":"has-post-thumbnail","6":"product_cat-koerad","7":"product_cat-koeratoit","8":"pa_brand-sams-field","9":"pa_ean-377","10":"pa_kaal-2-500","11":"pa_tootjariik-tsehhi","13":"first","14":"instock","15":"taxable","16":"shipping-taxable","17":"purchasable","18":"product-type-simple"},"_links":{"self":[{"href":"https:\/\/kasskoer.ee\/en\/wp-json\/wp\/v2\/product\/17171","targetHints":{"allow":["GET"]}}],"collection":[{"href":"https:\/\/kasskoer.ee\/en\/wp-json\/wp\/v2\/product"}],"about":[{"href":"https:\/\/kasskoer.ee\/en\/wp-json\/wp\/v2\/types\/product"}],"wp:featuredmedia":[{"embeddable":true,"href":"https:\/\/kasskoer.ee\/en\/wp-json\/wp\/v2\/media\/6738"}],"wp:attachment":[{"href":"https:\/\/kasskoer.ee\/en\/wp-json\/wp\/v2\/media?parent=17171"}],"wp:term":[{"taxonomy":"product_cat","embeddable":true,"href":"https:\/\/kasskoer.ee\/en\/wp-json\/wp\/v2\/product_cat?post=17171"},{"taxonomy":"product_tag","embeddable":true,"href":"https:\/\/kasskoer.ee\/en\/wp-json\/wp\/v2\/product_tag?post=17171"}],"curies":[{"name":"wp","href":"https:\/\/api.w.org\/{rel}","templated":true}]}}