{"id":17172,"date":"2026-04-20T03:15:49","date_gmt":"2026-04-20T00:15:49","guid":{"rendered":"https:\/\/kasskoer.ee\/product\/sams-field-adult-mini-koeratoit-25-kg-2\/"},"modified":"2026-04-20T03:15:51","modified_gmt":"2026-04-20T00:15:51","slug":"sams-field-adult-mini-koeratoit-25-kg","status":"publish","type":"product","link":"https:\/\/kasskoer.ee\/en\/toode\/sams-field-adult-mini-koeratoit-25-kg\/","title":{"rendered":"Sam&#8217;s Field Adult Mini koeratoit 2,5 kg"},"content":{"rendered":"<p><strong>Sam\u00b4s Field Adult Mini superpremium&nbsp;t\u00e4istoit v\u00e4ikest t\u00f5ugu t\u00e4iskasvanud koertele v\u00e4rske kanalihaga.<\/strong> <\/p>\n<ul>\n<li>Sisaldab 65 % kanaliha, puu- ja k\u00f6\u00f6givilju.<\/li>\n<li>V\u00e4rske kana&nbsp;suurep\u00e4raseks seeduvuseks.<\/li>\n<li>Tasakaalustatud oomega-3 ja oomega-6 rasvhapped karvkatte ja naha tervise toetamiseks.<\/li>\n<li>Kr\u00f5binate suurus ning mineraalid v\u00e4hendavad hambakivi.<\/li>\n<li>Puu- ja k\u00f6\u00f6giviljad tugevdavad immuunsust.<\/li>\n<\/ul>\n<p> <strong>Koostis<\/strong><br \/> Kana, kanamaks, kartul, mais, linnurasv (s\u00e4ilitatud tokoferoolide seguga, E-vitamiini allikas), l\u00f5he\u00f5li, looduslikud l\u00f5hna- ja maitseained, kuivatatud \u00f5unad, \u00f5llep\u00e4rm, tomatid, Yucca schidigera ekstrakt, porgand, mineraalid, DL- metioniin, L-l\u00fcsiin, mannan-oligosahhariidid, frukto-oligosahhariidid, probiootikumid.<\/p>\n<p> <strong>Anal\u00fc\u00fctiline koostis&nbsp;<\/strong><br \/> Toorvalk 28%, toorrasv 17%, toorkiud 2,5%, toortuhk 6,5%, niiskus 10%, kaltsium 1,5%, fosfor 1,1%.<\/p>\n<p> <strong>Toitainelised lisandid<\/strong><br \/> A-vitamiin 20 000 R\u00dc, D3-vitamiin 1 900 R\u00dc, E-vitamiin 500 mg, B1-vitamiin 4,5 mg, B2-vitamiin 6,0 mg, B6-vitamiin 5,0 mg, B12-vitamiin 0,05 mg, niatsiin 26 mg, kaltsium pantotenaat 13 mg, biotiin 0,78 mg, foolhape 0,65 mg, koliinkloriid 780 mg, orgaaniline tsink 107 mg, orgaaniline vask 18 mg, jood 0,84 mg, orgaaniline seleen 0,2 mg.<\/p>\n<p> <strong>Metaboliseeruv energia<\/strong><br \/> 3890 kcal\/kg<\/p>\n<p> <strong>Soovituslik p\u00e4evane kogus<\/strong> <\/p>\n<table>\n<tbody>\n<tr class=\"subhead\">\n<td>Koera kaal (kg)<\/td>\n<td>2 kg<\/td>\n<td>4 kg<\/td>\n<td>6 kg<\/td>\n<td>8 kg<\/td>\n<td>10 kg<\/td>\n<td style=\"width: 113px;\">\u00fcle 10 kg<\/td>\n<\/tr>\n<tr>\n<td>P\u00e4evane kogus (g)<\/td>\n<td>45 g<\/td>\n<td>80&nbsp;g<\/td>\n<td>95 g<\/td>\n<td>110&nbsp;g<\/td>\n<td>120&nbsp;g<\/td>\n<td style=\"width: 113px;\">Adult Medium<\/td>\n<\/tr>\n<\/tbody>\n<\/table>\n","protected":false},"excerpt":{"rendered":"<p>Sam&#8217;s Field t\u00e4istoit v\u00e4ikest t\u00f5ugu t\u00e4iskasvanud koertele kanalihaga.<\/p>\n","protected":false},"featured_media":6739,"template":"","meta":[],"product_cat":[688,64],"product_tag":[],"class_list":{"0":"post-17172","1":"product","2":"type-product","3":"status-publish","4":"has-post-thumbnail","6":"product_cat-koerad","7":"product_cat-koeratoit","8":"pa_brand-sams-field","9":"pa_ean-373","10":"pa_kaal-2-500","11":"pa_tootjariik-tsehhi","13":"first","14":"instock","15":"taxable","16":"shipping-taxable","17":"purchasable","18":"product-type-simple"},"_links":{"self":[{"href":"https:\/\/kasskoer.ee\/en\/wp-json\/wp\/v2\/product\/17172","targetHints":{"allow":["GET"]}}],"collection":[{"href":"https:\/\/kasskoer.ee\/en\/wp-json\/wp\/v2\/product"}],"about":[{"href":"https:\/\/kasskoer.ee\/en\/wp-json\/wp\/v2\/types\/product"}],"wp:featuredmedia":[{"embeddable":true,"href":"https:\/\/kasskoer.ee\/en\/wp-json\/wp\/v2\/media\/6739"}],"wp:attachment":[{"href":"https:\/\/kasskoer.ee\/en\/wp-json\/wp\/v2\/media?parent=17172"}],"wp:term":[{"taxonomy":"product_cat","embeddable":true,"href":"https:\/\/kasskoer.ee\/en\/wp-json\/wp\/v2\/product_cat?post=17172"},{"taxonomy":"product_tag","embeddable":true,"href":"https:\/\/kasskoer.ee\/en\/wp-json\/wp\/v2\/product_tag?post=17172"}],"curies":[{"name":"wp","href":"https:\/\/api.w.org\/{rel}","templated":true}]}}