{"id":17174,"date":"2026-04-20T03:15:49","date_gmt":"2026-04-20T00:15:49","guid":{"rendered":"https:\/\/kasskoer.ee\/product\/sams-field-adult-salmon-koeratoit-13-kg-2\/"},"modified":"2026-04-20T03:15:51","modified_gmt":"2026-04-20T00:15:51","slug":"sams-field-adult-salmon-koeratoit-13-kg","status":"publish","type":"product","link":"https:\/\/kasskoer.ee\/en\/toode\/sams-field-adult-salmon-koeratoit-13-kg\/","title":{"rendered":"Sam&#8217;s Field Adult Salmon koeratoit 13 kg"},"content":{"rendered":"<p><strong>Sam\u00b4s Field Adult Salmon &amp; Potato superpremium h\u00fcpoallergeenne t\u00e4istoit t\u00e4iskasvanud koertele l\u00f5hega.<\/strong> <\/p>\n<ul>\n<li>Tasakaalustatud oomega-3 ja oomega-6 rasvhapped karvkatte ja naha tervise toetamiseks.<\/li>\n<li>Prebiootikumid (mannaani-oligo ja frukto-oligosahhariidid) soolestiku tervise jaoks.<\/li>\n<li>Looduslikud vitamiinide ja antioks\u00fcdantide allikad immuunsuse parandamiseks.<\/li>\n<li>L\u00f5hevalgud toidutalumatuse ennetamiseks.<\/li>\n<\/ul>\n<p> <strong>Koostis<\/strong><br \/> L\u00f5he, kartul, mais, linnurasv (s\u00e4ilitatud segatokoferoolidega, E-vitamiini allikas), l\u00f5he\u00f5li, looduslikud l\u00f5hna- ja maitseained, kuivatatud \u00f5unad, \u00f5llep\u00e4rm, tomatid, Yucca schidigera ekstrakt, porgand, mineraalid, DL-metioniin, L -l\u00fcsiin, mannan-oligosahhariidid, frukto-oligosahhariidid, probiootikumid.<\/p>\n<p> <strong>Anal\u00fc\u00fctiline koostis<\/strong><br \/> Toorvalk 25 % , toorrasv 14 %, toorkiud 2%, toortuhk 5,5%, niiskus 10%, kaltsium 1,1%, fosfor 0,9%.<\/p>\n<p> <strong>Toitainelised lisandid<\/strong><br \/> A-vitamiin 20 000 R\u00dc, D3-vitamiin 1 900 R\u00dc, E-vitamiin 500 mg, B1-vitamiin 4,5 mg, B2-vitamiin 6,0 mg, B6-vitamiin 5,0 mg, B12-vitamiin 0,05 mg, niatsiin 26 mg, kaltsium pantotenaat 13 mg, biotiin 0,78 mg, foolhape 0,65 mg, koliinkloriid 780 mg, orgaaniline tsink 107 mg, orgaaniline vask 18 mg, jood 0,84 mg, orgaaniline seleen 0,2 mg.<\/p>\n<p> <strong>Metaboliseeruv energia<\/strong><br \/> 3810 kcal\/kg<\/p>\n<p> <strong>Soovituslik p\u00e4evane kogus<\/strong> <\/p>\n<table style=\"width: 685px;\">\n<tbody>\n<tr class=\"subhead\">\n<td style=\"width: 124px;\">Koera kaal (kg)<\/td>\n<td style=\"width: 36px;\">5 kg<\/td>\n<td style=\"width: 39px;\">10 kg<\/td>\n<td style=\"width: 43px;\">15 kg<\/td>\n<td style=\"width: 37px;\">20 kg<\/td>\n<td style=\"width: 40px;\">25 kg<\/td>\n<td style=\"width: 46px;\">30 kg<\/td>\n<td style=\"width: 45px;\">40 kg<\/td>\n<td style=\"width: 39px;\">50kg<\/td>\n<td style=\"width: 38px;\">60kg<\/td>\n<td style=\"width: 37px;\">70 kg<\/td>\n<td style=\"width: 43px;\">80 kg<\/td>\n<td style=\"width: 44px;\">90 kg<\/td>\n<\/tr>\n<tr>\n<td style=\"width: 124px;\">P\u00e4evane kogus (g)<\/td>\n<td style=\"width: 36px;\">70 g<\/td>\n<td style=\"width: 39px;\">120 g<\/td>\n<td style=\"width: 43px;\">160 g<\/td>\n<td style=\"width: 37px;\">200 g<\/td>\n<td style=\"width: 40px;\">240 g<\/td>\n<td style=\"width: 46px;\">270 g<\/td>\n<td style=\"width: 45px;\">340 g<\/td>\n<td style=\"width: 39px;\">400 g<\/td>\n<td style=\"width: 38px;\">460 g<\/td>\n<td style=\"width: 37px;\">515 g<\/td>\n<td style=\"width: 43px;\">570 g<\/td>\n<td style=\"width: 44px;\">620 g<\/td>\n<\/tr>\n<\/tbody>\n<\/table>\n","protected":false},"excerpt":{"rendered":"<p>Sam&#8217;s Field h\u00fcpoallergeenne t\u00e4iss\u00f6\u00f6t t\u00e4iskasvanud koertele l\u00f5he ja kartuliga.<\/p>\n","protected":false},"featured_media":6741,"template":"","meta":[],"product_cat":[688,64],"product_tag":[],"class_list":{"0":"post-17174","1":"product","2":"type-product","3":"status-publish","4":"has-post-thumbnail","6":"product_cat-koerad","7":"product_cat-koeratoit","8":"pa_brand-sams-field","9":"pa_ean-382","10":"pa_kaal-13-000","11":"pa_tootjariik-tsehhi","13":"first","14":"instock","15":"taxable","16":"shipping-taxable","17":"purchasable","18":"product-type-simple"},"_links":{"self":[{"href":"https:\/\/kasskoer.ee\/en\/wp-json\/wp\/v2\/product\/17174","targetHints":{"allow":["GET"]}}],"collection":[{"href":"https:\/\/kasskoer.ee\/en\/wp-json\/wp\/v2\/product"}],"about":[{"href":"https:\/\/kasskoer.ee\/en\/wp-json\/wp\/v2\/types\/product"}],"wp:featuredmedia":[{"embeddable":true,"href":"https:\/\/kasskoer.ee\/en\/wp-json\/wp\/v2\/media\/6741"}],"wp:attachment":[{"href":"https:\/\/kasskoer.ee\/en\/wp-json\/wp\/v2\/media?parent=17174"}],"wp:term":[{"taxonomy":"product_cat","embeddable":true,"href":"https:\/\/kasskoer.ee\/en\/wp-json\/wp\/v2\/product_cat?post=17174"},{"taxonomy":"product_tag","embeddable":true,"href":"https:\/\/kasskoer.ee\/en\/wp-json\/wp\/v2\/product_tag?post=17174"}],"curies":[{"name":"wp","href":"https:\/\/api.w.org\/{rel}","templated":true}]}}