{"id":17179,"date":"2026-04-20T03:15:49","date_gmt":"2026-04-20T00:15:49","guid":{"rendered":"https:\/\/kasskoer.ee\/product\/sams-field-adult-large-chicken-koeratoit-13-kg-2\/"},"modified":"2026-04-20T03:15:51","modified_gmt":"2026-04-20T00:15:51","slug":"sams-field-adult-large-chicken-koeratoit-13-kg","status":"publish","type":"product","link":"https:\/\/kasskoer.ee\/en\/toode\/sams-field-adult-large-chicken-koeratoit-13-kg\/","title":{"rendered":"Sam&#8217;s Field Adult Large Chicken koeratoit 13 kg"},"content":{"rendered":"<p><strong>Sam\u00b4s Field Adult Large Chicken &amp; Potato superpremium t\u00e4istoit suurt t\u00f5ugu t\u00e4iskasvanud koertele v\u00e4rske kanalihaga.<\/strong> <\/p>\n<ul>\n<li>Sisaldab 60% kana, puu- ja k\u00f6\u00f6givilju.<\/li>\n<li>Gl\u00fckoosamiin ja&nbsp;kondroitiin liigeste ning&nbsp;k\u00f5hrede vastupidamise tugevdamiseks.<\/li>\n<li>Prebiootikumid (mannaani-oligo ja frukto-oligosahhariidid) soolestiku tervise jaoks.<\/li>\n<li>Looduslikud vitamiinide ja antioks\u00fcdantide allikad immuunsuse parandamiseks.<\/li>\n<li>V\u00e4rske kana&nbsp;suurep\u00e4raseks seeduvuseks.<\/li>\n<\/ul>\n<p> <strong>Koostis<\/strong><br \/> Kana, kanamaks, kartul, mais, linnurasv (s\u00e4ilitatud tokoferoolide seguga, E-vitamiini allikas), l\u00f5he\u00f5li, looduslikud l\u00f5hna- ja maitseained, kuivatatud \u00f5unad, \u00f5llep\u00e4rm, tomatid, Yucca schidigera ekstrakt, porgand, mineraalid, gl\u00fckoosamiin, kondroitiin, DL-metioniin, L-l\u00fcsiin, mannan-oligosahhariidid, frukto-oligosahhariidid, probiootikumid.<\/p>\n<p> <strong>Anal\u00fc\u00fctiline koostis<\/strong><br \/> Toorvalk 25 % , toorrasv 13 %, toorkiud 2,7%, toortuhk 6,5%, niiskus 10%, kaltsium 1,4%, fosfor 1%.<\/p>\n<p> <strong>Toitainelised lisandid<\/strong><br \/> A-vitamiin 20 000 R\u00dc, D3-vitamiin 1 900 R\u00dc, E-vitamiin 500 mg, B1-vitamiin 4,5 mg, B2-vitamiin 6,0 mg, B6-vitamiin 5,0 mg, B12-vitamiin 0,05 mg, niatsiin 26 mg, kaltsium pantotenaat 13 mg, biotiin 0,78 mg, foolhape 0,65 mg, koliinkloriid 780 mg, orgaaniline tsink 107 mg, orgaaniline vask 18 mg, jood 0,84 mg, orgaaniline seleen 0,2 mg.<\/p>\n<p> <strong>Metaboliseeruv energia<\/strong><br \/> 3680 kcal\/kg<\/p>\n<p> <strong>Soovituslik p\u00e4evane kogus<\/strong> <\/p>\n<table style=\"width: 428px;\">\n<tbody>\n<tr class=\"subhead\">\n<td style=\"width: 124px;\">Koera kaal (kg)<\/td>\n<td style=\"width: 38px;\">30 kg<\/td>\n<td style=\"width: 34px;\">40 kg<\/td>\n<td style=\"width: 34px;\">50 kg<\/td>\n<td style=\"width: 34px;\">60 kg<\/td>\n<td style=\"width: 34px;\">70 kg<\/td>\n<td style=\"width: 35px;\">80 kg<\/td>\n<td style=\"width: 50px;\">90 kg<\/td>\n<\/tr>\n<tr>\n<td style=\"width: 124px;\">P\u00e4evane kogus (g)<\/td>\n<td style=\"width: 38px;\">277 g<\/td>\n<td style=\"width: 34px;\">355 g<\/td>\n<td style=\"width: 34px;\">415 g<\/td>\n<td style=\"width: 34px;\">550&nbsp;g<\/td>\n<td style=\"width: 34px;\">475 g<\/td>\n<td style=\"width: 35px;\">590 g<\/td>\n<td style=\"width: 50px;\">645 g<\/td>\n<\/tr>\n<\/tbody>\n<\/table>\n","protected":false},"excerpt":{"rendered":"<p>Sam&#8217;s Field t\u00e4iss\u00f6\u00f6t suurt t\u00f5ugu t\u00e4iskasvanud koertele kanalihaga.<\/p>\n","protected":false},"featured_media":6746,"template":"","meta":[],"product_cat":[688,64],"product_tag":[],"class_list":{"0":"post-17179","1":"product","2":"type-product","3":"status-publish","4":"has-post-thumbnail","6":"product_cat-koerad","7":"product_cat-koeratoit","8":"pa_brand-sams-field","9":"pa_ean-378","10":"pa_kaal-13-000","11":"pa_tootjariik-tsehhi","13":"first","14":"instock","15":"taxable","16":"shipping-taxable","17":"purchasable","18":"product-type-simple"},"_links":{"self":[{"href":"https:\/\/kasskoer.ee\/en\/wp-json\/wp\/v2\/product\/17179","targetHints":{"allow":["GET"]}}],"collection":[{"href":"https:\/\/kasskoer.ee\/en\/wp-json\/wp\/v2\/product"}],"about":[{"href":"https:\/\/kasskoer.ee\/en\/wp-json\/wp\/v2\/types\/product"}],"wp:featuredmedia":[{"embeddable":true,"href":"https:\/\/kasskoer.ee\/en\/wp-json\/wp\/v2\/media\/6746"}],"wp:attachment":[{"href":"https:\/\/kasskoer.ee\/en\/wp-json\/wp\/v2\/media?parent=17179"}],"wp:term":[{"taxonomy":"product_cat","embeddable":true,"href":"https:\/\/kasskoer.ee\/en\/wp-json\/wp\/v2\/product_cat?post=17179"},{"taxonomy":"product_tag","embeddable":true,"href":"https:\/\/kasskoer.ee\/en\/wp-json\/wp\/v2\/product_tag?post=17179"}],"curies":[{"name":"wp","href":"https:\/\/api.w.org\/{rel}","templated":true}]}}