{"id":17181,"date":"2026-04-20T03:15:49","date_gmt":"2026-04-20T00:15:49","guid":{"rendered":"https:\/\/kasskoer.ee\/product\/sams-field-puppy-chicken-potato-koeratoit-25-kg-2\/"},"modified":"2026-04-20T03:15:51","modified_gmt":"2026-04-20T00:15:51","slug":"sams-field-puppy-chicken-potato-koeratoit-25-kg","status":"publish","type":"product","link":"https:\/\/kasskoer.ee\/en\/toode\/sams-field-puppy-chicken-potato-koeratoit-25-kg\/","title":{"rendered":"Sam&#8217;s Field Puppy Chicken &#038; Potato koeratoit 2,5 kg"},"content":{"rendered":"<p><b>Sam\u00b4s Field Puppy Chicken &#038; Potato superpremium t\u00e4istoit v\u00e4rske kanalihaga igat t\u00f5ugu kutsikatele.<\/b>&#13;<\/p>\n<li>Sisaldab 70% kana, puu- ja k\u00f6\u00f6givilju.<\/li>\n<p>&#13;<\/p>\n<li>M\u00f5\u00f5dukas mineraalide suhe luustiku \u00f5igeks arenguks.<\/li>\n<p>&#13;<\/p>\n<li>Sisaldab rohkelt kanavalkusid ja rasva, et toetada lihaste kasvu.<\/li>\n<p>&#13;<\/p>\n<li>Prebiootikumid (mannaani-oligo ja frukto-oligosahhariidid) soolestiku tervise jaoks.<\/li>\n<p>&#13;<\/p>\n<li>Looduslikud vitamiinide ja antioks\u00fcdantide allikad immuunsuse parandamiseks.<\/li>\n<p>&#13;<\/p>\n<li>V\u00e4rske kana suurep\u00e4raseks seeduvuseks.<\/li>\n<p>&#13;<br \/>\n<br \/>&#13;<br \/>\n<b>Koostis<\/b><br \/>&#13;<br \/>\nKana, kanamaks, kartul, mais, linnurasv (s\u00e4ilitatud tokoferoolide seguga, e-vitamiini allikas), l\u00f5he\u00f5li, looduslikud l\u00f5hna- ja maitseained, kuivatatud \u00f5unad, \u00f5llep\u00e4rm, tomatid, yucca schidigera ekstrakt, porgand, mineraalid, dl-metioniin, l-l\u00fcsiin, mannan-oligosahhariidid, frukto-oligosahhariidid, probiootikumid.<br \/>&#13;<br \/>\n<br \/>&#13;<br \/>\n<b>Anal\u00fc\u00fctiline koostis<\/b><br \/>&#13;<br \/>\nToorvalk 30% , toorrasv 18%, toorkiud 2,5%, toortuhk 6,7%, niiskus 10%, kaltsium 1,5%, fosfor 1,1%.<br \/>&#13;<br \/>\n<br \/>&#13;<br \/>\n<b>Toitainelised lisandid<\/b><br \/>&#13;<br \/>\nA-vitamiin 26 000 R\u00dc, D3-vitamiin 2 000 R\u00dc, E-vitamiin 850 mg, B1-vitamiin 6,8 mg, B2-vitamiin 8,5 mg, B6-vitamiin 6,8 mg, B12-vitamiin 0,06 mg, niatsiin 34 mg, kaltsium pantotenaat 17 mg, biotiin 1,0 mg, foolhape 0,85 mg, koliinkloriid 1 000 mg, orgaaniline tsink 140 mg, orgaaniline vask 20 mg, jood 1,0 mg, orgaaniline seleen 0,25 mg.<br \/>&#13;<br \/>\n<br \/>&#13;<br \/>\n<b>Metaboliseeruv energia<\/b><br \/>&#13;<br \/>\n3940 kcal\/kg<br \/>&#13;<br \/>\n<br \/>&#13;<br \/>\n<b>Soovituslik p\u00e4evane kogus<\/b>&#13;<br \/>\n<br \/>&#13;<\/p>\n<table border=\"1\" cellpadding=\"1\" cellspacing=\"1\" class=\"table table-bordered table-responsive-md table-sm\" style=\"caret-color: rgb(0, 0, 0); color: rgb(0, 0, 0);\">\n<thead>\n<tr>\n<th colspan=\"1\" rowspan=\"2\" scope=\"row\">Vanus<br \/> (kuudes)<\/th>\n<th colspan=\"12\" rowspan=\"1\" scope=\"col\"><span style=\"caret-color: rgb(0, 0, 0); color: rgb(0, 0, 0); font-weight: 700; text-align: center;\">T\u00e4iskasvanud koera kaal (kg)<\/span><\/th>\n<\/tr>\n<tr>\n<th scope=\"col\">5<\/th>\n<th scope=\"col\">10<\/th>\n<th scope=\"col\">15<\/th>\n<th scope=\"col\">20<\/th>\n<th scope=\"col\">25<\/th>\n<th scope=\"col\">30<\/th>\n<th scope=\"col\">40<\/th>\n<th scope=\"col\">50<\/th>\n<th scope=\"col\">60<\/th>\n<th scope=\"col\">70<\/th>\n<th scope=\"col\">80<\/th>\n<th scope=\"col\">90<\/th>\n<\/tr>\n<\/thead>\n<tbody>\n<tr>\n<th scope=\"row\">Kuni 2<\/th>\n<td>50<\/td>\n<td>80<\/td>\n<td>105<\/td>\n<td>125<\/td>\n<td>135<\/td>\n<td>160<\/td>\n<td>175<\/td>\n<td>200<\/td>\n<td>225<\/td>\n<td>250<\/td>\n<td>255<\/td>\n<td>295<\/td>\n<\/tr>\n<tr>\n<th scope=\"row\">2-3<\/th>\n<td>50<\/td>\n<td>80<\/td>\n<td>110<\/td>\n<td>135<\/td>\n<td>140<\/td>\n<td>165<\/td>\n<td>251<\/td>\n<td>289<\/td>\n<td>325<\/td>\n<td>360<\/td>\n<td>365<\/td>\n<td>427<\/td>\n<\/tr>\n<tr>\n<th scope=\"row\">3-4<\/th>\n<td>75<\/td>\n<td>120<\/td>\n<td>150<\/td>\n<td>175<\/td>\n<td>220<\/td>\n<td colspan=\"7\" rowspan=\"4\">Junior Large<\/td>\n<\/tr>\n<tr>\n<th scope=\"row\">4-6<\/th>\n<td>75<\/td>\n<td>125<\/td>\n<td>170<\/td>\n<td>205<\/td>\n<td>245<\/td>\n<\/tr>\n<tr>\n<th scope=\"row\">6-12<\/th>\n<td>100<\/td>\n<td>169<\/td>\n<td>239<\/td>\n<td>297<\/td>\n<td>349<\/td>\n<\/tr>\n<tr>\n<th scope=\"row\">\u00dcle 12<\/th>\n<td>Adult Mini<\/td>\n<td colspan=\"4\" rowspan=\"1\">Adult Medium<\/td>\n<\/tr>\n<\/tbody>\n<\/table>\n","protected":false},"excerpt":{"rendered":"<p>Sam&#8217;s Field t\u00e4iss\u00f6\u00f6t igat t\u00f5ugu kutsikatele kanalihaga.<\/p>\n","protected":false},"featured_media":6748,"template":"","meta":[],"product_cat":[688,64],"product_tag":[],"class_list":{"0":"post-17181","1":"product","2":"type-product","3":"status-publish","4":"has-post-thumbnail","6":"product_cat-koerad","7":"product_cat-koeratoit","8":"pa_brand-sams-field","9":"pa_ean-370","10":"pa_kaal-2-500","11":"pa_tootjariik-tsehhi","13":"first","14":"instock","15":"taxable","16":"shipping-taxable","17":"purchasable","18":"product-type-simple"},"_links":{"self":[{"href":"https:\/\/kasskoer.ee\/en\/wp-json\/wp\/v2\/product\/17181","targetHints":{"allow":["GET"]}}],"collection":[{"href":"https:\/\/kasskoer.ee\/en\/wp-json\/wp\/v2\/product"}],"about":[{"href":"https:\/\/kasskoer.ee\/en\/wp-json\/wp\/v2\/types\/product"}],"wp:featuredmedia":[{"embeddable":true,"href":"https:\/\/kasskoer.ee\/en\/wp-json\/wp\/v2\/media\/6748"}],"wp:attachment":[{"href":"https:\/\/kasskoer.ee\/en\/wp-json\/wp\/v2\/media?parent=17181"}],"wp:term":[{"taxonomy":"product_cat","embeddable":true,"href":"https:\/\/kasskoer.ee\/en\/wp-json\/wp\/v2\/product_cat?post=17181"},{"taxonomy":"product_tag","embeddable":true,"href":"https:\/\/kasskoer.ee\/en\/wp-json\/wp\/v2\/product_tag?post=17181"}],"curies":[{"name":"wp","href":"https:\/\/api.w.org\/{rel}","templated":true}]}}