{"id":17184,"date":"2026-04-20T03:15:49","date_gmt":"2026-04-20T00:15:49","guid":{"rendered":"https:\/\/kasskoer.ee\/product\/sams-field-light-senior-koeratoit-25-kg-2\/"},"modified":"2026-04-20T03:15:52","modified_gmt":"2026-04-20T00:15:52","slug":"sams-field-light-senior-koeratoit-25-kg","status":"publish","type":"product","link":"https:\/\/kasskoer.ee\/en\/toode\/sams-field-light-senior-koeratoit-25-kg\/","title":{"rendered":"Sam&#8217;s Field Light &#038; Senior koeratoit 2,5 kg"},"content":{"rendered":"<p><b>Sam\u00b4s Field Light &#038; Senior superpremium h\u00fcpoallergeenne t\u00e4istoit \u00fclekaalulistele v\u00f5i eakatele koertele lamba ja riisiga.<\/b>&#13;<\/p>\n<li>Madala rasvasisaldusega koostis kehakaalu langetamiseks.<\/li>\n<p>&#13;<\/p>\n<li>K\u00f5rgekvaliteetne valguallikas suurep\u00e4raseks seeduvuseks.<\/li>\n<p>&#13;<\/p>\n<li>Prebiootikumid (mannaani-oligo ja frukto-oligosahhariidid) soolestiku tervise jaoks.<\/li>\n<p>&#13;<\/p>\n<li>Looduslikud vitamiinide ja antioks\u00fcdantide allikad immuunsuse parandamiseks.<\/li>\n<p>&#13;<\/p>\n<li>H\u00fcpoallergeensed lambaliha ja riis toidutalumatuse ennetamiseks.<\/li>\n<p>&#13;<br \/>\n<br \/>&#13;<br \/>\n<b>Koostis<\/b><br \/>&#13;<br \/>\nLammas, riis, kartul, linnurasv (s\u00e4ilitatud segatokoferoolidega, E-vitamiini allikas), l\u00f5he\u00f5li, looduslikud l\u00f5hna- ja maitseained, kuivatatud \u00f5unad, \u00f5llep\u00e4rm, tomatid, Yucca schidigera ekstrakt, porgand, mineraalid, DL-metioniin, L -l\u00fcsiin, mannan-oligosahhariidid, frukto-oligosahhariidid, probiootikumid.<br \/>&#13;<br \/>\n<br \/>&#13;<br \/>\n<b>Anal\u00fc\u00fctiline koostis<\/b><br \/>&#13;<br \/>\nToorvalk 24% ,toorrasv 9%, toorkiud 3,5%, toortuhk 6,7%, niiskus 10%, kaltsium 1,5%, fosfor 1,1%.<br \/>&#13;<br \/>\n<br \/>&#13;<br \/>\n<b>Toitainelised lisandid<\/b><br \/>&#13;<br \/>\nA-vitamiin 20 000 R\u00dc, D3-vitamiin 1 900 R\u00dc, E-vitamiin 500 mg, B1-vitamiin 4,5 mg, B2-vitamiin 6,0 mg, B6-vitamiin 5,0 mg, B12-vitamiin 0,05 mg, niatsiin 26 mg, kaltsium pantotenaat 13 mg, biotiin 0,78 mg, foolhape 0,65 mg, koliinkloriid 780 mg, orgaaniline tsink 107 mg, orgaaniline vask 18 mg, jood 0,84 mg, orgaaniline seleen 0,2 mg.<br \/>&#13;<br \/>\n<br \/>&#13;<br \/>\n<b>Metaboliseeruv energia<\/b><br \/>&#13;<br \/>\n3440 kcal\/kg<br \/>&#13;<br \/>\n<br \/> &#13;<br \/>\n<b>Soovituslik p\u00e4evane kogus<\/b>&#13;<\/p>\n<table style=\"width: 685px;\">\n<tbody>\n<tr class=\"subhead\">\n<td style=\"width: 124px;\">Koera kaal (kg)<\/td>\n<td style=\"width: 36px;\">5 kg<\/td>\n<td style=\"width: 39px;\">10 kg<\/td>\n<td style=\"width: 43px;\">15 kg<\/td>\n<td style=\"width: 37px;\">20 kg<\/td>\n<td style=\"width: 40px;\">25 kg<\/td>\n<td style=\"width: 46px;\">30 kg<\/td>\n<td style=\"width: 45px;\">40 kg<\/td>\n<td style=\"width: 39px;\">50kg<\/td>\n<td style=\"width: 38px;\">60kg<\/td>\n<td style=\"width: 37px;\">70 kg<\/td>\n<td style=\"width: 43px;\">80 kg<\/td>\n<td style=\"width: 44px;\">90 kg<\/td>\n<\/tr>\n<tr>\n<td style=\"width: 124px;\">P\u00e4evane kogus kaalu langetades (g)<\/td>\n<td style=\"width: 36px;\">70 g<\/td>\n<td style=\"width: 39px;\">115 g<\/td>\n<td style=\"width: 43px;\">155 g<\/td>\n<td style=\"width: 37px;\">190 g<\/td>\n<td style=\"width: 40px;\">225 g<\/td>\n<td style=\"width: 46px;\">260 g<\/td>\n<td style=\"width: 45px;\">325 g<\/td>\n<td style=\"width: 39px;\">380 g<\/td>\n<td style=\"width: 38px;\">435 g<\/td>\n<td style=\"width: 37px;\">490 g<\/td>\n<td style=\"width: 43px;\">540 g<\/td>\n<td style=\"width: 44px;\">590 g<\/td>\n<\/tr>\n<tr>\n<td style=\"width: 124px;\">P\u00e4evane kogus kaalu hoides (g)<\/td>\n<td style=\"width: 36px;\">80 g<\/td>\n<td style=\"width: 39px;\">130 g<\/td>\n<td style=\"width: 43px;\">180 g<\/td>\n<td style=\"width: 37px;\">225 g<\/td>\n<td style=\"width: 40px;\">260 g<\/td>\n<td style=\"width: 46px;\">300 g<\/td>\n<td style=\"width: 45px;\">375 g<\/td>\n<td style=\"width: 39px;\">440 g<\/td>\n<td style=\"width: 38px;\">505 g<\/td>\n<td style=\"width: 37px;\">565 g<\/td>\n<td style=\"width: 43px;\">625 g<\/td>\n<td style=\"width: 44px;\">685 g<\/td>\n<\/tr>\n<\/tbody>\n<\/table>\n","protected":false},"excerpt":{"rendered":"<p>Sam&#8217;s Field h\u00fcpoallergeenne t\u00e4iss\u00f6\u00f6t \u00fclekaalulistele v\u00f5i eakatele koertele lamba ja riisiga.<\/p>\n","protected":false},"featured_media":6751,"template":"","meta":[],"product_cat":[688,64],"product_tag":[],"class_list":{"0":"post-17184","1":"product","2":"type-product","3":"status-publish","4":"has-post-thumbnail","6":"product_cat-koerad","7":"product_cat-koeratoit","8":"pa_brand-sams-field","9":"pa_ean-388","10":"pa_kaal-2-500","11":"pa_tootjariik-tsehhi","13":"first","14":"instock","15":"taxable","16":"shipping-taxable","17":"purchasable","18":"product-type-simple"},"_links":{"self":[{"href":"https:\/\/kasskoer.ee\/en\/wp-json\/wp\/v2\/product\/17184","targetHints":{"allow":["GET"]}}],"collection":[{"href":"https:\/\/kasskoer.ee\/en\/wp-json\/wp\/v2\/product"}],"about":[{"href":"https:\/\/kasskoer.ee\/en\/wp-json\/wp\/v2\/types\/product"}],"wp:featuredmedia":[{"embeddable":true,"href":"https:\/\/kasskoer.ee\/en\/wp-json\/wp\/v2\/media\/6751"}],"wp:attachment":[{"href":"https:\/\/kasskoer.ee\/en\/wp-json\/wp\/v2\/media?parent=17184"}],"wp:term":[{"taxonomy":"product_cat","embeddable":true,"href":"https:\/\/kasskoer.ee\/en\/wp-json\/wp\/v2\/product_cat?post=17184"},{"taxonomy":"product_tag","embeddable":true,"href":"https:\/\/kasskoer.ee\/en\/wp-json\/wp\/v2\/product_tag?post=17184"}],"curies":[{"name":"wp","href":"https:\/\/api.w.org\/{rel}","templated":true}]}}