{"id":17212,"date":"2026-04-20T03:05:32","date_gmt":"2026-04-20T00:05:32","guid":{"rendered":"https:\/\/kasskoer.ee\/product\/brit-care-mono-protein-christmas-konserv-koertele-400g\/"},"modified":"2026-04-20T03:05:34","modified_gmt":"2026-04-20T00:05:34","slug":"brit-care-christmas-mono-protein-carp-konserv-koertele-400g","status":"publish","type":"product","link":"https:\/\/kasskoer.ee\/en\/toode\/brit-care-christmas-mono-protein-carp-konserv-koertele-400g\/","title":{"rendered":"Brit Care Christmas Mono Protein Carp konserv koertele 400g"},"content":{"rendered":"<li>Sobib tundliku seedimisega, allergia ja toidutalumatuse all kannatavatele koertele.<\/li>\n<p>&#13;<\/p>\n<li>Suur kvaliteetse liha sisaldus ja selle s\u00e4\u00e4stev t\u00f6\u00f6tlemine tagavad suurep\u00e4rase maitse ja l\u00f5hna.<\/li>\n<p>&#13;<\/p>\n<li>Ideaalne t\u00e4ienduseks graanulite juurde. Aitab muuta toitu isu\u00e4ratavamaks ja varustada vedelikuga.<\/li>\n<p>&#13;<\/p>\n<li>Pehme pasteet seedub paremini ja seda on vanematel koertel kergem s\u00fc\u00fca.<\/li>\n<p>&#13;<\/p>\n<li>Ei sisalda gluteeni, soja ega GMO-sid.<\/li>\n<p>&#13;<br \/>\n<br \/>&#13;<br \/>\n<b>Koostis<\/b><br \/>&#13;<br \/>\nKarpkala 70%, kartul 4%, porgand 4%, hernes 4%, hernejahu 2.7%, lignotselluloos 0.7%.<br \/>&#13;<br \/>\n<br \/>&#13;<br \/>\n<b>Anal\u00fc\u00fctilised koostisosad<\/b><br \/>&#13;<br \/>\nToorvalk 8.5%, toorrasv 3.5%, toortuhk 2%, niiskus 78%, toorkiud 0.7%, kaltsium 0.3%, fosfor 0.2%, naatrium 0.3%.<br \/>&#13;<br \/>\n<br \/>&#13;<br \/>\n<b>S\u00f6\u00f6dalisandid<\/b><br \/>&#13;<br \/>\nToitainelised lisandid: A-vitamiin (3a672a) 1 000 IU, D3-vitamiin (3a671) 220 IU, E-vitamiin (3a700) 120 mg, B1-vitamiin (3a821) 1 mg, biotiin (3a880) 0.4 mg, tsink (3b606) 10 mg, raud (3b106) 8 mg, mangaan (3b504) 2.4 mg, kaaliumjodiid (3b201) 0.6 mg, vask (3b406) 3.2 mg. Tehnoloogilised lisandid 1kg kohta: jaanileivapuujahu (E410) 5 000 mg.<br \/>&#13;<br \/>\n<br \/>&#13;<br \/>\n<b>Metaboliseeruv energia<\/b><br \/>&#13;<br \/>\n900 kcal\/kg<br \/>&#13;<br \/>\n<br \/>&#13;<br \/>\n<b>Toitmisjuhend<\/b><\/p>\n<figure class=\"table\">\n<table>\n<tbody>\n<tr>\n<th rowspan=\"1\">T\u00e4iskasvanud koera kehakaal<\/th>\n<th>V\u00e4ike (1\u201310 kg)<\/th>\n<th>Keskmine (10-30kg)<\/th>\n<th>Suur (30 &#8211; 60kg)<\/th>\n<\/tr>\n<tr>\n<th rowspan=\"1\">P\u00e4evane annus<\/th>\n<th>120-690g<\/th>\n<th>690g-1565g<\/th>\n<th>1565-2630g<\/th>\n<\/tr>\n<\/tbody>\n<\/table>\n<\/figure>\n","protected":false},"excerpt":{"rendered":"<p>100% puhas karpkala valk. Monoprotein = konserv, mis sisaldab liha ja elundeid ainult \u00fchesest loomsest allikast. T\u00e4iss\u00f6\u00f6t koertele.<\/p>\n","protected":false},"featured_media":17213,"template":"","meta":[],"product_cat":[688,106],"product_tag":[],"class_list":{"0":"post-17212","1":"product","2":"type-product","3":"status-publish","4":"has-post-thumbnail","6":"product_cat-koerad","7":"product_cat-konservid-koertele","8":"pa_brand-brit-care","9":"pa_ean-2845","10":"pa_kaal-0-400","11":"pa_tootjariik-tsehhi","13":"first","14":"outofstock","15":"taxable","16":"shipping-taxable","17":"purchasable","18":"product-type-simple"},"_links":{"self":[{"href":"https:\/\/kasskoer.ee\/en\/wp-json\/wp\/v2\/product\/17212","targetHints":{"allow":["GET"]}}],"collection":[{"href":"https:\/\/kasskoer.ee\/en\/wp-json\/wp\/v2\/product"}],"about":[{"href":"https:\/\/kasskoer.ee\/en\/wp-json\/wp\/v2\/types\/product"}],"wp:featuredmedia":[{"embeddable":true,"href":"https:\/\/kasskoer.ee\/en\/wp-json\/wp\/v2\/media\/17213"}],"wp:attachment":[{"href":"https:\/\/kasskoer.ee\/en\/wp-json\/wp\/v2\/media?parent=17212"}],"wp:term":[{"taxonomy":"product_cat","embeddable":true,"href":"https:\/\/kasskoer.ee\/en\/wp-json\/wp\/v2\/product_cat?post=17212"},{"taxonomy":"product_tag","embeddable":true,"href":"https:\/\/kasskoer.ee\/en\/wp-json\/wp\/v2\/product_tag?post=17212"}],"curies":[{"name":"wp","href":"https:\/\/api.w.org\/{rel}","templated":true}]}}