{"id":17214,"date":"2026-04-20T03:05:35","date_gmt":"2026-04-20T00:05:35","guid":{"rendered":"https:\/\/kasskoer.ee\/product\/profine-adult-large-chicken-potatoes-koeratoit-12-kg\/"},"modified":"2026-04-20T03:05:36","modified_gmt":"2026-04-20T00:05:36","slug":"profine-adult-large-chicken-potatoes-koeratoit-12-kg","status":"publish","type":"product","link":"https:\/\/kasskoer.ee\/en\/toode\/profine-adult-large-chicken-potatoes-koeratoit-12-kg\/","title":{"rendered":"Profine Adult Large Chicken &#038; Potatoes koeratoit 12 kg"},"content":{"rendered":"<p><b>Profine Adult Large Chicken superpremium koeratoit suurt t\u00f5ugu t\u00e4iskasvanud koertele kana ja kartuliga.<\/b>&#13;<\/p>\n<li>Liigeste ja liikuvuse tugi &#8211; kondroprotektiivid ja mineraalid liigeste ja luustiku suurep\u00e4raseks seisundiks.<\/li>\n<p>&#13;<\/p>\n<li>Sisaldab rohkelt kana &#8211; k\u00f5rge kana sisaldus tagab suurep\u00e4rase seeduvuse.<\/li>\n<p>&#13;<\/p>\n<li>Merevetikas ja prebiootikumid &#8211; tasakaalustavad positiivset mikrofloorat soolestikus ja aitavad t\u00f5sta immuunsust.<\/li>\n<p>&#13;<\/p>\n<li>\u00dcrdisegu &#8211; apteegitill, basiilik, salvei ja t\u00e4\u00e4kliilia toetavad tervislikku seedimist ja parandavad ainevahetusprotsesse.<\/li>\n<p>&#13;<br \/>\n<br \/>&#13;<br \/>\n<b>Koostis<\/b><br \/>&#13;<br \/>\nKana 40% (kuivatatud kana 22%, kanavalk 18%), kartul (22%), mais, kuivatatud \u00f5unad, kanarasv (s\u00e4ilitatud segatud tokoferoolidega, E-vitamiini allikas) (6%), \u00f5llep\u00e4rm, h\u00fcdrol\u00fc\u00fcsitud kanamaks (2%), krevetijahu (1,5%), l\u00f5he\u00f5li (1%), kuivatatud merevetikad (0,5%), gl\u00fckoosamiin (0,02%), sigurijuur (mannan-oligosahhariidide allikas 0,018%), kuivatatud taimesegu (apteegitill, basiilik, salvei 0,018%), frukto-oligosahhariidid (0,012%), kondroitiinsulfaat (0,012%), t\u00e4\u00e4kliilia (0,01%).<br \/>&#13;<br \/>\n<br \/>&#13;<br \/>\n<b>Anal\u00fc\u00fctiline koostis<\/b><br \/>&#13;<br \/>\nToorvalk 25%, toorrasv 14%, toorkiud 2,8%, niiskus 10%, toortuhk 6,4%, kaltsium 1,5%, fosfor 1,0%, oomega-3 0,24%, oomega-6 1,65%.<\/p>\n<p>&#13;<br \/>\n<b>Toitainelised lisandid<\/b><br \/>&#13;<br \/>\nA-vitamiin (3a672a) 18 000 IU, D3-vitamiin (3a671) 1 600 IU, E-vitamiin (3a700) 500 mg, koliinkloriid (3a890) 700 mg, biotiin (3a880) 0,7 mg, niatsiinamiid (3a314) 15 mg, kaltsium-D-pantotenaat (3a841) 12 mg, B12-vitamiin (3a835) 0,05 mg, B2-vitamiin (3a825i) 4 mg, B1-vitamiin (3a820) 1,0 mg, B6-vitamiin (3a831) 1,5 mg, foolhape (3a316) 0,6 mg, raud (3b107) 90 mg, tsink (3b312) 100 mg, vask (3b407) 18 mg, kaaliumjodiid (3b201) 0,7 mg, mangaan (3b505) 45 mg, seleen (3b810) 0,2 mg, L-metioniin (3c305) 15 mg, L-l\u00fcsiin (3c322) 3 mg.<br \/>&#13;<br \/>\n<br \/>&#13;<br \/>\n<b>Metaboliseeruv energia<\/b><br \/>&#13;<br \/>\n3700 kcal\/kg<br \/>&#13;<br \/>\n<br \/>&#13;<br \/>\n<b>Soovituslik p\u00e4evane kogus<\/b> <\/p>\n<table>\n<tbody>\n<tr class=\"subhead\">\n<td>Koera kaal (kg)<\/td>\n<td>30 kg<\/td>\n<td>40 kg<\/td>\n<td>50 kg<\/td>\n<td>60 kg<\/td>\n<td>70 kg<\/td>\n<td>80 kg<\/td>\n<td>90 kg<\/td>\n<\/tr>\n<tr>\n<td>P\u00e4evane kogus (g)<\/td>\n<td>380 g<\/td>\n<td>470 g<\/td>\n<td>560 g<\/td>\n<td>640 g<\/td>\n<td>720 g<\/td>\n<td>800 g<\/td>\n<td>870 g<\/td>\n<\/tr>\n<\/tbody>\n<\/table>\n","protected":false},"excerpt":{"rendered":"<p>Profine t\u00e4iss\u00f6\u00f6t suurt t\u00f5ugu t\u00e4iskasvanud koertele kana ja kartuliga.<\/p>\n","protected":false},"featured_media":17215,"template":"","meta":[],"product_cat":[688,64],"product_tag":[],"class_list":{"0":"post-17214","1":"product","2":"type-product","3":"status-publish","4":"has-post-thumbnail","6":"product_cat-koerad","7":"product_cat-koeratoit","8":"pa_brand-profine","9":"pa_ean-2846","10":"pa_kaal-12-000","11":"pa_tootjariik-tsehhi","13":"first","14":"instock","15":"taxable","16":"shipping-taxable","17":"purchasable","18":"product-type-simple"},"_links":{"self":[{"href":"https:\/\/kasskoer.ee\/en\/wp-json\/wp\/v2\/product\/17214","targetHints":{"allow":["GET"]}}],"collection":[{"href":"https:\/\/kasskoer.ee\/en\/wp-json\/wp\/v2\/product"}],"about":[{"href":"https:\/\/kasskoer.ee\/en\/wp-json\/wp\/v2\/types\/product"}],"wp:featuredmedia":[{"embeddable":true,"href":"https:\/\/kasskoer.ee\/en\/wp-json\/wp\/v2\/media\/17215"}],"wp:attachment":[{"href":"https:\/\/kasskoer.ee\/en\/wp-json\/wp\/v2\/media?parent=17214"}],"wp:term":[{"taxonomy":"product_cat","embeddable":true,"href":"https:\/\/kasskoer.ee\/en\/wp-json\/wp\/v2\/product_cat?post=17214"},{"taxonomy":"product_tag","embeddable":true,"href":"https:\/\/kasskoer.ee\/en\/wp-json\/wp\/v2\/product_tag?post=17214"}],"curies":[{"name":"wp","href":"https:\/\/api.w.org\/{rel}","templated":true}]}}