{"id":17216,"date":"2026-04-20T03:10:13","date_gmt":"2026-04-20T00:10:13","guid":{"rendered":"https:\/\/kasskoer.ee\/product\/barry-king-pehme-piiksuga-piparkoogimees-koerale-165x19cm\/"},"modified":"2026-04-20T03:10:13","modified_gmt":"2026-04-20T00:10:13","slug":"barry-king-pehme-piiksuga-piparkoogimees-koerale-165x19cm","status":"publish","type":"product","link":"https:\/\/kasskoer.ee\/en\/toode\/barry-king-pehme-piiksuga-piparkoogimees-koerale-165x19cm\/","title":{"rendered":"Barry King pehme piiksuga piparkoogimees koerale 16,5x19cm"},"content":{"rendered":"<li>M\u00e4nguasi on pehme ja teeb sellele vajutades piiksuvat heli.<\/li>\n<p>&#13;<\/p>\n<li>M\u00e4nguasi on kerge, nii et ka k\u00f5ige v\u00e4iksemad lemmikloomad saavad sellega l\u00f5busalt hakkama.<\/li>\n<p>&#13;<\/p>\n<li>Pakub aktiivset tegevust ja palju m\u00e4ngur\u00f5\u00f5mu.<\/li>\n","protected":false},"excerpt":{"rendered":"<p>Barry King oran\u017e pehme piiksuga piparkoogimees koerale.<\/p>\n","protected":false},"featured_media":17217,"template":"","meta":[],"product_cat":[1326,688],"product_tag":[],"class_list":{"0":"post-17216","1":"product","2":"type-product","3":"status-publish","4":"has-post-thumbnail","6":"product_cat-koerte-manguasjad","7":"product_cat-koerad","8":"pa_brand-barry-king","9":"pa_ean-2847","10":"pa_kaal-0-050","11":"pa_tootjariik-hiina","13":"first","14":"outofstock","15":"taxable","16":"shipping-taxable","17":"purchasable","18":"product-type-simple"},"_links":{"self":[{"href":"https:\/\/kasskoer.ee\/en\/wp-json\/wp\/v2\/product\/17216","targetHints":{"allow":["GET"]}}],"collection":[{"href":"https:\/\/kasskoer.ee\/en\/wp-json\/wp\/v2\/product"}],"about":[{"href":"https:\/\/kasskoer.ee\/en\/wp-json\/wp\/v2\/types\/product"}],"wp:featuredmedia":[{"embeddable":true,"href":"https:\/\/kasskoer.ee\/en\/wp-json\/wp\/v2\/media\/17217"}],"wp:attachment":[{"href":"https:\/\/kasskoer.ee\/en\/wp-json\/wp\/v2\/media?parent=17216"}],"wp:term":[{"taxonomy":"product_cat","embeddable":true,"href":"https:\/\/kasskoer.ee\/en\/wp-json\/wp\/v2\/product_cat?post=17216"},{"taxonomy":"product_tag","embeddable":true,"href":"https:\/\/kasskoer.ee\/en\/wp-json\/wp\/v2\/product_tag?post=17216"}],"curies":[{"name":"wp","href":"https:\/\/api.w.org\/{rel}","templated":true}]}}