{"id":17218,"date":"2026-04-20T03:10:13","date_gmt":"2026-04-20T00:10:13","guid":{"rendered":"https:\/\/kasskoer.ee\/product\/hau-miau-narimiskont-solmluu-valge-20cm-85g\/"},"modified":"2026-04-20T03:10:13","modified_gmt":"2026-04-20T00:10:13","slug":"hau-miau-narimiskont-solmluu-valge-20cm-85g","status":"publish","type":"product","link":"https:\/\/kasskoer.ee\/en\/toode\/hau-miau-narimiskont-solmluu-valge-20cm-85g\/","title":{"rendered":"Hau &#038; Miau n\u00e4rimiskont s\u00f5lmluu valge 20cm 85g"},"content":{"rendered":"<p><b>Hau &#038; Miau toornahast n\u00e4rimiskont s\u00f5lmluu. T\u00e4iends\u00f6\u00f6t koertele.<\/b>&#13;<\/p>\n<li>Pakub koerale n\u00e4rimisr\u00f5\u00f5mu ja maitseelamust.<\/li>\n<p>&#13;<\/p>\n<li>Aitab hoida hambad tervetena.<\/li>\n<p>&#13;<br \/>\n<br \/>&#13;<br \/>\n<b>Koostis<\/b><br \/>&#13;<br \/>\n100% toornahk.<br \/>&#13;<br \/>\n<br \/>&#13;<br \/>\n<b>Anal\u00fc\u00fctilised koostisosad<\/b><br \/>&#13;<br \/>\nToorvalk (min) 65.0 %, toorrasv (min)  4.0 %, toorkiud (max) 1.0 %, toortuhk (max) 3.0 %, niiskus (max) 16 %.<br \/>&#13;<br \/>\n<br \/>&#13;<br \/>\n<b>S\u00f6\u00f6tmisjuhend<\/b><br \/>&#13;<br \/>\nAnda koerale maiusena. V\u00e4rske vesi peab alati olema saadaval. Hoidke toodet jahedas, kuivas kohas, eemal otsesest p\u00e4ikesevalgusest.<\/p>\n","protected":false},"excerpt":{"rendered":"<p>Hau &#038; Miau valge toornahast n\u00e4rimiskont s\u00f5lmluu.<\/p>\n","protected":false},"featured_media":17219,"template":"","meta":[],"product_cat":[1332,688],"product_tag":[],"class_list":{"0":"post-17218","1":"product","2":"type-product","3":"status-publish","4":"has-post-thumbnail","6":"product_cat-koerte-narimiskondid","7":"product_cat-koerad","8":"pa_brand-haumiau","9":"pa_ean-2848","10":"pa_kaal-0-085","11":"pa_tootjariik-poola","13":"first","14":"instock","15":"taxable","16":"shipping-taxable","17":"purchasable","18":"product-type-simple"},"_links":{"self":[{"href":"https:\/\/kasskoer.ee\/en\/wp-json\/wp\/v2\/product\/17218","targetHints":{"allow":["GET"]}}],"collection":[{"href":"https:\/\/kasskoer.ee\/en\/wp-json\/wp\/v2\/product"}],"about":[{"href":"https:\/\/kasskoer.ee\/en\/wp-json\/wp\/v2\/types\/product"}],"wp:featuredmedia":[{"embeddable":true,"href":"https:\/\/kasskoer.ee\/en\/wp-json\/wp\/v2\/media\/17219"}],"wp:attachment":[{"href":"https:\/\/kasskoer.ee\/en\/wp-json\/wp\/v2\/media?parent=17218"}],"wp:term":[{"taxonomy":"product_cat","embeddable":true,"href":"https:\/\/kasskoer.ee\/en\/wp-json\/wp\/v2\/product_cat?post=17218"},{"taxonomy":"product_tag","embeddable":true,"href":"https:\/\/kasskoer.ee\/en\/wp-json\/wp\/v2\/product_tag?post=17218"}],"curies":[{"name":"wp","href":"https:\/\/api.w.org\/{rel}","templated":true}]}}