{"id":17226,"date":"2026-04-20T03:10:18","date_gmt":"2026-04-20T00:10:18","guid":{"rendered":"https:\/\/kasskoer.ee\/product\/barry-king-joululelu-koerale-laiskloom-25x235cm\/"},"modified":"2026-04-20T03:10:19","modified_gmt":"2026-04-20T00:10:19","slug":"barry-king-joululelu-koerale-laiskloom-25x235cm","status":"publish","type":"product","link":"https:\/\/kasskoer.ee\/en\/toode\/barry-king-joululelu-koerale-laiskloom-25x235cm\/","title":{"rendered":"Barry King j\u00f5ululelu koerale laiskloom 25&#215;23,5cm"},"content":{"rendered":"<li>M\u00e4nguasi on pehme ja teeb piiksuvat heli sellele vajutades.<\/li>\n<p>&#13;<\/p>\n<li>M\u00e4nguasjal on punutud k\u00f6iest detailid ja sobib ka tirmism\u00e4ngudeks.<\/li>\n<p>&#13;<\/p>\n<li>Pakub aktiivset tegevust ja palju m\u00e4ngur\u00f5\u00f5mu.<\/li>\n","protected":false},"excerpt":{"rendered":"<p>Barry King j\u00f5ululelu p\u00e4kapiku m\u00fctsiga laiskloom koerale.<\/p>\n","protected":false},"featured_media":17227,"template":"","meta":[],"product_cat":[1326,688],"product_tag":[],"class_list":{"0":"post-17226","1":"product","2":"type-product","3":"status-publish","4":"has-post-thumbnail","6":"product_cat-koerte-manguasjad","7":"product_cat-koerad","8":"pa_brand-barry-king","9":"pa_ean-2852","10":"pa_kaal-0-100","11":"pa_tootjariik-hiina","13":"first","14":"instock","15":"taxable","16":"shipping-taxable","17":"purchasable","18":"product-type-simple"},"_links":{"self":[{"href":"https:\/\/kasskoer.ee\/en\/wp-json\/wp\/v2\/product\/17226","targetHints":{"allow":["GET"]}}],"collection":[{"href":"https:\/\/kasskoer.ee\/en\/wp-json\/wp\/v2\/product"}],"about":[{"href":"https:\/\/kasskoer.ee\/en\/wp-json\/wp\/v2\/types\/product"}],"wp:featuredmedia":[{"embeddable":true,"href":"https:\/\/kasskoer.ee\/en\/wp-json\/wp\/v2\/media\/17227"}],"wp:attachment":[{"href":"https:\/\/kasskoer.ee\/en\/wp-json\/wp\/v2\/media?parent=17226"}],"wp:term":[{"taxonomy":"product_cat","embeddable":true,"href":"https:\/\/kasskoer.ee\/en\/wp-json\/wp\/v2\/product_cat?post=17226"},{"taxonomy":"product_tag","embeddable":true,"href":"https:\/\/kasskoer.ee\/en\/wp-json\/wp\/v2\/product_tag?post=17226"}],"curies":[{"name":"wp","href":"https:\/\/api.w.org\/{rel}","templated":true}]}}