{"id":17228,"date":"2026-04-20T03:10:18","date_gmt":"2026-04-20T00:10:18","guid":{"rendered":"https:\/\/kasskoer.ee\/product\/barry-king-koielelu-joulupallidega-32x9cm\/"},"modified":"2026-04-20T03:10:20","modified_gmt":"2026-04-20T00:10:20","slug":"barry-king-koielelu-joulupallidega-32x9cm","status":"publish","type":"product","link":"https:\/\/kasskoer.ee\/en\/toode\/barry-king-koielelu-joulupallidega-32x9cm\/","title":{"rendered":"Barry King k\u00f6ielelu j\u00f5ulupallidega 32x9cm"},"content":{"rendered":"<li>Punutud k\u00f6ie k\u00fcljes olevad erksates toonides pehmed pallid teevad neile vajutades piiksuvat heli.<\/li>\n<p>&#13;<\/p>\n<li>T\u00e4nu punutud k\u00f6iele sobib h\u00e4sti tirmism\u00e4ngudeks.<\/li>\n<p>&#13;<\/p>\n<li>Pakub aktiivset tegevust ja palju m\u00e4ngur\u00f5\u00f5mu.<\/li>\n","protected":false},"excerpt":{"rendered":"<p>Barry King j\u00f5ulupallidega k\u00f6ielelu koerale.<\/p>\n","protected":false},"featured_media":17229,"template":"","meta":[],"product_cat":[1326,688],"product_tag":[],"class_list":{"0":"post-17228","1":"product","2":"type-product","3":"status-publish","4":"has-post-thumbnail","6":"product_cat-koerte-manguasjad","7":"product_cat-koerad","8":"pa_brand-barry-king","9":"pa_ean-2853","10":"pa_kaal-0-080","11":"pa_tootjariik-hiina","13":"first","14":"instock","15":"taxable","16":"shipping-taxable","17":"purchasable","18":"product-type-simple"},"_links":{"self":[{"href":"https:\/\/kasskoer.ee\/en\/wp-json\/wp\/v2\/product\/17228","targetHints":{"allow":["GET"]}}],"collection":[{"href":"https:\/\/kasskoer.ee\/en\/wp-json\/wp\/v2\/product"}],"about":[{"href":"https:\/\/kasskoer.ee\/en\/wp-json\/wp\/v2\/types\/product"}],"wp:featuredmedia":[{"embeddable":true,"href":"https:\/\/kasskoer.ee\/en\/wp-json\/wp\/v2\/media\/17229"}],"wp:attachment":[{"href":"https:\/\/kasskoer.ee\/en\/wp-json\/wp\/v2\/media?parent=17228"}],"wp:term":[{"taxonomy":"product_cat","embeddable":true,"href":"https:\/\/kasskoer.ee\/en\/wp-json\/wp\/v2\/product_cat?post=17228"},{"taxonomy":"product_tag","embeddable":true,"href":"https:\/\/kasskoer.ee\/en\/wp-json\/wp\/v2\/product_tag?post=17228"}],"curies":[{"name":"wp","href":"https:\/\/api.w.org\/{rel}","templated":true}]}}